{"id":784351,"date":"2026-03-07T01:59:20","date_gmt":"2026-03-06T22:59:20","guid":{"rendered":"https:\/\/roveyayinevi.com.tr\/index.php\/urun\/siyaset-bilimi-9\/"},"modified":"2026-03-07T01:59:20","modified_gmt":"2026-03-06T22:59:20","slug":"siyaset-bilimi-9","status":"publish","type":"product","link":"https:\/\/roveyayinevi.com.tr\/index.php\/urun\/siyaset-bilimi-9\/","title":{"rendered":"Siyaset Bilimi"},"content":{"rendered":"<p>Kitap, siyaset biliminde anahtar nitelikli d\u00f6rt konuyu i\u00e7eriyor. Bunlar, me\u015fruiyet, siyasi d\u00fczenlerin s\u0131n\u0131fland\u0131r\u0131lmas\u0131, siyasi k\u00fclt\u00fcr ve siyasi geli\u015fmedir. \u0130ncelemelerin her birinde, temel kayg\u0131, siyaset bilimi \u00f6\u011frencilerine kar\u015f\u0131la\u015ft\u0131rma y\u00f6nteminin \u00f6nemini vurgulamakt\u0131r.Siyaset bilimiyle ilgilenenlere bu sayede yeni ve farkl\u0131 ufuklar\u0131n a\u00e7\u0131lmas\u0131 \u00e7al\u0131\u015fman\u0131n umududur.\u00fc  Siyaset ve me\u015fruiyet\u00fc  \u0130deal me\u015fruiyet t\u00fcrleri\u00fc  Geleneksel me\u015fruiyet\u00fc  Siyasi d\u00fczenlerin s\u0131n\u0131fland\u0131r\u0131lmas\u0131\u00fc  Siyasi k\u00fclt\u00fcr\u00fc  Siyaset biliminde k\u00fclt\u00fcr\u00fc  Siyasi geli\u015fme\u00fc  Modernle\u015fme s\u00fcrecinin \u00f6zellikleri\u00fc  Tarihsel sosyolojide modernle\u015fme <\/p>\n","protected":false},"excerpt":{"rendered":"<p>Kitap, siyaset biliminde anahtar nitelikli d\u00f6rt konuyu i\u00e7eriyor. Bunlar, me\u015fruiyet, siyasi d\u00fczenlerin s\u0131n\u0131fland\u0131r\u0131lmas\u0131, siyasi k\u00fclt\u00fcr ve siyasi geli\u015fmedir. \u0130ncelemelerin her birinde, temel kayg\u0131, siyaset bilimi \u00f6\u011frencilerine<span class=\"excerpt-hellip\"> [\u2026]<\/span><\/p>\n","protected":false},"featured_media":0,"template":"","meta":{"_monsterinsights_skip_tracking":false,"_monsterinsights_sitenote_active":false,"_monsterinsights_sitenote_note":"","_monsterinsights_sitenote_category":0},"product_brand":[],"product_cat":[12351,12324],"product_tag":[],"class_list":{"0":"post-784351","1":"product","2":"type-product","3":"status-publish","5":"product_cat-siyaset-sosyolojisi","6":"product_cat-sosyoloji","7":"pa_cilt-ciltsiz","8":"pa_tur-kitap","9":"pa_yayinevi-alfa-yayinlari","10":"pa_yazar-cemil-oktay","12":"first","13":"instock","14":"sale","15":"shipping-taxable","16":"purchasable","17":"product-type-simple"},"_links":{"self":[{"href":"https:\/\/roveyayinevi.com.tr\/index.php\/wp-json\/wp\/v2\/product\/784351","targetHints":{"allow":["GET"]}}],"collection":[{"href":"https:\/\/roveyayinevi.com.tr\/index.php\/wp-json\/wp\/v2\/product"}],"about":[{"href":"https:\/\/roveyayinevi.com.tr\/index.php\/wp-json\/wp\/v2\/types\/product"}],"wp:attachment":[{"href":"https:\/\/roveyayinevi.com.tr\/index.php\/wp-json\/wp\/v2\/media?parent=784351"}],"wp:term":[{"taxonomy":"product_brand","embeddable":true,"href":"https:\/\/roveyayinevi.com.tr\/index.php\/wp-json\/wp\/v2\/product_brand?post=784351"},{"taxonomy":"product_cat","embeddable":true,"href":"https:\/\/roveyayinevi.com.tr\/index.php\/wp-json\/wp\/v2\/product_cat?post=784351"},{"taxonomy":"product_tag","embeddable":true,"href":"https:\/\/roveyayinevi.com.tr\/index.php\/wp-json\/wp\/v2\/product_tag?post=784351"}],"curies":[{"name":"wp","href":"https:\/\/api.w.org\/{rel}","templated":true}]}}