{"id":784350,"date":"2026-03-06T04:02:58","date_gmt":"2026-03-06T01:02:58","guid":{"rendered":"https:\/\/roveyayinevi.com.tr\/index.php\/urun\/yeni-bir-dunya-ozlemi\/"},"modified":"2026-04-15T03:48:35","modified_gmt":"2026-04-15T00:48:35","slug":"yeni-bir-dunya-ozlemi","status":"publish","type":"product","link":"https:\/\/roveyayinevi.com.tr\/index.php\/urun\/yeni-bir-dunya-ozlemi\/","title":{"rendered":"Yeni Bir D\u00fcnya \u00d6zlemi"},"content":{"rendered":"<p>Bengi \u00fclkede s\u0131k\u0131 s\u0131k\u0131ya uyulmas\u0131 gereken kurallar vard\u0131r. Atlas\u2019\u0131n ise bu kurallarla ba\u015f\u0131 ho\u015f de\u011fildir. Omzuna konan bir papa\u011fan\u0131n ya\u015fam\u0131n\u0131n ak\u0131\u015f\u0131n\u0131 de\u011fi\u015ftirece\u011fini bilmeden ona kucak a\u00e7ar.  Papa\u011fan Jako, onun s\u0131nav\u0131d\u0131r.  Bu s\u0131navdan ba\u015far\u0131yla \u00e7\u0131kabilecek midir? Kaminvir\u00fcs bula\u015ft\u0131\u011f\u0131 i\u00e7in 12. G\u00f6kada\u2019da karantinaya al\u0131nan babas\u0131 Evrensel M\u00fczik Korosu \u015eefi Kayra\u2019n\u0131n, annesi Doktor Belle\u2019nin, arkada\u015f\u0131 Lara\u2019n\u0131n bu s\u0131navda \u00fcstlendikleri roller nelerdir? Ba\u015fkalar\u0131n\u0131n iyili\u011fi i\u00e7in emek harcayan, yard\u0131m sever \u00d6zgeciller ile kendi \u00e7\u0131karlar\u0131 i\u00e7in canla ba\u015fla \u00e7al\u0131\u015fan Gizmenler aras\u0131ndaki m\u00fccadele nas\u0131l sonu\u00e7lanacak? Umut ve sevgi mi kazanacak, para ve g\u00fc\u00e7 m\u00fc?<\/p>\n","protected":false},"excerpt":{"rendered":"<p>Bengi \u00fclkede s\u0131k\u0131 s\u0131k\u0131ya uyulmas\u0131 gereken kurallar vard\u0131r. Atlas\u2019\u0131n ise bu kurallarla ba\u015f\u0131 ho\u015f de\u011fildir. Omzuna konan bir papa\u011fan\u0131n ya\u015fam\u0131n\u0131n ak\u0131\u015f\u0131n\u0131 de\u011fi\u015ftirece\u011fini bilmeden ona kucak a\u00e7ar.<span class=\"excerpt-hellip\"> [\u2026]<\/span><\/p>\n","protected":false},"featured_media":0,"template":"","meta":{"_monsterinsights_skip_tracking":false,"_monsterinsights_sitenote_active":false,"_monsterinsights_sitenote_note":"","_monsterinsights_sitenote_category":0},"product_brand":[],"product_cat":[12540,12291],"product_tag":[],"class_list":{"0":"post-784350","1":"product","2":"type-product","3":"status-publish","5":"product_cat-bilim-kurgu","6":"product_cat-edebiyat","7":"pa_cilt-ciltsiz","8":"pa_tur-kitap","9":"pa_yayinevi-bizim-cag-kitapligi","10":"pa_yazar-sevda-yuksel","12":"first","13":"instock","14":"sale","15":"shipping-taxable","16":"purchasable","17":"product-type-simple"},"_links":{"self":[{"href":"https:\/\/roveyayinevi.com.tr\/index.php\/wp-json\/wp\/v2\/product\/784350","targetHints":{"allow":["GET"]}}],"collection":[{"href":"https:\/\/roveyayinevi.com.tr\/index.php\/wp-json\/wp\/v2\/product"}],"about":[{"href":"https:\/\/roveyayinevi.com.tr\/index.php\/wp-json\/wp\/v2\/types\/product"}],"wp:attachment":[{"href":"https:\/\/roveyayinevi.com.tr\/index.php\/wp-json\/wp\/v2\/media?parent=784350"}],"wp:term":[{"taxonomy":"product_brand","embeddable":true,"href":"https:\/\/roveyayinevi.com.tr\/index.php\/wp-json\/wp\/v2\/product_brand?post=784350"},{"taxonomy":"product_cat","embeddable":true,"href":"https:\/\/roveyayinevi.com.tr\/index.php\/wp-json\/wp\/v2\/product_cat?post=784350"},{"taxonomy":"product_tag","embeddable":true,"href":"https:\/\/roveyayinevi.com.tr\/index.php\/wp-json\/wp\/v2\/product_tag?post=784350"}],"curies":[{"name":"wp","href":"https:\/\/api.w.org\/{rel}","templated":true}]}}