{"id":784347,"date":"2026-03-06T04:02:51","date_gmt":"2026-03-06T01:02:51","guid":{"rendered":"https:\/\/roveyayinevi.com.tr\/index.php\/urun\/basimiza-ne-isler-actik\/"},"modified":"2026-04-15T03:48:35","modified_gmt":"2026-04-15T00:48:35","slug":"basimiza-ne-isler-actik","status":"publish","type":"product","link":"https:\/\/roveyayinevi.com.tr\/index.php\/urun\/basimiza-ne-isler-actik\/","title":{"rendered":"Ba\u015f\u0131m\u0131za Ne \u0130\u015fler A\u00e7t\u0131k?"},"content":{"rendered":"<p>Merak kediyi \u00f6ld\u00fcr\u00fcr ancak bu kez kediyi \u00f6ld\u00fcrmeyecek, \u00e7ocuklar\u0131n ba\u015f\u0131na i\u015fler a\u00e7acak. Terastaki d\u00f6rt \u00e7ocuktan, kom\u015fu evin bah\u00e7esini \u00e7evreleyen y\u00fcksek duvar\u0131n \u00fczerindeki sar\u0131 lavanta kesesini ilk fark eden Ak\u0131n olur. Kesenin i\u00e7inde ne oldu\u011funu \u00f6\u011frenmek i\u00e7in duvara atlay\u0131p keseyi alansa Zeynep. \u00c7ocuklar, tarihi para ka\u00e7ak\u00e7\u0131lar\u0131n\u0131n i\u015flerine kar\u0131\u015ft\u0131klar\u0131n\u0131 bilmeden kesenin s\u0131rr\u0131n\u0131 \u00e7\u00f6zmeye \u00e7al\u0131\u015f\u0131rken kendilerini beklemedikleri bir maceran\u0131n i\u00e7inde bulur. \u201cBa\u015f\u0131m\u0131za Ne \u0130\u015fler A\u00e7t\u0131k?\u201d okurunu Ak\u0131n, Ayla, Zeynep ve Yi\u011fit\u2019le birlikte bu maceraya ortak olmaya, zaman zaman g\u00fcl\u00fcp e\u011flenmeye zaman zaman heyecanlan\u0131p \u00e7\u00f6z\u00fcmler aramaya  \u00e7a\u011f\u0131r\u0131yor.<\/p>\n","protected":false},"excerpt":{"rendered":"<p>Merak kediyi \u00f6ld\u00fcr\u00fcr ancak bu kez kediyi \u00f6ld\u00fcrmeyecek, \u00e7ocuklar\u0131n ba\u015f\u0131na i\u015fler a\u00e7acak. Terastaki d\u00f6rt \u00e7ocuktan, kom\u015fu evin bah\u00e7esini \u00e7evreleyen y\u00fcksek duvar\u0131n \u00fczerindeki sar\u0131 lavanta kesesini ilk<span class=\"excerpt-hellip\"> [\u2026]<\/span><\/p>\n","protected":false},"featured_media":0,"template":"","meta":{"_monsterinsights_skip_tracking":false,"_monsterinsights_sitenote_active":false,"_monsterinsights_sitenote_note":"","_monsterinsights_sitenote_category":0},"product_brand":[],"product_cat":[12274,12284],"product_tag":[],"class_list":{"0":"post-784347","1":"product","2":"type-product","3":"status-publish","5":"product_cat-cocuk-ve-genclik-kitaplari","6":"product_cat-hikayeler","7":"pa_cilt-ciltsiz","8":"pa_tur-kitap","9":"pa_yayinevi-bizim-cag-kitapligi","10":"pa_yazar-sevda-yuksel","12":"first","13":"instock","14":"sale","15":"shipping-taxable","16":"purchasable","17":"product-type-simple"},"_links":{"self":[{"href":"https:\/\/roveyayinevi.com.tr\/index.php\/wp-json\/wp\/v2\/product\/784347","targetHints":{"allow":["GET"]}}],"collection":[{"href":"https:\/\/roveyayinevi.com.tr\/index.php\/wp-json\/wp\/v2\/product"}],"about":[{"href":"https:\/\/roveyayinevi.com.tr\/index.php\/wp-json\/wp\/v2\/types\/product"}],"wp:attachment":[{"href":"https:\/\/roveyayinevi.com.tr\/index.php\/wp-json\/wp\/v2\/media?parent=784347"}],"wp:term":[{"taxonomy":"product_brand","embeddable":true,"href":"https:\/\/roveyayinevi.com.tr\/index.php\/wp-json\/wp\/v2\/product_brand?post=784347"},{"taxonomy":"product_cat","embeddable":true,"href":"https:\/\/roveyayinevi.com.tr\/index.php\/wp-json\/wp\/v2\/product_cat?post=784347"},{"taxonomy":"product_tag","embeddable":true,"href":"https:\/\/roveyayinevi.com.tr\/index.php\/wp-json\/wp\/v2\/product_tag?post=784347"}],"curies":[{"name":"wp","href":"https:\/\/api.w.org\/{rel}","templated":true}]}}