{"id":784346,"date":"2026-03-06T04:02:48","date_gmt":"2026-03-06T01:02:48","guid":{"rendered":"https:\/\/roveyayinevi.com.tr\/index.php\/urun\/mavi-gol-villalari\/"},"modified":"2026-04-15T03:48:35","modified_gmt":"2026-04-15T00:48:35","slug":"mavi-gol-villalari","status":"publish","type":"product","link":"https:\/\/roveyayinevi.com.tr\/index.php\/urun\/mavi-gol-villalari\/","title":{"rendered":"Mavi G\u00f6l Villalar\u0131"},"content":{"rendered":"<p>Mavi G\u00f6l Villalar\u0131\u2019nda ya\u015fayan Can, \u00f6n\u00fcnde yeni se\u00e7enekler oldu\u011funa inan\u0131r. Ya\u015fam ona yeni se\u00e7enekler sunacakt\u0131r. Site G\u00f6revlisi \u0130lhan\u2019\u0131n o\u011flu Taner ise kendi se\u00e7eneklerini yaratmak zorundad\u0131r. Parla, insanlar\u0131n birlikte g\u00fc\u00e7leneceklerine inand\u0131\u011f\u0131 i\u00e7in arkada\u015flar\u0131yla el ele verir, www.kucukmorcicekler.com sitesini kurar. Ada, d\u00fc\u015f\u00fcnde yard\u0131m \u00e7\u0131\u011fl\u0131klar\u0131 duyar.Gen\u00e7ler, kendilerini t\u00fcm canl\u0131lar\u0131n birbirleri i\u00e7in var olduklar\u0131n\u0131 anlayacaklar\u0131 bir ak\u0131\u015f\u0131n i\u00e7inde bulurlar. Haks\u0131zl\u0131klara, yanl\u0131\u015f anlamalara, duyars\u0131zl\u0131klara kar\u015f\u0131 y\u00fcreklerini \u0131s\u0131tan sevgilerle m\u00fccadelelerini s\u00fcrd\u00fcr\u00fcr, ezilen k\u00fc\u00e7\u00fck mor \u00e7i\u00e7eklerin fark\u0131na var\u0131r, dile gelen g\u00fcvercinleri duyarlar.<\/p>\n","protected":false},"excerpt":{"rendered":"<p>Mavi G\u00f6l Villalar\u0131\u2019nda ya\u015fayan Can, \u00f6n\u00fcnde yeni se\u00e7enekler oldu\u011funa inan\u0131r. Ya\u015fam ona yeni se\u00e7enekler sunacakt\u0131r. Site G\u00f6revlisi \u0130lhan\u2019\u0131n o\u011flu Taner ise kendi se\u00e7eneklerini yaratmak zorundad\u0131r. Parla,<span class=\"excerpt-hellip\"> [\u2026]<\/span><\/p>\n","protected":false},"featured_media":0,"template":"","meta":{"_monsterinsights_skip_tracking":false,"_monsterinsights_sitenote_active":false,"_monsterinsights_sitenote_note":"","_monsterinsights_sitenote_category":0},"product_brand":[],"product_cat":[12291,12711],"product_tag":[],"class_list":{"0":"post-784346","1":"product","2":"type-product","3":"status-publish","5":"product_cat-edebiyat","6":"product_cat-roman-oyku","7":"pa_cilt-ciltsiz","8":"pa_tur-kitap","9":"pa_yayinevi-bizim-cag-kitapligi","10":"pa_yazar-sevda-yuksel","12":"first","13":"instock","14":"sale","15":"shipping-taxable","16":"purchasable","17":"product-type-simple"},"_links":{"self":[{"href":"https:\/\/roveyayinevi.com.tr\/index.php\/wp-json\/wp\/v2\/product\/784346","targetHints":{"allow":["GET"]}}],"collection":[{"href":"https:\/\/roveyayinevi.com.tr\/index.php\/wp-json\/wp\/v2\/product"}],"about":[{"href":"https:\/\/roveyayinevi.com.tr\/index.php\/wp-json\/wp\/v2\/types\/product"}],"wp:attachment":[{"href":"https:\/\/roveyayinevi.com.tr\/index.php\/wp-json\/wp\/v2\/media?parent=784346"}],"wp:term":[{"taxonomy":"product_brand","embeddable":true,"href":"https:\/\/roveyayinevi.com.tr\/index.php\/wp-json\/wp\/v2\/product_brand?post=784346"},{"taxonomy":"product_cat","embeddable":true,"href":"https:\/\/roveyayinevi.com.tr\/index.php\/wp-json\/wp\/v2\/product_cat?post=784346"},{"taxonomy":"product_tag","embeddable":true,"href":"https:\/\/roveyayinevi.com.tr\/index.php\/wp-json\/wp\/v2\/product_tag?post=784346"}],"curies":[{"name":"wp","href":"https:\/\/api.w.org\/{rel}","templated":true}]}}