{"id":784345,"date":"2026-03-06T04:02:45","date_gmt":"2026-03-06T01:02:45","guid":{"rendered":"https:\/\/roveyayinevi.com.tr\/index.php\/urun\/cuvacuva-yolculari\/"},"modified":"2026-04-15T03:48:35","modified_gmt":"2026-04-15T00:48:35","slug":"cuvacuva-yolculari","status":"publish","type":"product","link":"https:\/\/roveyayinevi.com.tr\/index.php\/urun\/cuvacuva-yolculari\/","title":{"rendered":"\u00c7uva\u00e7uva Yolcular\u0131"},"content":{"rendered":"<p>Hezarfen Ahmet \u00c7elebi, Galata Kulesi\u2019nden \u00dcsk\u00fcdar\u2019a u\u00e7arken kendi \u201csevda\u201ds\u0131n\u0131n ard\u0131ndayd\u0131. Sevdalar\u0131 ger\u00e7ek k\u0131lmak gerekti. \u201cSevda\u201dlar\u0131n\u0131 arayan amca k\u0131zlar\u0131 Dila ve Mina\u2019n\u0131n yollar\u0131 bu nedenle Galata Kulesi\u2019ne bakan bir \u00e7at\u0131 kat\u0131nda Hezarfen Ahmet \u00c7elebi ile kesi\u015fti. B\u00fcy\u00fck b\u00fcy\u00fck babaanneleri do\u011fup b\u00fcy\u00fcd\u00fc\u011f\u00fc topraklara d\u00f6nmek isteyince onlara \u00c7uva\u00e7uva yollar\u0131 g\u00f6r\u00fcnd\u00fc. Dila ve Mina\u2019y\u0131 bekleyen bu fantastik yolculukta sizler de kendinize bir yer a\u00e7\u0131n! Bakars\u0131n\u0131z bir g\u00fcn Hezarfen Ahmet \u00c7elebi sizin de konu\u011funuz olur. Sonras\u0131 m\u0131? Onu ancak siz bilirsiniz! Dila ve Mina, kendi d\u00fc\u015f\u00fcn\u00fc\/sevdas\u0131n\u0131 arayan t\u00fcm \u00e7ocuklar\u0131 konuklar\u0131 olmaya \u00e7a\u011f\u0131r\u0131yor. Sizlere e\u011flenceli fantastik bir yolculuk vadediyorlar.<\/p>\n","protected":false},"excerpt":{"rendered":"<p>Hezarfen Ahmet \u00c7elebi, Galata Kulesi\u2019nden \u00dcsk\u00fcdar\u2019a u\u00e7arken kendi \u201csevda\u201ds\u0131n\u0131n ard\u0131ndayd\u0131. Sevdalar\u0131 ger\u00e7ek k\u0131lmak gerekti. \u201cSevda\u201dlar\u0131n\u0131 arayan amca k\u0131zlar\u0131 Dila ve Mina\u2019n\u0131n yollar\u0131 bu nedenle Galata Kulesi\u2019ne<span class=\"excerpt-hellip\"> [\u2026]<\/span><\/p>\n","protected":false},"featured_media":0,"template":"","meta":{"_monsterinsights_skip_tracking":false,"_monsterinsights_sitenote_active":false,"_monsterinsights_sitenote_note":"","_monsterinsights_sitenote_category":0},"product_brand":[],"product_cat":[12291,14777],"product_tag":[],"class_list":{"0":"post-784345","1":"product","2":"type-product","3":"status-publish","5":"product_cat-edebiyat","6":"product_cat-fantastik","7":"pa_cilt-ciltsiz","8":"pa_tur-kitap","9":"pa_yayinevi-bizim-cag-kitapligi","10":"pa_yazar-sevda-yuksel","12":"first","13":"instock","14":"sale","15":"shipping-taxable","16":"purchasable","17":"product-type-simple"},"_links":{"self":[{"href":"https:\/\/roveyayinevi.com.tr\/index.php\/wp-json\/wp\/v2\/product\/784345","targetHints":{"allow":["GET"]}}],"collection":[{"href":"https:\/\/roveyayinevi.com.tr\/index.php\/wp-json\/wp\/v2\/product"}],"about":[{"href":"https:\/\/roveyayinevi.com.tr\/index.php\/wp-json\/wp\/v2\/types\/product"}],"wp:attachment":[{"href":"https:\/\/roveyayinevi.com.tr\/index.php\/wp-json\/wp\/v2\/media?parent=784345"}],"wp:term":[{"taxonomy":"product_brand","embeddable":true,"href":"https:\/\/roveyayinevi.com.tr\/index.php\/wp-json\/wp\/v2\/product_brand?post=784345"},{"taxonomy":"product_cat","embeddable":true,"href":"https:\/\/roveyayinevi.com.tr\/index.php\/wp-json\/wp\/v2\/product_cat?post=784345"},{"taxonomy":"product_tag","embeddable":true,"href":"https:\/\/roveyayinevi.com.tr\/index.php\/wp-json\/wp\/v2\/product_tag?post=784345"}],"curies":[{"name":"wp","href":"https:\/\/api.w.org\/{rel}","templated":true}]}}