{"id":784338,"date":"2026-03-06T04:02:29","date_gmt":"2026-03-06T01:02:29","guid":{"rendered":"https:\/\/roveyayinevi.com.tr\/index.php\/urun\/yirmi-yedi-siir-ve-bir-onsoz\/"},"modified":"2026-04-15T03:47:50","modified_gmt":"2026-04-15T00:47:50","slug":"yirmi-yedi-siir-ve-bir-onsoz","status":"publish","type":"product","link":"https:\/\/roveyayinevi.com.tr\/index.php\/urun\/yirmi-yedi-siir-ve-bir-onsoz\/","title":{"rendered":"Yirmi Yedi \u015eiir ve Bir \u00d6ns\u00f6z"},"content":{"rendered":"<p>\u201cOnunla benim aramda gizli bir s\u00f6zle\u015fme isyank\u00e2rGeri gelmeyecek olan hayali g\u00fcnlerin dilekleridir saran dizelerimi\u00d6l\u00fcm kucaklar usulca harflerini ad\u0131m\u0131z\u0131n onun ve benimKal\u0131r geriye bir tutam a\u015fk \u015fiirlerimden damlayan\u2026\u201dAyn\u0131 zamanda hukuk\u00e7u olan Atahan \u00c7akmakkaya\u2019n\u0131n k\u0131sa \u015fiirlerine katt\u0131\u011f\u0131 anlam yo\u011funlu\u011fu, dizelere a\u015f\u0131lad\u0131\u011f\u0131 geni\u015flik, okurunu yeni bir \u015fairle tan\u0131\u015facaklar\u0131 s\u0131n\u0131rlar\u0131 kalkm\u0131\u015f co\u011frafyalara s\u00fcr\u00fckl\u00fcyor\u2026<\/p>\n","protected":false},"excerpt":{"rendered":"<p>\u201cOnunla benim aramda gizli bir s\u00f6zle\u015fme isyank\u00e2rGeri gelmeyecek olan hayali g\u00fcnlerin dilekleridir saran dizelerimi\u00d6l\u00fcm kucaklar usulca harflerini ad\u0131m\u0131z\u0131n onun ve benimKal\u0131r geriye bir tutam a\u015fk \u015fiirlerimden<span class=\"excerpt-hellip\"> [\u2026]<\/span><\/p>\n","protected":false},"featured_media":0,"template":"","meta":{"_monsterinsights_skip_tracking":false,"_monsterinsights_sitenote_active":false,"_monsterinsights_sitenote_note":"","_monsterinsights_sitenote_category":0},"product_brand":[],"product_cat":[12291,12509],"product_tag":[],"class_list":{"0":"post-784338","1":"product","2":"type-product","3":"status-publish","5":"product_cat-edebiyat","6":"product_cat-siir","7":"pa_cilt-ciltsiz","8":"pa_tur-kitap","9":"pa_yayinevi-ilk-baski-yayinevi","10":"pa_yazar-atahan-cakmakkaya","12":"first","13":"instock","14":"sale","15":"shipping-taxable","16":"purchasable","17":"product-type-simple"},"_links":{"self":[{"href":"https:\/\/roveyayinevi.com.tr\/index.php\/wp-json\/wp\/v2\/product\/784338","targetHints":{"allow":["GET"]}}],"collection":[{"href":"https:\/\/roveyayinevi.com.tr\/index.php\/wp-json\/wp\/v2\/product"}],"about":[{"href":"https:\/\/roveyayinevi.com.tr\/index.php\/wp-json\/wp\/v2\/types\/product"}],"wp:attachment":[{"href":"https:\/\/roveyayinevi.com.tr\/index.php\/wp-json\/wp\/v2\/media?parent=784338"}],"wp:term":[{"taxonomy":"product_brand","embeddable":true,"href":"https:\/\/roveyayinevi.com.tr\/index.php\/wp-json\/wp\/v2\/product_brand?post=784338"},{"taxonomy":"product_cat","embeddable":true,"href":"https:\/\/roveyayinevi.com.tr\/index.php\/wp-json\/wp\/v2\/product_cat?post=784338"},{"taxonomy":"product_tag","embeddable":true,"href":"https:\/\/roveyayinevi.com.tr\/index.php\/wp-json\/wp\/v2\/product_tag?post=784338"}],"curies":[{"name":"wp","href":"https:\/\/api.w.org\/{rel}","templated":true}]}}