{"id":784336,"date":"2026-03-06T04:02:26","date_gmt":"2026-03-06T01:02:26","guid":{"rendered":"https:\/\/roveyayinevi.com.tr\/index.php\/urun\/iklim-krizi-caginda-kentlerin-surdurulebilir-donusumu-enerji-ekoloji-yonetisim-ve-direnclilik\/"},"modified":"2026-04-15T03:47:50","modified_gmt":"2026-04-15T00:47:50","slug":"iklim-krizi-caginda-kentlerin-surdurulebilir-donusumu-enerji-ekoloji-yonetisim-ve-direnclilik","status":"publish","type":"product","link":"https:\/\/roveyayinevi.com.tr\/index.php\/urun\/iklim-krizi-caginda-kentlerin-surdurulebilir-donusumu-enerji-ekoloji-yonetisim-ve-direnclilik\/","title":{"rendered":"\u0130klim Krizi \u00c7a\u011f\u0131nda Kentlerin S\u00fcrd\u00fcr\u00fclebilir D\u00f6n\u00fc\u015f\u00fcm\u00fc: Enerji, Ekoloji, Y\u00f6neti\u015fim Ve Diren\u00e7lilik"},"content":{"rendered":"<p>1. B\u00d6L\u00dcM KENTLER: KR\u0130Z\u0130N MERKEZ \u00dcSS\u00dc VE \u00c7\u00d6Z\u00dcM\u00dcN ANAHTARI   2. B\u00d6L\u00dcM ULUSLARARASI S\u00dcRD\u00dcR\u00dcLEB\u0130L\u0130RL\u0130K POL\u0130T\u0130KALARI VE \u00c7ER\u00c7EVELER\u0130 BA\u011eLAMINDA KENTLER   3. B\u00d6L\u00dcM T\u00dcRK\u0130YE\u2019DE \u0130KL\u0130M POL\u0130T\u0130KALARI VE KENTLE\u015eME: ENERJ\u0130, EKOLOJ\u0130 VE S\u00dcRD\u00dcR\u00dcLEB\u0130L\u0130RL\u0130K EKSEN\u0130NDE ULUSAL V\u0130ZYON   4. B\u00d6L\u00dcM KENTLERDE ENERJ\u0130 ETK\u0130NL\u0130K YAKLA\u015eIMLARI   5. B\u00d6L\u00dcM EKOLOJ\u0130K KENT TASARIMI VE PLANLAMA   6. B\u00d6L\u00dcM AKILLI KENTLER VE D\u0130J\u0130TAL D\u00d6N\u00dc\u015e\u00dcM   7. B\u00d6L\u00dcM KENTLER\u0130N D\u00d6N\u00dc\u015e\u00dcM\u00dcNDE SOSYAL BOYUT: TOPLUMSAL KATILIM, ADALET VE KIRILGAN GRUPLAR   8. B\u00d6L\u00dcM \u0130KL\u0130M D\u0130REN\u00c7L\u0130L\u0130\u011e\u0130N\u0130N Y\u00d6NET\u0130M\u0130: POL\u0130T\u0130KA ENTEGRASYONU, F\u0130NANSMAN VE YEN\u0130L\u0130K\u00c7\u0130 ARA\u00c7LAR   9. B\u00d6L\u00dcM KENTSEL S\u00dcRD\u00dcR\u00dcLEB\u0130L\u0130RL\u0130\u011e\u0130N \u00d6L\u00c7\u00dcLMES\u0130   10. B\u00d6L\u00dcM KAR\u015eILA\u015eTIRMALI ANAL\u0130Z: T\u00dcRK\u0130YE VE D\u00dcNYA DENEY\u0130MLER\u0130NDE KENTSEL \u0130KL\u0130M Y\u00d6NET\u0130\u015e\u0130M\u0130 VE D\u00d6N\u00dc\u015e\u00dcM STRATEJ\u0130LER\u0130<\/p>\n","protected":false},"excerpt":{"rendered":"<p>1. B\u00d6L\u00dcM KENTLER: KR\u0130Z\u0130N MERKEZ \u00dcSS\u00dc VE \u00c7\u00d6Z\u00dcM\u00dcN ANAHTARI 2. B\u00d6L\u00dcM ULUSLARARASI S\u00dcRD\u00dcR\u00dcLEB\u0130L\u0130RL\u0130K POL\u0130T\u0130KALARI VE \u00c7ER\u00c7EVELER\u0130 BA\u011eLAMINDA KENTLER 3. B\u00d6L\u00dcM T\u00dcRK\u0130YE\u2019DE \u0130KL\u0130M POL\u0130T\u0130KALARI VE KENTLE\u015eME: ENERJ\u0130,<span class=\"excerpt-hellip\"> [\u2026]<\/span><\/p>\n","protected":false},"featured_media":0,"template":"","meta":{"_monsterinsights_skip_tracking":false,"_monsterinsights_sitenote_active":false,"_monsterinsights_sitenote_note":"","_monsterinsights_sitenote_category":0},"product_brand":[],"product_cat":[13005,40995],"product_tag":[],"class_list":{"0":"post-784336","1":"product","2":"type-product","3":"status-publish","5":"product_cat-bilim-muhendislik","6":"product_cat-sosyal-bilimler","7":"pa_cilt-ciltsiz","8":"pa_tur-kitap","9":"pa_yayinevi-gazi-kitabevi","10":"pa_yazar-cigdem-tugac","12":"first","13":"instock","14":"sale","15":"shipping-taxable","16":"purchasable","17":"product-type-simple"},"_links":{"self":[{"href":"https:\/\/roveyayinevi.com.tr\/index.php\/wp-json\/wp\/v2\/product\/784336","targetHints":{"allow":["GET"]}}],"collection":[{"href":"https:\/\/roveyayinevi.com.tr\/index.php\/wp-json\/wp\/v2\/product"}],"about":[{"href":"https:\/\/roveyayinevi.com.tr\/index.php\/wp-json\/wp\/v2\/types\/product"}],"wp:attachment":[{"href":"https:\/\/roveyayinevi.com.tr\/index.php\/wp-json\/wp\/v2\/media?parent=784336"}],"wp:term":[{"taxonomy":"product_brand","embeddable":true,"href":"https:\/\/roveyayinevi.com.tr\/index.php\/wp-json\/wp\/v2\/product_brand?post=784336"},{"taxonomy":"product_cat","embeddable":true,"href":"https:\/\/roveyayinevi.com.tr\/index.php\/wp-json\/wp\/v2\/product_cat?post=784336"},{"taxonomy":"product_tag","embeddable":true,"href":"https:\/\/roveyayinevi.com.tr\/index.php\/wp-json\/wp\/v2\/product_tag?post=784336"}],"curies":[{"name":"wp","href":"https:\/\/api.w.org\/{rel}","templated":true}]}}