{"id":784333,"date":"2026-03-06T04:02:20","date_gmt":"2026-03-06T01:02:20","guid":{"rendered":"https:\/\/roveyayinevi.com.tr\/index.php\/urun\/roman-degil-hikaye-degil-sadece-biraz-sohbet\/"},"modified":"2026-04-15T03:47:49","modified_gmt":"2026-04-15T00:47:49","slug":"roman-degil-hikaye-degil-sadece-biraz-sohbet","status":"publish","type":"product","link":"https:\/\/roveyayinevi.com.tr\/index.php\/urun\/roman-degil-hikaye-degil-sadece-biraz-sohbet\/","title":{"rendered":"Roman De\u011fil Hikaye De\u011fil Sadece Biraz Sohbet"},"content":{"rendered":"<p>Bu bir roman de\u011fil. Hik\u00e2ye de de\u011fil. Kimse sana ne yapman gerekti\u011fini anlatmayacak. Motivasyon yok, re\u00e7ete yok, ak\u0131l verme yok. Sadece sen vars\u0131n. Bir de i\u00e7inden ge\u00e7en ama pek kimseye s\u00f6ylemedi\u011fin c\u00fcmleler. Bu kitap \u00f6\u011fretmez. \u0130kna etmeye \u00e7al\u0131\u015fmaz. Sana iyi hissettirmek gibi bir derdi de yok. Ama durdurur. Bakt\u0131r\u0131r. Ve belki ilk kez, kendinle ba\u015f ba\u015fa b\u0131rak\u0131r. E\u011fer arad\u0131\u011f\u0131n \u015fey cevaplardan \u00e7ok d\u00fcr\u00fcst bir sohbetse, do\u011fru yerdesin.<\/p>\n","protected":false},"excerpt":{"rendered":"<p>Bu bir roman de\u011fil. Hik\u00e2ye de de\u011fil. Kimse sana ne yapman gerekti\u011fini anlatmayacak. Motivasyon yok, re\u00e7ete yok, ak\u0131l verme yok. Sadece sen vars\u0131n. Bir de i\u00e7inden<span class=\"excerpt-hellip\"> [\u2026]<\/span><\/p>\n","protected":false},"featured_media":0,"template":"","meta":{"_monsterinsights_skip_tracking":false,"_monsterinsights_sitenote_active":false,"_monsterinsights_sitenote_note":"","_monsterinsights_sitenote_category":0},"product_brand":[],"product_cat":[12364,12376],"product_tag":[],"class_list":{"0":"post-784333","1":"product","2":"type-product","3":"status-publish","5":"product_cat-genel-konular","6":"product_cat-kisisel-gelisim","7":"pa_cilt-ciltsiz","8":"pa_tur-kitap","9":"pa_yayinevi-yertinc-kultur","10":"pa_yazar-selahattin-simsek","12":"first","13":"instock","14":"sale","15":"shipping-taxable","16":"purchasable","17":"product-type-simple"},"_links":{"self":[{"href":"https:\/\/roveyayinevi.com.tr\/index.php\/wp-json\/wp\/v2\/product\/784333","targetHints":{"allow":["GET"]}}],"collection":[{"href":"https:\/\/roveyayinevi.com.tr\/index.php\/wp-json\/wp\/v2\/product"}],"about":[{"href":"https:\/\/roveyayinevi.com.tr\/index.php\/wp-json\/wp\/v2\/types\/product"}],"wp:attachment":[{"href":"https:\/\/roveyayinevi.com.tr\/index.php\/wp-json\/wp\/v2\/media?parent=784333"}],"wp:term":[{"taxonomy":"product_brand","embeddable":true,"href":"https:\/\/roveyayinevi.com.tr\/index.php\/wp-json\/wp\/v2\/product_brand?post=784333"},{"taxonomy":"product_cat","embeddable":true,"href":"https:\/\/roveyayinevi.com.tr\/index.php\/wp-json\/wp\/v2\/product_cat?post=784333"},{"taxonomy":"product_tag","embeddable":true,"href":"https:\/\/roveyayinevi.com.tr\/index.php\/wp-json\/wp\/v2\/product_tag?post=784333"}],"curies":[{"name":"wp","href":"https:\/\/api.w.org\/{rel}","templated":true}]}}