{"id":784332,"date":"2026-03-06T04:02:18","date_gmt":"2026-03-06T01:02:18","guid":{"rendered":"https:\/\/roveyayinevi.com.tr\/index.php\/urun\/rahmetin-sirlari\/"},"modified":"2026-04-15T03:47:49","modified_gmt":"2026-04-15T00:47:49","slug":"rahmetin-sirlari","status":"publish","type":"product","link":"https:\/\/roveyayinevi.com.tr\/index.php\/urun\/rahmetin-sirlari\/","title":{"rendered":"Rahmetin S\u0131rlar\u0131"},"content":{"rendered":"<p>Bu kitap, bir hayalin, bir duan\u0131n ve sabr\u0131n meyvesi&#8230;\u201cRahmetin S\u0131rlar\u0131,\u201d okuyucular\u0131mla payla\u015ft\u0131\u011f\u0131m ilk kitab\u0131m. Daha \u00f6nce yazd\u0131\u011f\u0131m ama hi\u00e7 yay\u0131mlamad\u0131\u011f\u0131m nice sat\u0131r\u0131n aras\u0131ndan, nihayet kalemimin sesini payla\u015fma zaman\u0131 geldi. Bu eser, umudumun, inanc\u0131m\u0131n ve i\u00e7 d\u00fcnyam\u0131n sessiz bir yank\u0131s\u0131. Yazarken bazen g\u00f6zya\u015flar\u0131m, bazen tebess\u00fcmlerim sat\u0131rlara kar\u0131\u015ft\u0131. Her kelimesinde Rabbim\u2019in rahmetini biraz daha derinden hissettim.Bu yolculukta en b\u00fcy\u00fck te\u015fekk\u00fcr\u00fcm, her an\u0131mda  yan\u0131mda olan e\u015fim Hakan Erdem&#8217;e&#8230; Deste\u011fin, anlay\u0131\u015f\u0131n ve varl\u0131\u011f\u0131n olmasayd\u0131, bu kitab\u0131n sat\u0131rlar\u0131 eksik kal\u0131rd\u0131. Sab\u0131rla, sevgiyle ve inan\u00e7la hep yan\u0131mda oldun, te\u015fekk\u00fcr ederim.Kitab\u0131m\u0131 heyecanla bekleyen, sevgileriyle ve dualar\u0131yla bana g\u00fc\u00e7 veren dostlar\u0131ma da g\u00f6n\u00fclden te\u015fekk\u00fcr ederim.Bu kitap, bir ba\u015flang\u0131\u00e7&#8230;\u0130nan\u0131yorum ki Allah\u2019\u0131n izniyle \u00e7ok daha g\u00fczel \u015feyler olacak.Her \u015fey O\u2019nun rahmetiyle m\u00fcmk\u00fcn.<\/p>\n","protected":false},"excerpt":{"rendered":"<p>Bu kitap, bir hayalin, bir duan\u0131n ve sabr\u0131n meyvesi&#8230;\u201cRahmetin S\u0131rlar\u0131,\u201d okuyucular\u0131mla payla\u015ft\u0131\u011f\u0131m ilk kitab\u0131m. Daha \u00f6nce yazd\u0131\u011f\u0131m ama hi\u00e7 yay\u0131mlamad\u0131\u011f\u0131m nice sat\u0131r\u0131n aras\u0131ndan, nihayet kalemimin sesini<span class=\"excerpt-hellip\"> [\u2026]<\/span><\/p>\n","protected":false},"featured_media":0,"template":"","meta":{"_monsterinsights_skip_tracking":false,"_monsterinsights_sitenote_active":false,"_monsterinsights_sitenote_note":"","_monsterinsights_sitenote_category":0},"product_brand":[],"product_cat":[12718,12719],"product_tag":[],"class_list":{"0":"post-784332","1":"product","2":"type-product","3":"status-publish","5":"product_cat-din","6":"product_cat-islam","7":"pa_cilt-ciltsiz","8":"pa_tur-kitap","9":"pa_yayinevi-yertinc-kultur","10":"pa_yazar-veysel-yasar","12":"first","13":"instock","14":"sale","15":"shipping-taxable","16":"purchasable","17":"product-type-simple"},"_links":{"self":[{"href":"https:\/\/roveyayinevi.com.tr\/index.php\/wp-json\/wp\/v2\/product\/784332","targetHints":{"allow":["GET"]}}],"collection":[{"href":"https:\/\/roveyayinevi.com.tr\/index.php\/wp-json\/wp\/v2\/product"}],"about":[{"href":"https:\/\/roveyayinevi.com.tr\/index.php\/wp-json\/wp\/v2\/types\/product"}],"wp:attachment":[{"href":"https:\/\/roveyayinevi.com.tr\/index.php\/wp-json\/wp\/v2\/media?parent=784332"}],"wp:term":[{"taxonomy":"product_brand","embeddable":true,"href":"https:\/\/roveyayinevi.com.tr\/index.php\/wp-json\/wp\/v2\/product_brand?post=784332"},{"taxonomy":"product_cat","embeddable":true,"href":"https:\/\/roveyayinevi.com.tr\/index.php\/wp-json\/wp\/v2\/product_cat?post=784332"},{"taxonomy":"product_tag","embeddable":true,"href":"https:\/\/roveyayinevi.com.tr\/index.php\/wp-json\/wp\/v2\/product_tag?post=784332"}],"curies":[{"name":"wp","href":"https:\/\/api.w.org\/{rel}","templated":true}]}}