{"id":784329,"date":"2026-03-06T04:02:12","date_gmt":"2026-03-06T01:02:12","guid":{"rendered":"https:\/\/roveyayinevi.com.tr\/index.php\/urun\/marka-zihinlere-nasil-yerlesir\/"},"modified":"2026-04-15T03:47:48","modified_gmt":"2026-04-15T00:47:48","slug":"marka-zihinlere-nasil-yerlesir","status":"publish","type":"product","link":"https:\/\/roveyayinevi.com.tr\/index.php\/urun\/marka-zihinlere-nasil-yerlesir\/","title":{"rendered":"Marka Zihinlere Nas\u0131l Yerle\u015fir"},"content":{"rendered":"<p>Bir marka kurmak kolay, onu ya\u015fatmak zordur. G\u00fcn\u00fcm\u00fczde sadece iyi bir \u00fcr\u00fcne sahip olmak yeterli de\u011fil; do\u011fru kitleye ula\u015fmak, g\u00fcven kazanmak ve s\u00fcrd\u00fcr\u00fclebilir bir marka hik\u00e2yesi in\u015fa etmek gerekiyor. Bu kitap, gen\u00e7 giri\u015fimciler ve markas\u0131n\u0131 b\u00fcy\u00fctmek isteyen herkes i\u00e7in ad\u0131m ad\u0131m bir yol haritas\u0131 sunuyor. \u0130\u00e7inde bulacaklar\u0131n\u0131z: \u2022    Pazarlaman\u0131n temel prensipleri \u2022    Marka in\u015fas\u0131 ve kimlik y\u00f6netimi \u2022    Reklam y\u00f6netiminde kullan\u0131lan teknikler \u2022    Sosyal m\u00fchendislik ve t\u00fcketici davran\u0131\u015flar\u0131n\u0131n incelikleri \u2022    Dijital \u00e7a\u011f\u0131n pazarlama ara\u00e7lar\u0131 (SEO, sosyal medya, yapay zek\u00e2) \u2022    Kriz anlar\u0131nda do\u011fru ileti\u015fim stratejileri \u2022    Unicorn markalar\u0131n ba\u015far\u0131 hik\u00e2yeleri ve dersler \u2022    Giri\u015fimciler i\u00e7in 8 ad\u0131mda uygulanabilir yol haritas\u0131 Ger\u00e7ek vakalar, ilham veren hik\u00e2yeler ve pratik uygulamalarla dolu bu kitap, pazarlaman\u0131n teorisini de\u011fil, hayata ge\u00e7mi\u015f deneyimlerini anlat\u0131yor. Bug\u00fcn\u00fcn dev markalar\u0131 bir zamanlar k\u00fc\u00e7\u00fck birer fikirdi. Seninki de olabilir. E\u011fer hayalini ger\u00e7e\u011fe d\u00f6n\u00fc\u015ft\u00fcrmek istiyorsan, bu kitap senin i\u00e7in bir pusula olacak.<\/p>\n","protected":false},"excerpt":{"rendered":"<p>Bir marka kurmak kolay, onu ya\u015fatmak zordur. G\u00fcn\u00fcm\u00fczde sadece iyi bir \u00fcr\u00fcne sahip olmak yeterli de\u011fil; do\u011fru kitleye ula\u015fmak, g\u00fcven kazanmak ve s\u00fcrd\u00fcr\u00fclebilir bir marka hik\u00e2yesi<span class=\"excerpt-hellip\"> [\u2026]<\/span><\/p>\n","protected":false},"featured_media":0,"template":"","meta":{"_monsterinsights_skip_tracking":false,"_monsterinsights_sitenote_active":false,"_monsterinsights_sitenote_note":"","_monsterinsights_sitenote_category":0},"product_brand":[],"product_cat":[13043,17492],"product_tag":[],"class_list":{"0":"post-784329","1":"product","2":"type-product","3":"status-publish","5":"product_cat-ekonomi","6":"product_cat-pazarlama-satis-reklam","7":"pa_cilt-ciltsiz","8":"pa_tur-kitap","9":"pa_yayinevi-yertinc-kultur","10":"pa_yazar-mehmet-can-varlik","12":"first","13":"instock","14":"sale","15":"shipping-taxable","16":"purchasable","17":"product-type-simple"},"_links":{"self":[{"href":"https:\/\/roveyayinevi.com.tr\/index.php\/wp-json\/wp\/v2\/product\/784329","targetHints":{"allow":["GET"]}}],"collection":[{"href":"https:\/\/roveyayinevi.com.tr\/index.php\/wp-json\/wp\/v2\/product"}],"about":[{"href":"https:\/\/roveyayinevi.com.tr\/index.php\/wp-json\/wp\/v2\/types\/product"}],"wp:attachment":[{"href":"https:\/\/roveyayinevi.com.tr\/index.php\/wp-json\/wp\/v2\/media?parent=784329"}],"wp:term":[{"taxonomy":"product_brand","embeddable":true,"href":"https:\/\/roveyayinevi.com.tr\/index.php\/wp-json\/wp\/v2\/product_brand?post=784329"},{"taxonomy":"product_cat","embeddable":true,"href":"https:\/\/roveyayinevi.com.tr\/index.php\/wp-json\/wp\/v2\/product_cat?post=784329"},{"taxonomy":"product_tag","embeddable":true,"href":"https:\/\/roveyayinevi.com.tr\/index.php\/wp-json\/wp\/v2\/product_tag?post=784329"}],"curies":[{"name":"wp","href":"https:\/\/api.w.org\/{rel}","templated":true}]}}