{"id":784326,"date":"2026-03-06T04:02:06","date_gmt":"2026-03-06T01:02:06","guid":{"rendered":"https:\/\/roveyayinevi.com.tr\/index.php\/urun\/defne-yapraklari\/"},"modified":"2026-04-08T03:44:38","modified_gmt":"2026-04-08T00:44:38","slug":"defne-yapraklari","status":"publish","type":"product","link":"https:\/\/roveyayinevi.com.tr\/index.php\/urun\/defne-yapraklari\/","title":{"rendered":"Defne Yapraklar\u0131"},"content":{"rendered":"<p>BBu hik\u00e2ye, defneye d\u00f6n\u00fc\u015fen bir ka\u00e7\u0131\u015f\u0131n g\u00f6lgesinde ba\u015flar. Apollon\u2019dan ka\u00e7arken a\u011faca d\u00f6n\u00fc\u015fen Daphne\u2019nin kaderi, longoz ormanlar\u0131nda pedal \u00e7eviren bir yol bisikleti sporcusunun yazg\u0131s\u0131yla kesi\u015fir. Defne yapraklar\u0131 aras\u0131nda sakl\u0131 kalm\u0131\u015f arkeolojik kal\u0131nt\u0131lar, yaln\u0131zca ta\u015f de\u011fil; unutulmu\u015f dualar, yar\u0131m kalm\u0131\u015f sevdalar ve d\u00f6n\u00fc\u015f\u00fcm\u00fcn izlerini ta\u015f\u0131r. Her pedal darbesi bir mitin yank\u0131s\u0131d\u0131r; her nefes, insan\u0131n do\u011fayla yeniden kurdu\u011fu kadim ba\u011f\u0131n hat\u0131rlan\u0131\u015f\u0131. Bu katmanda a\u015fk, bir bedende de\u011fil; bir a\u011fa\u00e7ta, bir yolda, bir efsanede ya\u015far. Defne Yapraklar\u0131, mitolojinin bug\u00fcne s\u0131zd\u0131\u011f\u0131 yerde, ka\u00e7\u0131\u015f\u0131n direni\u015fe d\u00f6n\u00fc\u015ft\u00fc\u011f\u00fc bir yol anlat\u0131s\u0131d\u0131r.   u hik\u00e2ye, defneye d\u00f6n\u00fc\u015fen bir ka\u00e7\u0131\u015f\u0131n<\/p>\n","protected":false},"excerpt":{"rendered":"<p>BBu hik\u00e2ye, defneye d\u00f6n\u00fc\u015fen bir ka\u00e7\u0131\u015f\u0131n g\u00f6lgesinde ba\u015flar. Apollon\u2019dan ka\u00e7arken a\u011faca d\u00f6n\u00fc\u015fen Daphne\u2019nin kaderi, longoz ormanlar\u0131nda pedal \u00e7eviren bir yol bisikleti sporcusunun yazg\u0131s\u0131yla kesi\u015fir. Defne yapraklar\u0131<span class=\"excerpt-hellip\"> [\u2026]<\/span><\/p>\n","protected":false},"featured_media":0,"template":"","meta":{"_monsterinsights_skip_tracking":false,"_monsterinsights_sitenote_active":false,"_monsterinsights_sitenote_note":"","_monsterinsights_sitenote_category":0},"product_brand":[],"product_cat":[12291,12711],"product_tag":[],"class_list":{"0":"post-784326","1":"product","2":"type-product","3":"status-publish","5":"product_cat-edebiyat","6":"product_cat-roman-oyku","7":"pa_cilt-ciltsiz","8":"pa_tur-kitap","9":"pa_yayinevi-yertinc-kultur","10":"pa_yazar-murat-engin-deniz","12":"first","13":"instock","14":"sale","15":"shipping-taxable","16":"purchasable","17":"product-type-simple"},"_links":{"self":[{"href":"https:\/\/roveyayinevi.com.tr\/index.php\/wp-json\/wp\/v2\/product\/784326","targetHints":{"allow":["GET"]}}],"collection":[{"href":"https:\/\/roveyayinevi.com.tr\/index.php\/wp-json\/wp\/v2\/product"}],"about":[{"href":"https:\/\/roveyayinevi.com.tr\/index.php\/wp-json\/wp\/v2\/types\/product"}],"wp:attachment":[{"href":"https:\/\/roveyayinevi.com.tr\/index.php\/wp-json\/wp\/v2\/media?parent=784326"}],"wp:term":[{"taxonomy":"product_brand","embeddable":true,"href":"https:\/\/roveyayinevi.com.tr\/index.php\/wp-json\/wp\/v2\/product_brand?post=784326"},{"taxonomy":"product_cat","embeddable":true,"href":"https:\/\/roveyayinevi.com.tr\/index.php\/wp-json\/wp\/v2\/product_cat?post=784326"},{"taxonomy":"product_tag","embeddable":true,"href":"https:\/\/roveyayinevi.com.tr\/index.php\/wp-json\/wp\/v2\/product_tag?post=784326"}],"curies":[{"name":"wp","href":"https:\/\/api.w.org\/{rel}","templated":true}]}}