{"id":784321,"date":"2026-03-06T04:01:56","date_gmt":"2026-03-06T01:01:56","guid":{"rendered":"https:\/\/roveyayinevi.com.tr\/index.php\/urun\/adini-sen-koy-2\/"},"modified":"2026-04-15T03:47:48","modified_gmt":"2026-04-15T00:47:48","slug":"adini-sen-koy-2","status":"publish","type":"product","link":"https:\/\/roveyayinevi.com.tr\/index.php\/urun\/adini-sen-koy-2\/","title":{"rendered":"Ad\u0131n\u0131 Sen Koy"},"content":{"rendered":"<p>&#8220;\u0130\u00e7ime att\u0131klar\u0131m \u00e7att\u0131 ka\u015flar\u0131m\u0131. Ondand\u0131r sert bak\u0131\u015flar\u0131m..&#8221; \u0130\u00e7inize att\u0131klar\u0131n\u0131z\u0131 bu kitapta bulacaks\u0131n\u0131z. G\u00f6nl\u00fcn\u00fczdekilerin dilinize vurmas\u0131, dilinize vurduklar\u0131n\u0131z\u0131n da ad\u0131n\u0131 koyabilmeniz dile\u011fiyle.<\/p>\n","protected":false},"excerpt":{"rendered":"<p>&#8220;\u0130\u00e7ime att\u0131klar\u0131m \u00e7att\u0131 ka\u015flar\u0131m\u0131. Ondand\u0131r sert bak\u0131\u015flar\u0131m..&#8221; \u0130\u00e7inize att\u0131klar\u0131n\u0131z\u0131 bu kitapta bulacaks\u0131n\u0131z. G\u00f6nl\u00fcn\u00fczdekilerin dilinize vurmas\u0131, dilinize vurduklar\u0131n\u0131z\u0131n da ad\u0131n\u0131 koyabilmeniz dile\u011fiyle.<\/p>\n","protected":false},"featured_media":0,"template":"","meta":{"_monsterinsights_skip_tracking":false,"_monsterinsights_sitenote_active":false,"_monsterinsights_sitenote_note":"","_monsterinsights_sitenote_category":0},"product_brand":[],"product_cat":[141304],"product_tag":[],"class_list":{"0":"post-784321","1":"product","2":"type-product","3":"status-publish","5":"product_cat-yeni-cikanlar","6":"pa_cilt-ciltsiz","7":"pa_tur-kitap","8":"pa_yayinevi-yertinc-kultur","9":"pa_yazar-suheda-akcay","11":"first","12":"instock","13":"sale","14":"shipping-taxable","15":"purchasable","16":"product-type-simple"},"_links":{"self":[{"href":"https:\/\/roveyayinevi.com.tr\/index.php\/wp-json\/wp\/v2\/product\/784321","targetHints":{"allow":["GET"]}}],"collection":[{"href":"https:\/\/roveyayinevi.com.tr\/index.php\/wp-json\/wp\/v2\/product"}],"about":[{"href":"https:\/\/roveyayinevi.com.tr\/index.php\/wp-json\/wp\/v2\/types\/product"}],"wp:attachment":[{"href":"https:\/\/roveyayinevi.com.tr\/index.php\/wp-json\/wp\/v2\/media?parent=784321"}],"wp:term":[{"taxonomy":"product_brand","embeddable":true,"href":"https:\/\/roveyayinevi.com.tr\/index.php\/wp-json\/wp\/v2\/product_brand?post=784321"},{"taxonomy":"product_cat","embeddable":true,"href":"https:\/\/roveyayinevi.com.tr\/index.php\/wp-json\/wp\/v2\/product_cat?post=784321"},{"taxonomy":"product_tag","embeddable":true,"href":"https:\/\/roveyayinevi.com.tr\/index.php\/wp-json\/wp\/v2\/product_tag?post=784321"}],"curies":[{"name":"wp","href":"https:\/\/api.w.org\/{rel}","templated":true}]}}