{"id":784320,"date":"2026-03-06T04:01:54","date_gmt":"2026-03-06T01:01:54","guid":{"rendered":"https:\/\/roveyayinevi.com.tr\/index.php\/urun\/adi-sakli-kalbimde-siirlerin\/"},"modified":"2026-04-15T03:47:48","modified_gmt":"2026-04-15T00:47:48","slug":"adi-sakli-kalbimde-siirlerin","status":"publish","type":"product","link":"https:\/\/roveyayinevi.com.tr\/index.php\/urun\/adi-sakli-kalbimde-siirlerin\/","title":{"rendered":"Ad\u0131 Sakl\u0131 Kalbimde \u015eiirlerin"},"content":{"rendered":"<p>Ben alayl\u0131y\u0131m. \u0130\u00e7imden ge\u00e7enleri kelimelere d\u00f6kmek istedim.\u201cNe i\u00e7in yaz\u0131yorsun?\u201d dediklerinde, \u201cD\u00fc\u015f\u00fcnd\u00fc\u011f\u00fcm\u00fc okumak i\u00e7in\u201d dedim.Yazmak, kendi i\u00e7indeki filmi ka\u011f\u0131da ta\u015f\u0131makt\u0131r; g\u00f6r\u00fcnmeyeni g\u00f6r\u00fcn\u00fcr k\u0131lmak, sessizli\u011fi seslendirmek ve duygunun en derin k\u00f6\u015felerine dokunmakt\u0131r.Bu kitap, o sessiz filmin perdelerini aralayan bir yolculuk gibi herkes kendinden bir par\u00e7a bulacakt\u0131r&#8230;<\/p>\n","protected":false},"excerpt":{"rendered":"<p>Ben alayl\u0131y\u0131m. \u0130\u00e7imden ge\u00e7enleri kelimelere d\u00f6kmek istedim.\u201cNe i\u00e7in yaz\u0131yorsun?\u201d dediklerinde, \u201cD\u00fc\u015f\u00fcnd\u00fc\u011f\u00fcm\u00fc okumak i\u00e7in\u201d dedim.Yazmak, kendi i\u00e7indeki filmi ka\u011f\u0131da ta\u015f\u0131makt\u0131r; g\u00f6r\u00fcnmeyeni g\u00f6r\u00fcn\u00fcr k\u0131lmak, sessizli\u011fi seslendirmek ve duygunun<span class=\"excerpt-hellip\"> [\u2026]<\/span><\/p>\n","protected":false},"featured_media":0,"template":"","meta":{"_monsterinsights_skip_tracking":false,"_monsterinsights_sitenote_active":false,"_monsterinsights_sitenote_note":"","_monsterinsights_sitenote_category":0},"product_brand":[],"product_cat":[141304],"product_tag":[],"class_list":{"0":"post-784320","1":"product","2":"type-product","3":"status-publish","5":"product_cat-yeni-cikanlar","6":"pa_cilt-ciltsiz","7":"pa_tur-kitap","8":"pa_yayinevi-yertinc-kultur","9":"pa_yazar-ahmet-ozgur","11":"first","12":"instock","13":"sale","14":"shipping-taxable","15":"purchasable","16":"product-type-simple"},"_links":{"self":[{"href":"https:\/\/roveyayinevi.com.tr\/index.php\/wp-json\/wp\/v2\/product\/784320","targetHints":{"allow":["GET"]}}],"collection":[{"href":"https:\/\/roveyayinevi.com.tr\/index.php\/wp-json\/wp\/v2\/product"}],"about":[{"href":"https:\/\/roveyayinevi.com.tr\/index.php\/wp-json\/wp\/v2\/types\/product"}],"wp:attachment":[{"href":"https:\/\/roveyayinevi.com.tr\/index.php\/wp-json\/wp\/v2\/media?parent=784320"}],"wp:term":[{"taxonomy":"product_brand","embeddable":true,"href":"https:\/\/roveyayinevi.com.tr\/index.php\/wp-json\/wp\/v2\/product_brand?post=784320"},{"taxonomy":"product_cat","embeddable":true,"href":"https:\/\/roveyayinevi.com.tr\/index.php\/wp-json\/wp\/v2\/product_cat?post=784320"},{"taxonomy":"product_tag","embeddable":true,"href":"https:\/\/roveyayinevi.com.tr\/index.php\/wp-json\/wp\/v2\/product_tag?post=784320"}],"curies":[{"name":"wp","href":"https:\/\/api.w.org\/{rel}","templated":true}]}}