{"id":784319,"date":"2026-03-06T04:01:52","date_gmt":"2026-03-06T01:01:52","guid":{"rendered":"https:\/\/roveyayinevi.com.tr\/index.php\/urun\/buyuk-ayi\/"},"modified":"2026-04-11T03:47:53","modified_gmt":"2026-04-11T00:47:53","slug":"buyuk-ayi","status":"publish","type":"product","link":"https:\/\/roveyayinevi.com.tr\/index.php\/urun\/buyuk-ayi\/","title":{"rendered":"B\u00fcy\u00fck Ay\u0131"},"content":{"rendered":"<p>B\u00fcy\u00fck Ay\u0131\u2019n\u0131n sessiz \u00e7\u0131\u011fl\u0131\u011f\u0131na kulak verin! \u00d6d\u00fcll\u00fc sanat\u00e7\u0131 Annie Booker\u2019\u0131n yaz\u0131p resimledi\u011fi B\u00fcy\u00fck Ay\u0131, insanl\u0131\u011f\u0131n do\u011fa \u00fczerindeki y\u0131k\u0131c\u0131 etkilerine kar\u015f\u0131 fark\u0131ndal\u0131k uyand\u0131ran, umut dolu bir hik\u00e2ye. Ekolojik dengenin bozulmas\u0131na dikkat \u00e7eken g\u00fc\u00e7l\u00fc anlat\u0131s\u0131 ve g\u00f6zlerde canlanan b\u00fcy\u00fcleyici \u00e7izimleriyle her ya\u015ftan okuru derin sulara \u00e7eken kitap; do\u011fa sevgisi a\u015f\u0131l\u0131yor, \u00e7evreye duyarl\u0131l\u0131\u011f\u0131 art\u0131r\u0131yor. Gezegenimizin yaralar\u0131n\u0131 sarmak i\u00e7in herkesi sorumluluk almaya davet eden bu etkileyici \u00f6yk\u00fc, aslolan\u0131n yapt\u0131\u011f\u0131m\u0131z hatalar\u0131 telafi etmek oldu\u011funu vurguluyor. Bir zamanlar D\u00fcnya\u2019n\u0131n en kuzeyinde, ya\u015fam dolu bir okyanus vard\u0131. Dev yosun ormanlar\u0131yla kapl\u0131 sular\u0131n\u0131n \u00e7ok ama \u00e7ok derinlerinde ise deniz kadar ya\u015fl\u0131, deniz kadar bilge B\u00fcy\u00fck Ay\u0131 ya\u015fard\u0131. Derken bir g\u00fcn, bamba\u015fka bir \u015fey \u00e7\u0131kt\u0131 ortaya. Bir insan ve pe\u015finden s\u00fcr\u00fcklenen devasa g\u00f6lgesi! G\u00f6lgeler b\u00fcy\u00fcd\u00fck\u00e7e hava kirlendi, sular buland\u0131; yosunlar, bal\u0131klar, ku\u015flar ve di\u011fer t\u00fcm canl\u0131lar \u00e7aresizce karanl\u0131\u011fa teslim oldu. Ta ki engin denizlerin koruyucusu B\u00fcy\u00fck Ay\u0131, t\u00fcm bu ya\u015fananlara daha fazla seyirci kalamay\u0131ncaya kadar&#8230; Kutup ay\u0131s\u0131n\u0131n anavatan\u0131 Arktika ile Arktik Okyanusu\u2019nu gelecek nesiller i\u00e7in koruman\u0131n gereklili\u011fini hat\u0131rlatan B\u00fcy\u00fck Ay\u0131, kalplere seslenen evrensel mesaj\u0131yla k\u00fct\u00fcphanelerde ba\u015fk\u00f6\u015feyi hak ediyor. \u201cB\u00fcy\u00fck Ay\u0131, hik\u00e2ye bittikten sonra bile zihninizde var olmaya ve nefes almaya devam ediyor.\u201d Michael Morpurgo<\/p>\n","protected":false},"excerpt":{"rendered":"<p>B\u00fcy\u00fck Ay\u0131\u2019n\u0131n sessiz \u00e7\u0131\u011fl\u0131\u011f\u0131na kulak verin! \u00d6d\u00fcll\u00fc sanat\u00e7\u0131 Annie Booker\u2019\u0131n yaz\u0131p resimledi\u011fi B\u00fcy\u00fck Ay\u0131, insanl\u0131\u011f\u0131n do\u011fa \u00fczerindeki y\u0131k\u0131c\u0131 etkilerine kar\u015f\u0131 fark\u0131ndal\u0131k uyand\u0131ran, umut dolu bir hik\u00e2ye.<span class=\"excerpt-hellip\"> [\u2026]<\/span><\/p>\n","protected":false},"featured_media":0,"template":"","meta":{"_monsterinsights_skip_tracking":false,"_monsterinsights_sitenote_active":false,"_monsterinsights_sitenote_note":"","_monsterinsights_sitenote_category":0},"product_brand":[],"product_cat":[12274,12284],"product_tag":[],"class_list":{"0":"post-784319","1":"product","2":"type-product","3":"status-publish","5":"product_cat-cocuk-ve-genclik-kitaplari","6":"product_cat-hikayeler","7":"pa_cilt-ciltsiz","8":"pa_tur-kitap","9":"pa_yayinevi-ucanbalik-yayincilik","10":"pa_yazar-annie-booker","12":"first","13":"instock","14":"sale","15":"shipping-taxable","16":"purchasable","17":"product-type-simple"},"_links":{"self":[{"href":"https:\/\/roveyayinevi.com.tr\/index.php\/wp-json\/wp\/v2\/product\/784319","targetHints":{"allow":["GET"]}}],"collection":[{"href":"https:\/\/roveyayinevi.com.tr\/index.php\/wp-json\/wp\/v2\/product"}],"about":[{"href":"https:\/\/roveyayinevi.com.tr\/index.php\/wp-json\/wp\/v2\/types\/product"}],"wp:attachment":[{"href":"https:\/\/roveyayinevi.com.tr\/index.php\/wp-json\/wp\/v2\/media?parent=784319"}],"wp:term":[{"taxonomy":"product_brand","embeddable":true,"href":"https:\/\/roveyayinevi.com.tr\/index.php\/wp-json\/wp\/v2\/product_brand?post=784319"},{"taxonomy":"product_cat","embeddable":true,"href":"https:\/\/roveyayinevi.com.tr\/index.php\/wp-json\/wp\/v2\/product_cat?post=784319"},{"taxonomy":"product_tag","embeddable":true,"href":"https:\/\/roveyayinevi.com.tr\/index.php\/wp-json\/wp\/v2\/product_tag?post=784319"}],"curies":[{"name":"wp","href":"https:\/\/api.w.org\/{rel}","templated":true}]}}