{"id":784315,"date":"2026-03-06T04:01:44","date_gmt":"2026-03-06T01:01:44","guid":{"rendered":"https:\/\/roveyayinevi.com.tr\/index.php\/urun\/islam-otoriterlik-ve-geri-kalmislik-kuresel-ve-tarihsel-bir-karsilastirma\/"},"modified":"2026-04-15T03:47:45","modified_gmt":"2026-04-15T00:47:45","slug":"islam-otoriterlik-ve-geri-kalmislik-kuresel-ve-tarihsel-bir-karsilastirma","status":"publish","type":"product","link":"https:\/\/roveyayinevi.com.tr\/index.php\/urun\/islam-otoriterlik-ve-geri-kalmislik-kuresel-ve-tarihsel-bir-karsilastirma\/","title":{"rendered":"\u0130slam Otoriterlik ve Geri Kalm\u0131\u015fl\u0131k K\u00fcresel ve Tarihsel Bir Kar\u015f\u0131la\u015ft\u0131rma"},"content":{"rendered":"<p>\u201c\u0130ddial\u0131 ve ba\u015far\u0131l\u0131 bir analiz.\u201d Prof. Dr. John Waterbury, Foreign Affairs \u201c2022 y\u0131l\u0131n\u0131n en iyi kitaplar\u0131ndan. Rusya\u2019da Putin-Kilise ortakl\u0131\u011f\u0131 du\u0308\u015fu\u0308nu\u0308ldu\u0308\u011fu\u0308nde, Kuru\u2019nun teorisi \u0130slam du\u0308nyas\u0131 d\u0131\u015f\u0131nda da ge\u00e7erli.\u201d Diana Darke, Times Literary Supplement \u201cKuru\u2019nun kitab\u0131 Mu\u0308slu\u0308man entelektu\u0308el du\u0308nyada f\u0131rt\u0131nalar estirdi. A\u00e7\u0131k ve demokratik bir topluma, rekabet\u00e7i bir ekonomiye sahip olmaktan ba\u015fka bir yol olmad\u0131\u011f\u0131n\u0131 s\u00f6ylu\u0308yor. \u2018Bu Bat\u0131l\u0131la\u015fma de\u011fil, aksine \u0130slam\u2019\u0131n ruhuna uygun\u2019 diyor.\u201d Julia Suryakusuma, Jakarta Post (Endonezya) \u201cNesiller boyu du\u0308\u015fu\u0308nu\u0308rler, bir zamanlar entelektu\u0308el a\u00e7\u0131dan yarat\u0131c\u0131 ve ticari a\u00e7\u0131dan canl\u0131 olan \u0130slam du\u0308nyas\u0131n\u0131n neden geri kald\u0131\u011f\u0131 ve bask\u0131c\u0131 bir y\u00f6netimi sembolize eder hale geldi\u011fi konusunda kafa yormu\u015flard\u0131r. Ahmet T. Kuru, titizlikle ara\u015ft\u0131r\u0131lm\u0131\u015f, kavray\u0131c\u0131 ve ezber bozan bu kitab\u0131nda, birbiriyle ba\u011flant\u0131l\u0131 bu d\u00f6nu\u0308\u015fu\u0308mleri din adamlar\u0131 ve devlet aras\u0131ndaki karma\u015f\u0131k ittifaka ba\u011fl\u0131yor. De\u011fi\u015fik disiplinlerden akademisyenlerin yan\u0131 s\u0131ra \u0130slam\u2019\u0131n \u00e7a\u011flar boyunca oynad\u0131\u011f\u0131 entelektu\u0308el, siyasi ve ekonomik rollerle ilgilenen geni\u015f kitlelerin de ilgisini \u00e7ekecektir.\u201d Prof. Dr. Timur Kuran, Duke \u00dcniversitesi (ABD)<\/p>\n","protected":false},"excerpt":{"rendered":"<p>\u201c\u0130ddial\u0131 ve ba\u015far\u0131l\u0131 bir analiz.\u201d Prof. Dr. John Waterbury, Foreign Affairs \u201c2022 y\u0131l\u0131n\u0131n en iyi kitaplar\u0131ndan. Rusya\u2019da Putin-Kilise ortakl\u0131\u011f\u0131 du\u0308\u015fu\u0308nu\u0308ldu\u0308\u011fu\u0308nde, Kuru\u2019nun teorisi \u0130slam du\u0308nyas\u0131 d\u0131\u015f\u0131nda da<span class=\"excerpt-hellip\"> [\u2026]<\/span><\/p>\n","protected":false},"featured_media":0,"template":"","meta":{"_monsterinsights_skip_tracking":false,"_monsterinsights_sitenote_active":false,"_monsterinsights_sitenote_note":"","_monsterinsights_sitenote_category":0},"product_brand":[],"product_cat":[16789,12718,12719],"product_tag":[],"class_list":{"0":"post-784315","1":"product","2":"type-product","3":"status-publish","5":"product_cat-diger-islam","6":"product_cat-din","7":"product_cat-islam","8":"pa_cilt-ciltsiz","9":"pa_tur-kitap","10":"pa_yayinevi-ayrinti-yayinlari","11":"pa_yazar-ahmet-t-kuru","13":"first","14":"instock","15":"sale","16":"shipping-taxable","17":"purchasable","18":"product-type-simple"},"_links":{"self":[{"href":"https:\/\/roveyayinevi.com.tr\/index.php\/wp-json\/wp\/v2\/product\/784315","targetHints":{"allow":["GET"]}}],"collection":[{"href":"https:\/\/roveyayinevi.com.tr\/index.php\/wp-json\/wp\/v2\/product"}],"about":[{"href":"https:\/\/roveyayinevi.com.tr\/index.php\/wp-json\/wp\/v2\/types\/product"}],"wp:attachment":[{"href":"https:\/\/roveyayinevi.com.tr\/index.php\/wp-json\/wp\/v2\/media?parent=784315"}],"wp:term":[{"taxonomy":"product_brand","embeddable":true,"href":"https:\/\/roveyayinevi.com.tr\/index.php\/wp-json\/wp\/v2\/product_brand?post=784315"},{"taxonomy":"product_cat","embeddable":true,"href":"https:\/\/roveyayinevi.com.tr\/index.php\/wp-json\/wp\/v2\/product_cat?post=784315"},{"taxonomy":"product_tag","embeddable":true,"href":"https:\/\/roveyayinevi.com.tr\/index.php\/wp-json\/wp\/v2\/product_tag?post=784315"}],"curies":[{"name":"wp","href":"https:\/\/api.w.org\/{rel}","templated":true}]}}