{"id":784298,"date":"2026-03-06T04:01:11","date_gmt":"2026-03-06T01:01:11","guid":{"rendered":"https:\/\/roveyayinevi.com.tr\/index.php\/urun\/buyuk-cikartma-kitabi-tasitlar\/"},"modified":"2026-04-15T03:47:39","modified_gmt":"2026-04-15T00:47:39","slug":"buyuk-cikartma-kitabi-tasitlar","status":"publish","type":"product","link":"https:\/\/roveyayinevi.com.tr\/index.php\/urun\/buyuk-cikartma-kitabi-tasitlar\/","title":{"rendered":"B\u00fcy\u00fck \u00c7\u0131kartma Kitab\u0131  Ta\u015f\u0131tlar"},"content":{"rendered":"<p>\u201cHayvanlar\u201d ve \u201cTa\u015f\u0131tlar\u201d ba\u015fl\u0131klar\u0131ndan olu\u015fan B\u00fcy\u00fck \u00c7\u0131kartma Kitaplar\u0131, \u00e7ocuklar\u0131 renkli ve etkile\u015fimli bir ke\u015fif yolculu\u011funa davet ediyor. Her sayfas\u0131, \u00f6\u011frenmeyi e\u011flenceli h\u00e2le getiren etkinliklerle dolu bu kitaplar; \u00e7ocuklar\u0131n dikkatini canl\u0131 tutarken merak duygular\u0131n\u0131 da destekliyor. Boyama sayfalar\u0131yla renkleri tan\u0131ma ve el becerilerini geli\u015ftirme imk\u00e2n\u0131 sunan kitaplar, katlanabilir sahneler sayesinde oyun alan\u0131n\u0131 geni\u015fletiyor. Bulmacalar ve oyun kartlar\u0131, d\u00fc\u015f\u00fcnme ve problem \u00e7\u00f6zme becerilerini desteklerken, 80\u2019den fazla \u00e7\u0131kartma \u00e7ocuklara kendi hik\u00e2yelerini yaratma \u00f6zg\u00fcrl\u00fc\u011f\u00fc tan\u0131yor. Kitaplar\u0131n arka b\u00f6l\u00fcm\u00fcnde yer alan \u00e7\u0131kartmalar, etkinlik sayfalar\u0131nda do\u011fru yerlere yap\u0131\u015ft\u0131r\u0131labilir; kullan\u0131lmayan \u00e7\u0131kartmalar ise tamamen \u00e7ocu\u011fun hayal g\u00fcc\u00fcne b\u0131rak\u0131l\u0131r. Kendi maskeni tasarlamak, sahneleri katlay\u0131p yeniden d\u00fczenlemek ve \u00e7\u0131kar\u0131labilir sayfalarla oyunu her seferinde farkl\u0131 bir h\u00e2le getirmek m\u00fcmk\u00fcn. Hem bireysel oyun zaman\u0131 hem de ebeveynlerle birlikte ge\u00e7irilen keyifli anlar i\u00e7in tasarlanan bu kitaplar, \u00e7ocuklar\u0131n yarat\u0131c\u0131l\u0131\u011f\u0131n\u0131, dikkatini ve \u00f6\u011frenme iste\u011fini destekleyen e\u011flenceli bir deneyim sunuyor.<\/p>\n","protected":false},"excerpt":{"rendered":"<p>\u201cHayvanlar\u201d ve \u201cTa\u015f\u0131tlar\u201d ba\u015fl\u0131klar\u0131ndan olu\u015fan B\u00fcy\u00fck \u00c7\u0131kartma Kitaplar\u0131, \u00e7ocuklar\u0131 renkli ve etkile\u015fimli bir ke\u015fif yolculu\u011funa davet ediyor. Her sayfas\u0131, \u00f6\u011frenmeyi e\u011flenceli h\u00e2le getiren etkinliklerle dolu bu<span class=\"excerpt-hellip\"> [\u2026]<\/span><\/p>\n","protected":false},"featured_media":0,"template":"","meta":{"_monsterinsights_skip_tracking":false,"_monsterinsights_sitenote_active":false,"_monsterinsights_sitenote_note":"","_monsterinsights_sitenote_category":0},"product_brand":[],"product_cat":[141304],"product_tag":[],"class_list":{"0":"post-784298","1":"product","2":"type-product","3":"status-publish","5":"product_cat-yeni-cikanlar","6":"pa_cilt-ciltsiz","7":"pa_tur-kitap","8":"pa_yayinevi-ucan-fil-yayinlari","9":"pa_yazar-kolektif","11":"first","12":"instock","13":"sale","14":"shipping-taxable","15":"purchasable","16":"product-type-simple"},"_links":{"self":[{"href":"https:\/\/roveyayinevi.com.tr\/index.php\/wp-json\/wp\/v2\/product\/784298","targetHints":{"allow":["GET"]}}],"collection":[{"href":"https:\/\/roveyayinevi.com.tr\/index.php\/wp-json\/wp\/v2\/product"}],"about":[{"href":"https:\/\/roveyayinevi.com.tr\/index.php\/wp-json\/wp\/v2\/types\/product"}],"wp:attachment":[{"href":"https:\/\/roveyayinevi.com.tr\/index.php\/wp-json\/wp\/v2\/media?parent=784298"}],"wp:term":[{"taxonomy":"product_brand","embeddable":true,"href":"https:\/\/roveyayinevi.com.tr\/index.php\/wp-json\/wp\/v2\/product_brand?post=784298"},{"taxonomy":"product_cat","embeddable":true,"href":"https:\/\/roveyayinevi.com.tr\/index.php\/wp-json\/wp\/v2\/product_cat?post=784298"},{"taxonomy":"product_tag","embeddable":true,"href":"https:\/\/roveyayinevi.com.tr\/index.php\/wp-json\/wp\/v2\/product_tag?post=784298"}],"curies":[{"name":"wp","href":"https:\/\/api.w.org\/{rel}","templated":true}]}}