{"id":784293,"date":"2026-03-06T04:00:42","date_gmt":"2026-03-06T01:00:42","guid":{"rendered":"https:\/\/roveyayinevi.com.tr\/index.php\/urun\/eylul-25\/"},"modified":"2026-04-15T03:47:36","modified_gmt":"2026-04-15T00:47:36","slug":"eylul-25","status":"publish","type":"product","link":"https:\/\/roveyayinevi.com.tr\/index.php\/urun\/eylul-25\/","title":{"rendered":"Eyl\u00fcl"},"content":{"rendered":"<p>\u201cBu renk ve kokunun ne vefas\u0131z, art\u0131k ele ge\u00e7mez, eldeyken k\u0131ymeti bilinmemi\u015f, \u00f6ylece t\u00fcketilmi\u015f bir hazine oldu\u011funu ac\u0131 ac\u0131 g\u00f6r\u00fcyor, i\u015fte art\u0131k ne bir \u00e7i\u00e7ek ne bir koku kalm\u0131\u015f\u2026 Art\u0131k tahamm\u00fcl bile kalmam\u0131\u015f. Hepsi \u00e7\u00fcr\u00fcm\u00fc\u015f. Evvelden ya\u011fmur ya\u011fsa umursamazlard\u0131, belki daha tazelik, daha hayat gelirdi. \u015eimdi\u2026 \u015fimdi i\u015fte ya\u011fmur, i\u015fte k\u0131\u015f hepsini \u00e7\u00fcr\u00fct\u00fcyor, her \u015fey \u00e7\u00fcr\u00fcyor, her \u015fey\u2026 Evet, her \u015fey \u00e7\u00fcr\u00fcyor, her \u015fey\u2026 \u0130nsanlar da \u00e7\u00fcr\u00fcmeyecekler mi?\u201dT\u00fcrk edebiyat\u0131n\u0131n unutulmaz romanlar\u0131ndan biri olan Eyl\u00fcl i\u00e7in yasak a\u015fk temas\u0131n\u0131n cesurca i\u015flendi\u011fi bir a\u015fk ve karasevda roman\u0131 demek yanl\u0131\u015f olmaz. \u201cPsikolojik roman\u201d dendi\u011finde akla gelen ilk eser olan Eyl\u00fcl\u2019de karakterler, i\u00e7 d\u00fcnyalar\u0131 derinlemesine incelenerek kar\u015f\u0131m\u0131za \u00e7\u0131kar\u0131l\u0131yor. Okuyan herkeste iz b\u0131rakm\u0131\u015f, sonras\u0131nda yaz\u0131lan bir\u00e7ok roman\u0131 da etkilemi\u015f olan bu ba\u015fyap\u0131t, \u00f6zellikle Bo\u011fazi\u00e7i\u2019nde ge\u00e7en sahneleriyle bir d\u00f6nem \u0130stanbul\u2019unun en canl\u0131 var oldu\u011fu romanlar\u0131m\u0131zdan biri de ayn\u0131 zamanda.Bu \u00f6l\u00fcms\u00fcz eseri, notland\u0131r\u0131lm\u0131\u015f ve dikkatli bir \u00e7al\u0131\u015fmayla g\u00fcn\u00fcm\u00fcz T\u00fcrk\u00e7esine uyarlanm\u0131\u015f olarak sunuyoruz.\u201cBence Eyl\u00fcl, tek ba\u015f\u0131na, bir yazar\u0131n ismini edebiyat tarihine silinemeyecek \u015fekilde nak\u015fetmek i\u00e7in k\u00e2fidir.\u201d Halid Ziya U\u015fakl\u0131gil<\/p>\n","protected":false},"excerpt":{"rendered":"<p>\u201cBu renk ve kokunun ne vefas\u0131z, art\u0131k ele ge\u00e7mez, eldeyken k\u0131ymeti bilinmemi\u015f, \u00f6ylece t\u00fcketilmi\u015f bir hazine oldu\u011funu ac\u0131 ac\u0131 g\u00f6r\u00fcyor, i\u015fte art\u0131k ne bir \u00e7i\u00e7ek ne<span class=\"excerpt-hellip\"> [\u2026]<\/span><\/p>\n","protected":false},"featured_media":0,"template":"","meta":{"_monsterinsights_skip_tracking":false,"_monsterinsights_sitenote_active":false,"_monsterinsights_sitenote_note":"","_monsterinsights_sitenote_category":0},"product_brand":[],"product_cat":[12291,12711],"product_tag":[],"class_list":{"0":"post-784293","1":"product","2":"type-product","3":"status-publish","5":"product_cat-edebiyat","6":"product_cat-roman-oyku","7":"pa_cilt-ciltsiz","8":"pa_tur-kitap","9":"pa_yayinevi-kafka-yayinevi","10":"pa_yazar-mehmet-rauf","12":"first","13":"instock","14":"sale","15":"shipping-taxable","16":"purchasable","17":"product-type-simple"},"_links":{"self":[{"href":"https:\/\/roveyayinevi.com.tr\/index.php\/wp-json\/wp\/v2\/product\/784293","targetHints":{"allow":["GET"]}}],"collection":[{"href":"https:\/\/roveyayinevi.com.tr\/index.php\/wp-json\/wp\/v2\/product"}],"about":[{"href":"https:\/\/roveyayinevi.com.tr\/index.php\/wp-json\/wp\/v2\/types\/product"}],"wp:attachment":[{"href":"https:\/\/roveyayinevi.com.tr\/index.php\/wp-json\/wp\/v2\/media?parent=784293"}],"wp:term":[{"taxonomy":"product_brand","embeddable":true,"href":"https:\/\/roveyayinevi.com.tr\/index.php\/wp-json\/wp\/v2\/product_brand?post=784293"},{"taxonomy":"product_cat","embeddable":true,"href":"https:\/\/roveyayinevi.com.tr\/index.php\/wp-json\/wp\/v2\/product_cat?post=784293"},{"taxonomy":"product_tag","embeddable":true,"href":"https:\/\/roveyayinevi.com.tr\/index.php\/wp-json\/wp\/v2\/product_tag?post=784293"}],"curies":[{"name":"wp","href":"https:\/\/api.w.org\/{rel}","templated":true}]}}