{"id":784292,"date":"2026-03-06T04:00:39","date_gmt":"2026-03-06T01:00:39","guid":{"rendered":"https:\/\/roveyayinevi.com.tr\/index.php\/urun\/bu-nasil-ada\/"},"modified":"2026-04-08T03:44:32","modified_gmt":"2026-04-08T00:44:32","slug":"bu-nasil-ada","status":"publish","type":"product","link":"https:\/\/roveyayinevi.com.tr\/index.php\/urun\/bu-nasil-ada\/","title":{"rendered":"Bu Nas\u0131l Ada?"},"content":{"rendered":"<p>Ailesiyle \u00e7\u0131kt\u0131\u011f\u0131 yolculukta kendini gizemli bir adada bulan Ada\u2019y\u0131 neler bekliyor dersin?Bu ada bildi\u011fin adalara hi\u00e7 benzemiyor.  \u00c7\u00fcnk\u00fc burada mamut, Moa ku\u015fu, Magelanya ve  daha niceleri h\u00e2l\u00e2 ya\u015f\u0131yor!Nesli t\u00fckenmi\u015f hayvanlarla e\u011flenceli ve heyecan  dolu bir maceraya at\u0131lmaya haz\u0131r m\u0131s\u0131n? \u25cf Canl\u0131lar ve Ya\u015fam Alanlar\u0131\u25cf   Birlikte Ya\u015fam     \u25cf  \u0130\u015f Birli\u011fi\u25cf  Ekosistem                 \u25cf    Yarat\u0131c\u0131l\u0131k\u25cf   Ke\u015fif Aile                 \u25cf  \u0130\u00e7i \u0130leti\u015fim \u25cf Merak<\/p>\n","protected":false},"excerpt":{"rendered":"<p>Ailesiyle \u00e7\u0131kt\u0131\u011f\u0131 yolculukta kendini gizemli bir adada bulan Ada\u2019y\u0131 neler bekliyor dersin?Bu ada bildi\u011fin adalara hi\u00e7 benzemiyor. \u00c7\u00fcnk\u00fc burada mamut, Moa ku\u015fu, Magelanya ve daha niceleri<span class=\"excerpt-hellip\"> [\u2026]<\/span><\/p>\n","protected":false},"featured_media":0,"template":"","meta":{"_monsterinsights_skip_tracking":false,"_monsterinsights_sitenote_active":false,"_monsterinsights_sitenote_note":"","_monsterinsights_sitenote_category":0},"product_brand":[],"product_cat":[12274,12284],"product_tag":[],"class_list":{"0":"post-784292","1":"product","2":"type-product","3":"status-publish","5":"product_cat-cocuk-ve-genclik-kitaplari","6":"product_cat-hikayeler","7":"pa_cilt-ciltsiz","8":"pa_tur-kitap","9":"pa_yayinevi-masalperest","10":"pa_yazar-dogan-akdogan","12":"first","13":"instock","14":"sale","15":"shipping-taxable","16":"purchasable","17":"product-type-simple"},"_links":{"self":[{"href":"https:\/\/roveyayinevi.com.tr\/index.php\/wp-json\/wp\/v2\/product\/784292","targetHints":{"allow":["GET"]}}],"collection":[{"href":"https:\/\/roveyayinevi.com.tr\/index.php\/wp-json\/wp\/v2\/product"}],"about":[{"href":"https:\/\/roveyayinevi.com.tr\/index.php\/wp-json\/wp\/v2\/types\/product"}],"wp:attachment":[{"href":"https:\/\/roveyayinevi.com.tr\/index.php\/wp-json\/wp\/v2\/media?parent=784292"}],"wp:term":[{"taxonomy":"product_brand","embeddable":true,"href":"https:\/\/roveyayinevi.com.tr\/index.php\/wp-json\/wp\/v2\/product_brand?post=784292"},{"taxonomy":"product_cat","embeddable":true,"href":"https:\/\/roveyayinevi.com.tr\/index.php\/wp-json\/wp\/v2\/product_cat?post=784292"},{"taxonomy":"product_tag","embeddable":true,"href":"https:\/\/roveyayinevi.com.tr\/index.php\/wp-json\/wp\/v2\/product_tag?post=784292"}],"curies":[{"name":"wp","href":"https:\/\/api.w.org\/{rel}","templated":true}]}}