{"id":784291,"date":"2026-03-06T04:00:37","date_gmt":"2026-03-06T01:00:37","guid":{"rendered":"https:\/\/roveyayinevi.com.tr\/index.php\/urun\/mars-mabedi\/"},"modified":"2026-04-15T03:47:36","modified_gmt":"2026-04-15T00:47:36","slug":"mars-mabedi","status":"publish","type":"product","link":"https:\/\/roveyayinevi.com.tr\/index.php\/urun\/mars-mabedi\/","title":{"rendered":"Mars Mabedi"},"content":{"rendered":"<p>A\u015fk, zaman\u0131n ve mek\u00e2n\u0131n s\u0131n\u0131rlar\u0131n\u0131 reddeden tek b\u00fcy\u00fck isyand\u0131r.\u201cMars Mabedi, biri mitolojik di\u011feri modern iki tutkunun, Halikarnassos\u2019un kadim g\u00f6lgesinde kesi\u015fti\u011fi sars\u0131c\u0131 bir hik\u00e2ye. Bir cerrah\u0131n ne\u015fteriyle bir \u00e2\u015f\u0131\u011f\u0131n duas\u0131 aras\u0131ndaki o ince \u00e7izgide y\u00fcr\u00fcrken, \u2018Cennete ula\u015fmak i\u00e7in ne kadar ileri gidilebilir?\u2019 sorusuna yan\u0131t arayacaks\u0131n\u0131z.Dr. \u015eahin \u00dcnal, bizi Bodrum\u2019un antik topraklar\u0131ndan al\u0131p Ay Tanr\u0131\u00e7as\u0131 Selene\u2019nin h\u00fcz\u00fcnl\u00fc \u0131\u015f\u0131\u011f\u0131na, oradan da modern bir cerrah\u0131n imk\u00e2ns\u0131z vuslat aray\u0131\u015f\u0131na g\u00f6t\u00fcr\u00fcyor. Mitoloji, t\u0131p ve polisiyenin i\u00e7 i\u00e7e ge\u00e7ti\u011fi bu gizemli yolculukta, insan ruhunun en derin karanl\u0131\u011f\u0131na ve en parlak umuduna davet ediyor.\u201d- Z\u00fclf\u00fc Livaneli<\/p>\n","protected":false},"excerpt":{"rendered":"<p>A\u015fk, zaman\u0131n ve mek\u00e2n\u0131n s\u0131n\u0131rlar\u0131n\u0131 reddeden tek b\u00fcy\u00fck isyand\u0131r.\u201cMars Mabedi, biri mitolojik di\u011feri modern iki tutkunun, Halikarnassos\u2019un kadim g\u00f6lgesinde kesi\u015fti\u011fi sars\u0131c\u0131 bir hik\u00e2ye. Bir cerrah\u0131n ne\u015fteriyle<span class=\"excerpt-hellip\"> [\u2026]<\/span><\/p>\n","protected":false},"featured_media":0,"template":"","meta":{"_monsterinsights_skip_tracking":false,"_monsterinsights_sitenote_active":false,"_monsterinsights_sitenote_note":"","_monsterinsights_sitenote_category":0},"product_brand":[],"product_cat":[12291,12711],"product_tag":[],"class_list":{"0":"post-784291","1":"product","2":"type-product","3":"status-publish","5":"product_cat-edebiyat","6":"product_cat-roman-oyku","7":"pa_cilt-ciltsiz","8":"pa_tur-kitap","9":"pa_yayinevi-epsilon-yayinlari","10":"pa_yazar-sahin-unal","12":"first","13":"instock","14":"sale","15":"shipping-taxable","16":"purchasable","17":"product-type-simple"},"_links":{"self":[{"href":"https:\/\/roveyayinevi.com.tr\/index.php\/wp-json\/wp\/v2\/product\/784291","targetHints":{"allow":["GET"]}}],"collection":[{"href":"https:\/\/roveyayinevi.com.tr\/index.php\/wp-json\/wp\/v2\/product"}],"about":[{"href":"https:\/\/roveyayinevi.com.tr\/index.php\/wp-json\/wp\/v2\/types\/product"}],"wp:attachment":[{"href":"https:\/\/roveyayinevi.com.tr\/index.php\/wp-json\/wp\/v2\/media?parent=784291"}],"wp:term":[{"taxonomy":"product_brand","embeddable":true,"href":"https:\/\/roveyayinevi.com.tr\/index.php\/wp-json\/wp\/v2\/product_brand?post=784291"},{"taxonomy":"product_cat","embeddable":true,"href":"https:\/\/roveyayinevi.com.tr\/index.php\/wp-json\/wp\/v2\/product_cat?post=784291"},{"taxonomy":"product_tag","embeddable":true,"href":"https:\/\/roveyayinevi.com.tr\/index.php\/wp-json\/wp\/v2\/product_tag?post=784291"}],"curies":[{"name":"wp","href":"https:\/\/api.w.org\/{rel}","templated":true}]}}