{"id":784289,"date":"2026-03-06T04:00:32","date_gmt":"2026-03-06T01:00:32","guid":{"rendered":"https:\/\/roveyayinevi.com.tr\/index.php\/urun\/kendi-yolumu-bulmak\/"},"modified":"2026-04-15T03:47:36","modified_gmt":"2026-04-15T00:47:36","slug":"kendi-yolumu-bulmak","status":"publish","type":"product","link":"https:\/\/roveyayinevi.com.tr\/index.php\/urun\/kendi-yolumu-bulmak\/","title":{"rendered":"Kendi Yolumu Bulmak"},"content":{"rendered":"<p>Malala Yusufzay\u2019\u0131n hayat\u0131, on be\u015f ya\u015f\u0131nda Taliban taraf\u0131ndan vuruldu\u011fu g\u00fcn ikiye ayr\u0131ld\u0131: Kendi Yolumu Bulmak, i\u015fte bu k\u0131r\u0131lman\u0131n ard\u0131ndan ba\u015flayan as\u0131l yolculu\u011fun hik\u00e2yesi.Gen\u00e7 ya\u015fta bir sembole d\u00f6n\u00fc\u015fmenin a\u011f\u0131rl\u0131\u011f\u0131, ba\u015fkalar\u0131n\u0131n beklentileriyle \u00f6r\u00fclm\u00fc\u015f bir kimlik ve \u201cg\u00fc\u00e7l\u00fc olmak\u201d zorunda b\u0131rak\u0131lm\u0131\u015f bir ruh\u2026 Bu kitapta Malala, tan\u0131nm\u0131\u015f bir fig\u00fcr olman\u0131n \u00f6tesine ge\u00e7erek, korkular\u0131 olan, teredd\u00fct eden, \u00e2\u015f\u0131k olan, ailesiyle \u00e7at\u0131\u015fan ve kendi yolunu bulmaya \u00e7al\u0131\u015fan gen\u00e7 bir kad\u0131n olarak kar\u015f\u0131m\u0131za \u00e7\u0131k\u0131yor.Anksiyetenin bedende ve zihinde b\u0131rakt\u0131\u011f\u0131 izleri, mutlulu\u011fun bile neden \u00fcrk\u00fct\u00fcc\u00fc olabilece\u011fini, hayat\u0131n\u0131 nas\u0131l yeniden kendi ellerine ald\u0131\u011f\u0131n\u0131 b\u00fcy\u00fck bir i\u00e7tenlikle anlat\u0131yor. Oxford y\u0131llar\u0131ndan evlili\u011fe, aktivizmden terapiye uzanan bu anlat\u0131, Malala\u2019n\u0131n en sessiz ama en zor m\u00fccadelesini g\u00f6zler \u00f6n\u00fcne seriyor: Kendisi olmak.D\u00fcnya onu tan\u0131yordu. \u015eimdiyse o, kendini tan\u0131yor.<\/p>\n","protected":false},"excerpt":{"rendered":"<p>Malala Yusufzay\u2019\u0131n hayat\u0131, on be\u015f ya\u015f\u0131nda Taliban taraf\u0131ndan vuruldu\u011fu g\u00fcn ikiye ayr\u0131ld\u0131: Kendi Yolumu Bulmak, i\u015fte bu k\u0131r\u0131lman\u0131n ard\u0131ndan ba\u015flayan as\u0131l yolculu\u011fun hik\u00e2yesi.Gen\u00e7 ya\u015fta bir sembole<span class=\"excerpt-hellip\"> [\u2026]<\/span><\/p>\n","protected":false},"featured_media":0,"template":"","meta":{"_monsterinsights_skip_tracking":false,"_monsterinsights_sitenote_active":false,"_monsterinsights_sitenote_note":"","_monsterinsights_sitenote_category":0},"product_brand":[],"product_cat":[14009,12291],"product_tag":[],"class_list":{"0":"post-784289","1":"product","2":"type-product","3":"status-publish","5":"product_cat-biyografi-otobiyografi-edebiyat","6":"product_cat-edebiyat","7":"pa_cilt-ciltsiz","8":"pa_tur-kitap","9":"pa_yayinevi-epsilon-yayinlari","10":"pa_yazar-malala-yusufzay","12":"first","13":"instock","14":"sale","15":"shipping-taxable","16":"purchasable","17":"product-type-simple"},"_links":{"self":[{"href":"https:\/\/roveyayinevi.com.tr\/index.php\/wp-json\/wp\/v2\/product\/784289","targetHints":{"allow":["GET"]}}],"collection":[{"href":"https:\/\/roveyayinevi.com.tr\/index.php\/wp-json\/wp\/v2\/product"}],"about":[{"href":"https:\/\/roveyayinevi.com.tr\/index.php\/wp-json\/wp\/v2\/types\/product"}],"wp:attachment":[{"href":"https:\/\/roveyayinevi.com.tr\/index.php\/wp-json\/wp\/v2\/media?parent=784289"}],"wp:term":[{"taxonomy":"product_brand","embeddable":true,"href":"https:\/\/roveyayinevi.com.tr\/index.php\/wp-json\/wp\/v2\/product_brand?post=784289"},{"taxonomy":"product_cat","embeddable":true,"href":"https:\/\/roveyayinevi.com.tr\/index.php\/wp-json\/wp\/v2\/product_cat?post=784289"},{"taxonomy":"product_tag","embeddable":true,"href":"https:\/\/roveyayinevi.com.tr\/index.php\/wp-json\/wp\/v2\/product_tag?post=784289"}],"curies":[{"name":"wp","href":"https:\/\/api.w.org\/{rel}","templated":true}]}}