{"id":784288,"date":"2026-03-06T04:00:29","date_gmt":"2026-03-06T01:00:29","guid":{"rendered":"https:\/\/roveyayinevi.com.tr\/index.php\/urun\/archer-tepesi-cocuklari-3\/"},"modified":"2026-04-15T03:47:36","modified_gmt":"2026-04-15T00:47:36","slug":"archer-tepesi-cocuklari-3","status":"publish","type":"product","link":"https:\/\/roveyayinevi.com.tr\/index.php\/urun\/archer-tepesi-cocuklari-3\/","title":{"rendered":"Archer Tepesi \u00c7ocuklar\u0131 3"},"content":{"rendered":"<p>Archer Tepesi \u00c7ocuklar\u0131 serisi h\u0131z kesmeden vah\u015fet ve korku sa\u00e7maya devam ediyor. Erica Slaughter durumun kontrol\u00fcn\u00fc kaybetti\u011fi ve cinayet haberleri kasaban\u0131n d\u0131\u015f\u0131na yay\u0131ld\u0131\u011f\u0131 i\u00e7in Archer Tepesi karantina alt\u0131na al\u0131nm\u0131\u015ft\u0131r. Ancak Katliam Evi, durumu her ne pahas\u0131na olursa olsun d\u00fczeltmek i\u00e7in geldi\u011finde, Erica \u00e7evresindekiler i\u00e7in ger\u00e7ek tehdidin hi\u00e7 beklemedi\u011fi biri oldu\u011funu fark edecektir. Ve g\u00fcn\u00fc kurtarman\u0131n bedeli, kimsenin \u00f6deyemeyece\u011fi kadar y\u00fcksek olabilir&#8230; T\u00dcM CANAVARLAR KARANLIKTA SAKLANMAZ.<\/p>\n","protected":false},"excerpt":{"rendered":"<p>Archer Tepesi \u00c7ocuklar\u0131 serisi h\u0131z kesmeden vah\u015fet ve korku sa\u00e7maya devam ediyor. Erica Slaughter durumun kontrol\u00fcn\u00fc kaybetti\u011fi ve cinayet haberleri kasaban\u0131n d\u0131\u015f\u0131na yay\u0131ld\u0131\u011f\u0131 i\u00e7in Archer Tepesi<span class=\"excerpt-hellip\"> [\u2026]<\/span><\/p>\n","protected":false},"featured_media":0,"template":"","meta":{"_monsterinsights_skip_tracking":false,"_monsterinsights_sitenote_active":false,"_monsterinsights_sitenote_note":"","_monsterinsights_sitenote_category":0},"product_brand":[],"product_cat":[12416,12291],"product_tag":[],"class_list":{"0":"post-784288","1":"product","2":"type-product","3":"status-publish","5":"product_cat-cizgi-roman","6":"product_cat-edebiyat","7":"pa_cilt-ciltsiz","8":"pa_tur-kitap","9":"pa_yayinevi-epsilon-yayinlari","10":"pa_yazar-james-tynion-iv","12":"first","13":"instock","14":"sale","15":"shipping-taxable","16":"purchasable","17":"product-type-simple"},"_links":{"self":[{"href":"https:\/\/roveyayinevi.com.tr\/index.php\/wp-json\/wp\/v2\/product\/784288","targetHints":{"allow":["GET"]}}],"collection":[{"href":"https:\/\/roveyayinevi.com.tr\/index.php\/wp-json\/wp\/v2\/product"}],"about":[{"href":"https:\/\/roveyayinevi.com.tr\/index.php\/wp-json\/wp\/v2\/types\/product"}],"wp:attachment":[{"href":"https:\/\/roveyayinevi.com.tr\/index.php\/wp-json\/wp\/v2\/media?parent=784288"}],"wp:term":[{"taxonomy":"product_brand","embeddable":true,"href":"https:\/\/roveyayinevi.com.tr\/index.php\/wp-json\/wp\/v2\/product_brand?post=784288"},{"taxonomy":"product_cat","embeddable":true,"href":"https:\/\/roveyayinevi.com.tr\/index.php\/wp-json\/wp\/v2\/product_cat?post=784288"},{"taxonomy":"product_tag","embeddable":true,"href":"https:\/\/roveyayinevi.com.tr\/index.php\/wp-json\/wp\/v2\/product_tag?post=784288"}],"curies":[{"name":"wp","href":"https:\/\/api.w.org\/{rel}","templated":true}]}}