{"id":784285,"date":"2026-03-06T03:59:10","date_gmt":"2026-03-06T00:59:10","guid":{"rendered":"https:\/\/roveyayinevi.com.tr\/index.php\/urun\/ay-dunyaya-kuserse\/"},"modified":"2026-04-15T03:45:59","modified_gmt":"2026-04-15T00:45:59","slug":"ay-dunyaya-kuserse","status":"publish","type":"product","link":"https:\/\/roveyayinevi.com.tr\/index.php\/urun\/ay-dunyaya-kuserse\/","title":{"rendered":"Ay D\u00fcnya\u2019ya K\u00fcserse"},"content":{"rendered":"<p>Kozmik Bir Macera, S\u0131cac\u0131k Bir Dostluk Hikayesi   Evrenin en \u00f6zel arkada\u015fl\u0131k ili\u015fkilerinden birinde k\u00fc\u00e7\u00fck bir \u00e7atlak olu\u015fursa ne olur? S\u00f6z konusu arkada\u015flar Ay ve D\u00fcnya olunca, sonu\u00e7lar ister istemez kozmik \u00f6l\u00e7ekte olur!  Her arkada\u015f zaman zaman tart\u0131\u015f\u0131r. Fakat d\u00f6rt bu\u00e7uk milyar y\u0131l\u0131n sonunda tahamm\u00fcl azalabilir ve tart\u0131\u015fmalar ayr\u0131l\u0131kla sonu\u00e7lanabilir. Ay bir g\u00fcn D\u00fcnya\u2019yla tart\u0131\u015ft\u0131ktan sonra sabr\u0131n\u0131n t\u00fckendi\u011fini hisseder. Bunun \u00fczerine, G\u00fcne\u015f Sistemi\u2019ni ke\u015ffetmek i\u00e7in ve uydusu olabilece\u011fi yeni bir gezegen bulma umuduyla  uzay yolculu\u011funa \u00e7\u0131kar. Yolculuk boyunca Ay, kavurucu Ven\u00fcs\u2019ten dev J\u00fcpiter\u2019e kadar gezegenlerin hem tuhafl\u0131klar\u0131 hem de b\u00fcy\u00fcleyici \u00f6zellikleriyle tan\u0131\u015f\u0131r. Sat\u00fcrn\u2019le ge\u00e7irilen bir gece e\u011flencesi onu bitkin d\u00fc\u015f\u00fcr\u00fcr. Uran\u00fcs fazla kokuludur, Nept\u00fcn \u0131ss\u0131z ve so\u011fuktur; \u00fcstelik Pl\u00fcton hala gezegen say\u0131l\u0131yor mudur? Ay, G\u00fcne\u015f Sistemi\u2019nin so\u011fuk ve yaln\u0131z s\u0131n\u0131rlar\u0131na vard\u0131\u011f\u0131nda birdenbire D\u00fcnya\u2019y\u0131 \u00f6zlemeye ve belki de D\u00fcnya\u2019n\u0131n o kadar da k\u00f6t\u00fc olmad\u0131\u011f\u0131n\u0131 d\u00fc\u015f\u00fcnmeye ba\u015flar.  Co\u015fkulu ill\u00fcstrasyonlar\u0131, ince mizah\u0131 ve duygular\u0131 s\u0131rad\u0131\u015f\u0131 ele alan sahneleriyle bu hikaye; dostlu\u011fun de\u011ferini, ba\u011flant\u0131da kalman\u0131n \u00f6nemini ve bazen arad\u0131\u011f\u0131m\u0131z \u015feyin asl\u0131nda \u00e7ok daha yak\u0131n\u0131m\u0131zda olabilece\u011fini hat\u0131rlat\u0131r. Okura, anla\u015fmazl\u0131klar\u0131n ili\u015fkilerin do\u011fal bir par\u00e7as\u0131 oldu\u011funu hissettirirken; sorunlar\u0131n ka\u00e7arak ya da terk ederek de\u011fil, i\u00e7inde durarak d\u00f6n\u00fc\u015febilece\u011fini hat\u0131rlat\u0131r. Elbette, konu\u015fmadan \u00f6nce biraz mola vermenin ve ba\u015fka olas\u0131l\u0131klar\u0131 hayal etmenin i\u00e7 d\u00fcnyay\u0131 nas\u0131l zenginle\u015ftirebilece\u011fini \u00e7ocuklara oyun tad\u0131nda aktar\u0131r.  Gezegenlerin \u00f6zelliklerini e\u011flenceli bir bak\u0131\u015f a\u00e7\u0131s\u0131yla sunan Ay, D\u00fcnya\u2019ya K\u00fcserse, hikayenin sonunda yer alan iki tam sayfal\u0131k \u00f6zel bilgi b\u00f6l\u00fcm\u00fcyle gen\u00e7 okurlar\u0131 G\u00fcne\u015f Sistemi hakk\u0131nda ilgi \u00e7ekici ger\u00e7eklerle bulu\u015fturuyor. Yer\u00e7ekiminin nas\u0131l i\u015fledi\u011fine dair k\u0131sa a\u00e7\u0131klamalar, Ay\u2019\u0131n olu\u015fumuna ili\u015fkin keyifli notlar ve uzay\u0131n \u015fa\u015f\u0131rt\u0131c\u0131 ayr\u0131nt\u0131lar\u0131n\u0131 i\u00e7eren pek \u00e7ok bilgi, hikayenin e\u011flenceli atmosferini merak uyand\u0131ran k\u00fc\u00e7\u00fck ke\u015fiflere d\u00f6n\u00fc\u015ft\u00fcr\u00fcyor.<\/p>\n","protected":false},"excerpt":{"rendered":"<p>Kozmik Bir Macera, S\u0131cac\u0131k Bir Dostluk Hikayesi Evrenin en \u00f6zel arkada\u015fl\u0131k ili\u015fkilerinden birinde k\u00fc\u00e7\u00fck bir \u00e7atlak olu\u015fursa ne olur? S\u00f6z konusu arkada\u015flar Ay ve D\u00fcnya olunca,<span class=\"excerpt-hellip\"> [\u2026]<\/span><\/p>\n","protected":false},"featured_media":0,"template":"","meta":{"_monsterinsights_skip_tracking":false,"_monsterinsights_sitenote_active":false,"_monsterinsights_sitenote_note":"","_monsterinsights_sitenote_category":0},"product_brand":[],"product_cat":[12274,12284],"product_tag":[],"class_list":{"0":"post-784285","1":"product","2":"type-product","3":"status-publish","5":"product_cat-cocuk-ve-genclik-kitaplari","6":"product_cat-hikayeler","7":"pa_cilt-ciltsiz","8":"pa_tur-kitap","9":"pa_yayinevi-okuyan-us-yayin","10":"pa_yazar-david-duff","12":"first","13":"instock","14":"sale","15":"shipping-taxable","16":"purchasable","17":"product-type-simple"},"_links":{"self":[{"href":"https:\/\/roveyayinevi.com.tr\/index.php\/wp-json\/wp\/v2\/product\/784285","targetHints":{"allow":["GET"]}}],"collection":[{"href":"https:\/\/roveyayinevi.com.tr\/index.php\/wp-json\/wp\/v2\/product"}],"about":[{"href":"https:\/\/roveyayinevi.com.tr\/index.php\/wp-json\/wp\/v2\/types\/product"}],"wp:attachment":[{"href":"https:\/\/roveyayinevi.com.tr\/index.php\/wp-json\/wp\/v2\/media?parent=784285"}],"wp:term":[{"taxonomy":"product_brand","embeddable":true,"href":"https:\/\/roveyayinevi.com.tr\/index.php\/wp-json\/wp\/v2\/product_brand?post=784285"},{"taxonomy":"product_cat","embeddable":true,"href":"https:\/\/roveyayinevi.com.tr\/index.php\/wp-json\/wp\/v2\/product_cat?post=784285"},{"taxonomy":"product_tag","embeddable":true,"href":"https:\/\/roveyayinevi.com.tr\/index.php\/wp-json\/wp\/v2\/product_tag?post=784285"}],"curies":[{"name":"wp","href":"https:\/\/api.w.org\/{rel}","templated":true}]}}