{"id":784282,"date":"2026-03-06T03:58:59","date_gmt":"2026-03-06T00:58:59","guid":{"rendered":"https:\/\/roveyayinevi.com.tr\/index.php\/urun\/tuvalet-zamani-kizlar-icin-tuvalet-egitimi-kitabi-ciltli\/"},"modified":"2026-04-15T03:45:36","modified_gmt":"2026-04-15T00:45:36","slug":"tuvalet-zamani-kizlar-icin-tuvalet-egitimi-kitabi-ciltli","status":"publish","type":"product","link":"https:\/\/roveyayinevi.com.tr\/index.php\/urun\/tuvalet-zamani-kizlar-icin-tuvalet-egitimi-kitabi-ciltli\/","title":{"rendered":"Tuvalet Zaman\u0131 &#8211; K\u0131zlar \u0130\u00e7in Tuvalet E\u011fitimi Kitab\u0131 (Ciltli)"},"content":{"rendered":"<p>\u201cHadi Ba\u015flayal\u0131m! Tuvalet Zaman\u0131\u201d kitaplar\u0131yla tuvaleti kullanmay\u0131 \u00f6\u011frenmek hem kolay hem de \u00e7ooook e\u011flenceli olacak. K\u0131z ve erkek \u00e7ocuklar\u0131 i\u00e7in ayr\u0131 tasarlanan bu seri, bir yandan ebeveynlere \u00e7ocuklar\u0131n tuvalet e\u011fitimini ba\u015far\u0131ya ula\u015ft\u0131rmak i\u00e7in ihtiya\u00e7 duyduklar\u0131 deste\u011fi sa\u011flarken bir yandan da bu \u00f6nemli geli\u015fim a\u015famas\u0131nda \u00e7ocuklar\u0131 cesaretlendirip motive ediyor. Ve sen minik kahraman! Art\u0131k bezlerden kurtulma zaman\u0131 geldi. Sadece 6 ad\u0131m! Evet evet, sadece 6 ad\u0131mda b\u00fcy\u00fck \u00e7ocuk olma yolunda ilerliyorsun! \u00d6\u011frenme yolculu\u011fun devam ederken sevimli karakterler ve renkli \u00e7\u0131kartmalar da seni bekliyor! Bu kutunun i\u00e7inde neler var dersin? Resimli hik\u00e2ye kitab\u0131: Tuvaletle ilgili her \u015feyi tatl\u0131 bir hik\u00e2yeyle \u00f6\u011frenmek \u00e7ok daha keyifli! Anne babalara \u00f6zel rehber: B\u00fcy\u00fckler i\u00e7in kolay anla\u015f\u0131l\u0131r bilgilerle dolu bir kitap\u00e7\u0131k. 2 tane \u00f6d\u00fcl tablosu: Her ba\u015far\u0131ya bir \u00e7\u0131kartma, her \u00e7\u0131kartmaya bir mutluluk! Tam 48 s\u00fcper \u00e7\u0131kartma: \u00c7i\u015f yapt\u0131ysan&#8230; \u00c7\u0131kartma! Kaka yapt\u0131ysan&#8230; \u00c7\u0131kartma! E\u011flenceli ipu\u00e7lar\u0131 ve \u00f6neriler: Uzman \u00e7ocuk psikolo\u011fu Dr. Janet Hall\u2019den, \u00e7ocuklar\u0131n \u00f6\u011frenme yolculu\u011funu kolayla\u015ft\u0131racak s\u00fcper bilgiler! Bu kitaplar bazen banyoda okunuyor, bazen yatmadan \u00f6nce. \u00c7\u00fcnk\u00fc \u00f6\u011frenmek bir macera! Haz\u0131rsan, hadi ba\u015flayal\u0131m: Birlikte tuvaleti \u00f6\u011freniyoruuuz!  Dr. Janet Hall kimdir? Dr. Janet Hall, Stop Bedwetting program\u0131n\u0131n kurucusudur. Klinik psikolog ve iki \u00e7ocuk annesi olan Hall, 35 y\u0131l\u0131 a\u015fk\u0131n s\u00fcredir gece ve g\u00fcnd\u00fcz kuru kalma konusunda sorun ya\u015fayan binlerce \u00e7ocu\u011fu tedavi etti. \u201cEasy Toilet\u201d ve \u201cTraining Stop Bedwetting\u201d kitaplar\u0131n\u0131n yazar\u0131 olan Hall\u2019un, \u00e7ocuklara \u00f6zg\u00fcven konusunda yard\u0131mc\u0131 olmak ve \u00f6fke n\u00f6betlerini durdurmak \u00fczere \u00e7e\u015fitli sesli programlar\u0131 bulunuyor.<\/p>\n","protected":false},"excerpt":{"rendered":"<p>\u201cHadi Ba\u015flayal\u0131m! Tuvalet Zaman\u0131\u201d kitaplar\u0131yla tuvaleti kullanmay\u0131 \u00f6\u011frenmek hem kolay hem de \u00e7ooook e\u011flenceli olacak. K\u0131z ve erkek \u00e7ocuklar\u0131 i\u00e7in ayr\u0131 tasarlanan bu seri, bir yandan<span class=\"excerpt-hellip\"> [\u2026]<\/span><\/p>\n","protected":false},"featured_media":0,"template":"","meta":{"_monsterinsights_skip_tracking":false,"_monsterinsights_sitenote_active":false,"_monsterinsights_sitenote_note":"","_monsterinsights_sitenote_category":0},"product_brand":[],"product_cat":[12274,12518],"product_tag":[],"class_list":{"0":"post-784282","1":"product","2":"type-product","3":"status-publish","5":"product_cat-cocuk-ve-genclik-kitaplari","6":"product_cat-okul-oncesi-kitaplar","7":"pa_cilt-ciltli","8":"pa_tur-kitap","9":"pa_yayinevi-ucan-fil-yayinlari","10":"pa_yazar-janet-hall","12":"first","13":"instock","14":"sale","15":"shipping-taxable","16":"purchasable","17":"product-type-simple"},"_links":{"self":[{"href":"https:\/\/roveyayinevi.com.tr\/index.php\/wp-json\/wp\/v2\/product\/784282","targetHints":{"allow":["GET"]}}],"collection":[{"href":"https:\/\/roveyayinevi.com.tr\/index.php\/wp-json\/wp\/v2\/product"}],"about":[{"href":"https:\/\/roveyayinevi.com.tr\/index.php\/wp-json\/wp\/v2\/types\/product"}],"wp:attachment":[{"href":"https:\/\/roveyayinevi.com.tr\/index.php\/wp-json\/wp\/v2\/media?parent=784282"}],"wp:term":[{"taxonomy":"product_brand","embeddable":true,"href":"https:\/\/roveyayinevi.com.tr\/index.php\/wp-json\/wp\/v2\/product_brand?post=784282"},{"taxonomy":"product_cat","embeddable":true,"href":"https:\/\/roveyayinevi.com.tr\/index.php\/wp-json\/wp\/v2\/product_cat?post=784282"},{"taxonomy":"product_tag","embeddable":true,"href":"https:\/\/roveyayinevi.com.tr\/index.php\/wp-json\/wp\/v2\/product_tag?post=784282"}],"curies":[{"name":"wp","href":"https:\/\/api.w.org\/{rel}","templated":true}]}}