{"id":784281,"date":"2026-03-06T03:58:57","date_gmt":"2026-03-06T00:58:57","guid":{"rendered":"https:\/\/roveyayinevi.com.tr\/index.php\/urun\/kuyrukluyildiz-altinda-bir-izdivac-4\/"},"modified":"2026-04-15T03:45:35","modified_gmt":"2026-04-15T00:45:35","slug":"kuyrukluyildiz-altinda-bir-izdivac-4","status":"publish","type":"product","link":"https:\/\/roveyayinevi.com.tr\/index.php\/urun\/kuyrukluyildiz-altinda-bir-izdivac-4\/","title":{"rendered":"Kuyrukluy\u0131ld\u0131z Alt\u0131nda Bir \u0130zdiva\u00e7"},"content":{"rendered":"<p>\u201cD\u00fcnyan\u0131n sonu olmas\u0131 ihtimali s\u00f6ylenilen b\u00f6yle \u00f6nemli bir g\u00fcnde kuvvetli bir zihinden \u00e7\u0131kacak teselli edici s\u00f6zlere ihtiyac\u0131m var. Bu sa\u011flam beyni sizde bulurum \u00fcmidiyle m\u00fcracaat ettim. B\u00f6yle nazik bir zamanda siz her \u015feyden \u00f6nce a\u015fk ve arzu \u015fark\u0131lar\u0131na ba\u015flad\u0131n\u0131z. \u0130\u015fte yine tekrar ediyorum. Ben sevilecek, g\u00fczel bir k\u0131z de\u011filim!\u201d75 y\u0131lda bir atmosferimizin yak\u0131n\u0131ndan ge\u00e7en Halley Kuyrukluy\u0131ld\u0131z\u0131, 1910\u2019da da beklenen ziyaretini yapt\u0131\u011f\u0131nda, t\u00fcm d\u00fcnyada oldu\u011fu gibi \u0130stanbul\u2019da da bir panik ba\u015flar. Ya \u00e7arparsa? Sokakta da bas\u0131nda da tek g\u00fcndem Halley\u2019in d\u00fcnyaya \u00e7arp\u0131p \u00e7arpmayaca\u011f\u0131 olur. Durum b\u00f6yle olunca g\u00fcndelik hayat\u0131n yazar\u0131 H\u00fcseyin Rahmi G\u00fcrp\u0131nar\u2019a da g\u00fcn do\u011far ve edebiyat\u0131m\u0131z\u0131n en \u00e7ok okunan, en \u00e7ok sevilen hik\u00e2yelerinden birini yazar.Kuyrukluy\u0131ld\u0131z Alt\u0131nda Bir \u0130zdiva\u00e7, bir k\u0131yamet s\u00f6ylentisiyle mektuplarda ba\u015flayan sevimli bir a\u015fk hik\u00e2yesi olmas\u0131n\u0131n yan\u0131nda, yazar\u0131n kad\u0131n \u00f6zg\u00fcrl\u00fc\u011f\u00fc konusunda cesurca yorumlar\u0131 ve edebiyat\u0131m\u0131zdaki ilk \u201cd\u00fcnyan\u0131n sonu\u201d anlat\u0131lar\u0131ndan birini i\u00e7ermesiyle de zaman\u0131n\u0131n hayli \u00fcst\u00fcnde bir roman.Bu b\u00fcy\u00fck roman\u0131 dikkatli bir \u00e7al\u0131\u015fmayla g\u00fcn\u00fcm\u00fcz T\u00fcrk\u00e7esine uyarlanm\u0131\u015f olarak sunuyoruz.\u201cT\u00fcrk roman\u0131nda hakiki konu\u015fma H\u00fcseyin Rahmi\u2019yle ba\u015flar. Onda her cins adam ve her t\u00fcrl\u00fc konu\u015fma vard\u0131r. H\u00fcseyin Rahmi\u2019nin b\u00fcy\u00fck kuvveti, insan yaratmas\u0131n\u0131 bilmesidir. Kahramanlar\u0131, kitab\u0131n ortas\u0131nda, tabii muhitlerindeymi\u015f gibi ya\u015farlar. O, halk\u0131m\u0131z\u0131 ve hayat\u0131m\u0131z\u0131 tan\u0131yan yazarlardand\u0131r. Fakat as\u0131l, edebiyat\u0131m\u0131za sokak onunla girmi\u015ftir.\u201d Ahmet Hamdi Tanp\u0131nar<\/p>\n","protected":false},"excerpt":{"rendered":"<p>\u201cD\u00fcnyan\u0131n sonu olmas\u0131 ihtimali s\u00f6ylenilen b\u00f6yle \u00f6nemli bir g\u00fcnde kuvvetli bir zihinden \u00e7\u0131kacak teselli edici s\u00f6zlere ihtiyac\u0131m var. Bu sa\u011flam beyni sizde bulurum \u00fcmidiyle m\u00fcracaat ettim.<span class=\"excerpt-hellip\"> [\u2026]<\/span><\/p>\n","protected":false},"featured_media":0,"template":"","meta":{"_monsterinsights_skip_tracking":false,"_monsterinsights_sitenote_active":false,"_monsterinsights_sitenote_note":"","_monsterinsights_sitenote_category":0},"product_brand":[],"product_cat":[12291,12711],"product_tag":[],"class_list":{"0":"post-784281","1":"product","2":"type-product","3":"status-publish","5":"product_cat-edebiyat","6":"product_cat-roman-oyku","7":"pa_cilt-ciltsiz","8":"pa_tur-kitap","9":"pa_yayinevi-kafka-yayinevi","10":"pa_yazar-huseyin-rahmi-gurpinar","12":"first","13":"instock","14":"sale","15":"shipping-taxable","16":"purchasable","17":"product-type-simple"},"_links":{"self":[{"href":"https:\/\/roveyayinevi.com.tr\/index.php\/wp-json\/wp\/v2\/product\/784281","targetHints":{"allow":["GET"]}}],"collection":[{"href":"https:\/\/roveyayinevi.com.tr\/index.php\/wp-json\/wp\/v2\/product"}],"about":[{"href":"https:\/\/roveyayinevi.com.tr\/index.php\/wp-json\/wp\/v2\/types\/product"}],"wp:attachment":[{"href":"https:\/\/roveyayinevi.com.tr\/index.php\/wp-json\/wp\/v2\/media?parent=784281"}],"wp:term":[{"taxonomy":"product_brand","embeddable":true,"href":"https:\/\/roveyayinevi.com.tr\/index.php\/wp-json\/wp\/v2\/product_brand?post=784281"},{"taxonomy":"product_cat","embeddable":true,"href":"https:\/\/roveyayinevi.com.tr\/index.php\/wp-json\/wp\/v2\/product_cat?post=784281"},{"taxonomy":"product_tag","embeddable":true,"href":"https:\/\/roveyayinevi.com.tr\/index.php\/wp-json\/wp\/v2\/product_tag?post=784281"}],"curies":[{"name":"wp","href":"https:\/\/api.w.org\/{rel}","templated":true}]}}