{"id":784280,"date":"2026-03-06T03:58:55","date_gmt":"2026-03-06T00:58:55","guid":{"rendered":"https:\/\/roveyayinevi.com.tr\/index.php\/urun\/ahlakli-olmak\/"},"modified":"2026-04-15T03:45:35","modified_gmt":"2026-04-15T00:45:35","slug":"ahlakli-olmak","status":"publish","type":"product","link":"https:\/\/roveyayinevi.com.tr\/index.php\/urun\/ahlakli-olmak\/","title":{"rendered":"Ahlakl\u0131 Olmak"},"content":{"rendered":"<p>Binlerce Y\u0131ll\u0131k Bir \u00d6\u011freti, Modern Bir Ya\u015fam Rehberine D\u00f6n\u00fc\u015f\u00fcyor  Bug\u00fcn iyi bir insan olmak ne anlama geliyor? D\u00fcr\u00fcstl\u00fck, sayg\u0131, merhamet ve adalet gibi kavramlar g\u00fcndelik hayat\u0131m\u0131zda ne kadar yer tutuyor? Ahlakl\u0131 Olmak: Ya\u015fam \u0130\u00e7in Konf\u00fc\u00e7y\u00fcs\u00e7\u00fc Bir Rehber, bu sorulara yan\u0131t ararken, kadim Konf\u00fc\u00e7y\u00fcs\u00e7\u00fcl\u00fc\u011f\u00fcn ilkelerini \u00e7a\u011fda\u015f d\u00fcnyan\u0131n de\u011ferleriyle bulu\u015fturuyor.  Wesleyan \u00dcniversitesi profes\u00f6r\u00fc Stephen C. Angle, bu kitapta Konf\u00fc\u00e7y\u00fcs, Mencius, Zhu Xi ve Wang Yangming gibi d\u00fc\u015f\u00fcn\u00fcrlerin \u00f6\u011fretilerini bug\u00fcn\u00fcn karma\u015f\u0131k d\u00fcnyas\u0131na ta\u015f\u0131yor. \u201cAhlaki b\u00fcy\u00fcme\u201d kavram\u0131n\u0131 merkeze alarak, insan\u0131n iyiye y\u00f6neli\u015finin nas\u0131l s\u00fcrekli bir s\u00fcre\u00e7 oldu\u011funu anlat\u0131yor: \u00f6\u011frenmek, rit\u00fcelleri ya\u015famak, do\u011fru m\u00fczikle ruhu beslemek, d\u00fczenli d\u00fc\u015f\u00fcnmek ve ba\u015fkalar\u0131yla uyum i\u00e7inde var olmak\u2026  Bu kitap, felsefeyi hayata indiriyor; \u201cerdemli ya\u015famak\u201d idealini teoriden \u00e7\u0131kar\u0131p prati\u011fe d\u00f6n\u00fc\u015ft\u00fcr\u00fcyor.    Konf\u00fc\u00e7y\u00fcs\u00e7\u00fcl\u00fc\u011f\u00fcn \u00c7a\u011fda\u015f Yorumu  Angle\u2019\u0131n geli\u015ftirdi\u011fi \u201cilerlemeci Konf\u00fc\u00e7y\u00fcs\u00e7\u00fcl\u00fck\u201d yakla\u015f\u0131m\u0131, klasik \u00f6\u011fretileri yeniden d\u00fc\u015f\u00fcnmemizi sa\u011fl\u0131yor. Kitap, Konf\u00fc\u00e7y\u00fcs\u00e7\u00fcl\u00fc\u011f\u00fcn yaln\u0131zca ge\u00e7mi\u015fin bir kal\u0131nt\u0131s\u0131 olmad\u0131\u011f\u0131n\u0131, g\u00fcn\u00fcm\u00fcz\u00fcn toplumsal, politik ve bireysel meselelerine de \u0131\u015f\u0131k tutabilece\u011fini g\u00f6steriyor. Yazar, hiyerar\u015fi, cinsiyet e\u015fitli\u011fi, toplumsal adalet gibi modern konulara Konf\u00fc\u00e7y\u00fcs\u2019\u00fcn ahlaki geli\u015fim \u00f6\u011fretisiyle yakla\u015farak, Do\u011fu felsefesine yeni bir soluk getiriyor.    Erdem, Bir Sonu\u00e7 De\u011fil Bir S\u00fcre\u00e7tir  Ahlakl\u0131 Olmak, \u201ciyi insan olma\u201dy\u0131 bir hedef olarak de\u011fil, s\u00fcrekli bir \u00e7aba olarak ele al\u0131yor. Angle\u2019a g\u00f6re erdemli olmak, her g\u00fcn biraz daha dikkatli, d\u00fc\u015f\u00fcnceli ve uyumlu olmaya \u00e7al\u0131\u015fmakla m\u00fcmk\u00fcnd\u00fcr.  Kitap boyunca bu fikir, hem ki\u015fisel hem toplumsal d\u00fczeyde somut \u00f6rneklerle anlat\u0131l\u0131yor:  G\u00fcnl\u00fck ili\u015fkilerde empati kurmak  Rit\u00fcellerle toplumsal ba\u011flar\u0131 g\u00fc\u00e7lendirmek  Do\u011fru m\u00fczik ve sanatla ruhu beslemek  D\u00fczenli d\u00fc\u015f\u00fcnme ve \u00f6zfark\u0131ndal\u0131kla karakteri olgunla\u015ft\u0131rmak    Her b\u00f6l\u00fcm, okuyucuya k\u00fc\u00e7\u00fck ama d\u00f6n\u00fc\u015ft\u00fcr\u00fcc\u00fc bir \u201ceylem rehberi\u201d sunuyor.    Ahlaki Geli\u015fime A\u00e7\u0131lan Bir Seri: Ya\u015fam Rehberi  Ahlakl\u0131 Olmak: Ya\u015fam \u0130\u00e7in Konf\u00fc\u00e7y\u00fcs\u00e7\u00fc Bir Rehber, \u00e7a\u011fda\u015f ya\u015fam\u0131n i\u00e7inden gelen temel varolu\u015fsal sorulara yan\u0131t arayan Ya\u015fam Rehberi serisinin \u00fc\u00e7\u00fcnc\u00fc kitab\u0131. Bu \u00f6zel seri, d\u00fc\u015f\u00fcnsel derinli\u011fi eri\u015filebilir bir dille bulu\u015ftururken bireyin kendini tan\u0131ma, \u00f6zg\u00fcrle\u015fme, hazla ili\u015fki kurma, ahlaki geli\u015fim ve ya\u015fam\u0131 berrak g\u00f6rme s\u00fcre\u00e7lerine \u0131\u015f\u0131k tutuyor. Her bir kitap, modern insan\u0131n zihinsel ve duygusal ihtiya\u00e7lar\u0131na felsefi bir perspektifle yakla\u015farak okura kendini yeniden kurabilece\u011fi bir alan a\u00e7\u0131yor.    \u201cBu paha bi\u00e7ilmez ya\u015fam rehberinin samimi, sohbet eder gibi anlat\u0131m\u0131, Konf\u00fc\u00e7y\u00fcs\u00e7\u00fcl\u00fck hakk\u0131nda neredeyse hi\u00e7bir \u015fey bilmeyen merakl\u0131 okurlardan bu alanda ders veren akademisyenlere kadar geni\u015f bir kitleyi etkileyecek nitelikte. Kusursuz bir akademik temele dayanan yazar, g\u00fcnl\u00fck ya\u015famdan k\u0131sa sahneleri kadim Konf\u00fc\u00e7y\u00fcs metinlerinden s\u00fcz\u00fclen bilgelikle ustaca \u00f6r\u00fcyor ve okurlar\u0131 Konf\u00fc\u00e7y\u00fcs\u00e7\u00fc felsefenin onlara daha iyi bir ya\u015fam s\u00fcrmeleri, daha iyi bir insan olmalar\u0131 ve ya\u015fad\u0131klar\u0131 topluma katk\u0131da bulunmalar\u0131 i\u00e7in ilham verebilece\u011fine ikna ediyor. Kitap, Konf\u00fc\u00e7y\u00fcs\u00e7\u00fcl\u00fc\u011f\u00fcn miras\u0131n\u0131 ele\u015ftirel bi\u00e7imde yeniden de\u011ferlendirmeye ve kal\u0131c\u0131 de\u011ferlerini yeni tarihsel ger\u00e7ekliklere uyarlamaya \u00e7a\u011f\u0131ran ilerlemeci bir yakla\u015f\u0131m sunuyor.\u201d  \u2014Sor-hoon Tan, Singapore Management University<\/p>\n","protected":false},"excerpt":{"rendered":"<p>Binlerce Y\u0131ll\u0131k Bir \u00d6\u011freti, Modern Bir Ya\u015fam Rehberine D\u00f6n\u00fc\u015f\u00fcyor Bug\u00fcn iyi bir insan olmak ne anlama geliyor? D\u00fcr\u00fcstl\u00fck, sayg\u0131, merhamet ve adalet gibi kavramlar g\u00fcndelik hayat\u0131m\u0131zda<span class=\"excerpt-hellip\"> [\u2026]<\/span><\/p>\n","protected":false},"featured_media":0,"template":"","meta":{"_monsterinsights_skip_tracking":false,"_monsterinsights_sitenote_active":false,"_monsterinsights_sitenote_note":"","_monsterinsights_sitenote_category":0},"product_brand":[],"product_cat":[20351,12388],"product_tag":[],"class_list":{"0":"post-784280","1":"product","2":"type-product","3":"status-publish","5":"product_cat-dusunce","6":"product_cat-felsefe","7":"pa_cilt-ciltsiz","8":"pa_tur-kitap","9":"pa_yayinevi-okuyan-us-yayin","10":"pa_yazar-stephen-c-angle","12":"first","13":"instock","14":"sale","15":"shipping-taxable","16":"purchasable","17":"product-type-simple"},"_links":{"self":[{"href":"https:\/\/roveyayinevi.com.tr\/index.php\/wp-json\/wp\/v2\/product\/784280","targetHints":{"allow":["GET"]}}],"collection":[{"href":"https:\/\/roveyayinevi.com.tr\/index.php\/wp-json\/wp\/v2\/product"}],"about":[{"href":"https:\/\/roveyayinevi.com.tr\/index.php\/wp-json\/wp\/v2\/types\/product"}],"wp:attachment":[{"href":"https:\/\/roveyayinevi.com.tr\/index.php\/wp-json\/wp\/v2\/media?parent=784280"}],"wp:term":[{"taxonomy":"product_brand","embeddable":true,"href":"https:\/\/roveyayinevi.com.tr\/index.php\/wp-json\/wp\/v2\/product_brand?post=784280"},{"taxonomy":"product_cat","embeddable":true,"href":"https:\/\/roveyayinevi.com.tr\/index.php\/wp-json\/wp\/v2\/product_cat?post=784280"},{"taxonomy":"product_tag","embeddable":true,"href":"https:\/\/roveyayinevi.com.tr\/index.php\/wp-json\/wp\/v2\/product_tag?post=784280"}],"curies":[{"name":"wp","href":"https:\/\/api.w.org\/{rel}","templated":true}]}}