{"id":784272,"date":"2026-03-06T02:16:39","date_gmt":"2026-03-05T23:16:39","guid":{"rendered":"https:\/\/roveyayinevi.com.tr\/index.php\/urun\/iktisat-sadece-iktisat-degildir\/"},"modified":"2026-04-16T02:13:29","modified_gmt":"2026-04-15T23:13:29","slug":"iktisat-sadece-iktisat-degildir","status":"publish","type":"product","link":"https:\/\/roveyayinevi.com.tr\/index.php\/urun\/iktisat-sadece-iktisat-degildir\/","title":{"rendered":"\u0130ktisat Sadece \u0130ktisat De\u011fildir"},"content":{"rendered":"<p>ktisat disiplininin \u00f6zellikle 19. y\u00fczy\u0131l\u0131n ikinci yar\u0131s\u0131ndan sonra neo-klasik ortodoksi ile birlikte, ekonomi politik ge\u00e7mi\u015finden kurtularak teknik bir bilim olma hedefi ta\u015f\u0131d\u0131\u011f\u0131 bir ger\u00e7ektir. Ancak neo-klasik paradigmayla ortaya konulan hayranl\u0131k uyand\u0131r\u0131c\u0131 teorik modeller, reel d\u00fcnyada olup biteni anla\u015f\u0131lmas\u0131na yetmemi\u015f olmak bir yana iktisat\u00e7\u0131n\u0131n kurgusal bir d\u00fcnyada ya\u015fay\u0131p ya\u015famad\u0131\u011f\u0131n\u0131 bile d\u00fc\u015f\u00fcnd\u00fcr\u00fcr olmu\u015ftur Bu tespit bir bilim olarak iktisad\u0131n sorumluluklar\u0131n\u0131n hatta varl\u0131k nedeninin de sorgulanmas\u0131n\u0131 gerektirecektir. Bu durumda iktisat biliminin problemati\u011finin dahi yeniden tan\u0131mlanmas\u0131 s\u00f6z konusu olabilecektir. \u0130ktisat bilimi bu \u00f6nermeden bak\u0131ld\u0131\u011f\u0131nda bug\u00fcn krizdedir ve bir\u00e7ok \u00e7evrede a\u00e7\u0131k veya gizli \u201ciktisat\u00e7\u0131n\u0131n ne i\u015fe yarad\u0131\u011f\u0131\u201d bile sorulabilmektedir. <\/p>\n","protected":false},"excerpt":{"rendered":"<p>ktisat disiplininin \u00f6zellikle 19. y\u00fczy\u0131l\u0131n ikinci yar\u0131s\u0131ndan sonra neo-klasik ortodoksi ile birlikte, ekonomi politik ge\u00e7mi\u015finden kurtularak teknik bir bilim olma hedefi ta\u015f\u0131d\u0131\u011f\u0131 bir ger\u00e7ektir. Ancak neo-klasik<span class=\"excerpt-hellip\"> [\u2026]<\/span><\/p>\n","protected":false},"featured_media":0,"template":"","meta":{"_monsterinsights_skip_tracking":false,"_monsterinsights_sitenote_active":false,"_monsterinsights_sitenote_note":"","_monsterinsights_sitenote_category":0},"product_brand":[],"product_cat":[20333,13043],"product_tag":[],"class_list":{"0":"post-784272","1":"product","2":"type-product","3":"status-publish","5":"product_cat-diger-ekonomi","6":"product_cat-ekonomi","7":"pa_tur-kitap","8":"pa_yayinevi-efil-yayinevi","9":"pa_yazar-kolektif","11":"first","12":"instock","13":"sale","14":"shipping-taxable","15":"purchasable","16":"product-type-simple"},"_links":{"self":[{"href":"https:\/\/roveyayinevi.com.tr\/index.php\/wp-json\/wp\/v2\/product\/784272","targetHints":{"allow":["GET"]}}],"collection":[{"href":"https:\/\/roveyayinevi.com.tr\/index.php\/wp-json\/wp\/v2\/product"}],"about":[{"href":"https:\/\/roveyayinevi.com.tr\/index.php\/wp-json\/wp\/v2\/types\/product"}],"wp:attachment":[{"href":"https:\/\/roveyayinevi.com.tr\/index.php\/wp-json\/wp\/v2\/media?parent=784272"}],"wp:term":[{"taxonomy":"product_brand","embeddable":true,"href":"https:\/\/roveyayinevi.com.tr\/index.php\/wp-json\/wp\/v2\/product_brand?post=784272"},{"taxonomy":"product_cat","embeddable":true,"href":"https:\/\/roveyayinevi.com.tr\/index.php\/wp-json\/wp\/v2\/product_cat?post=784272"},{"taxonomy":"product_tag","embeddable":true,"href":"https:\/\/roveyayinevi.com.tr\/index.php\/wp-json\/wp\/v2\/product_tag?post=784272"}],"curies":[{"name":"wp","href":"https:\/\/api.w.org\/{rel}","templated":true}]}}