{"id":784271,"date":"2026-03-05T04:16:21","date_gmt":"2026-03-05T01:16:21","guid":{"rendered":"https:\/\/roveyayinevi.com.tr\/index.php\/urun\/sevmek-sevilmek-cinselik\/"},"modified":"2026-04-15T03:47:46","modified_gmt":"2026-04-15T00:47:46","slug":"sevmek-sevilmek-cinselik","status":"publish","type":"product","link":"https:\/\/roveyayinevi.com.tr\/index.php\/urun\/sevmek-sevilmek-cinselik\/","title":{"rendered":"Sevmek Sevilmek Cinselik"},"content":{"rendered":"<p>Sevmek, Sevilmek, Cinsellik, Nihan Kaya\u2019n\u0131n 2021-2025 y\u0131llar\u0131 aras\u0131nda \u0130ngiltere, UCL\u2019de Beyin Bilimleri Fak\u00fcltesi (Faculty of Brain Sciences), Psikoloji ve Dil Bilimleri B\u00f6l\u00fcm\u00fc (Division of Psychology and Language Sciences), Klinik, E\u011fitim ve Sa\u011fl\u0131k Psikolojisi Anabilim Dal\u0131 (Department of Clinical, Educational and Health Psychology), Psikanaliz (Ara\u015ft\u0131rma) Birimi\u2019nde (Psychoanalysis Unit) yapt\u0131\u011f\u0131 ara\u015ft\u0131rmalara dayan\u0131yor. Psikanaliz, n\u00f6robilim ve geli\u015fim psikolojisini harmanlayan bu kitap, yeti\u015fkinlikteki sevme bi\u00e7imlerimizin \u00e7ocukluktaki temellerini irdeliyor. Anne karn\u0131ndan ba\u015flayarak benli\u011fin ortaya \u00e7\u0131kma s\u00fcreci, \u201c\u00f6teki\u201dnin varl\u0131\u011f\u0131n\u0131n \u201cben\u201din olu\u015fmas\u0131nda etkisi, yeme tercihlerimiz, sindirme ya da sindirememe bi\u00e7imlerimiz, romantik e\u011filimlerimiz gibi bir\u00e7ok konu, bu kitapta ilk ili\u015fkilerimiz \u00e7er\u00e7evesinde a\u00e7\u0131klanmakta. Sevmek, Sevilmek, Cinsellik, nesne ili\u015fkileri kuram\u0131n\u0131n temel unsurlar\u0131n\u0131 herkesin anlayaca\u011f\u0131 \u015fekilde yeniden yorumlayarak aktaran bir eser. Psikanalizin en karma\u015f\u0131k teorilerini okura Nihan Kaya\u2019n\u0131n hem akademik hem edebi yorumuyla ve basitle\u015ftirilmi\u015f bir dille ula\u015ft\u0131r\u0131yor.<\/p>\n","protected":false},"excerpt":{"rendered":"<p>Sevmek, Sevilmek, Cinsellik, Nihan Kaya\u2019n\u0131n 2021-2025 y\u0131llar\u0131 aras\u0131nda \u0130ngiltere, UCL\u2019de Beyin Bilimleri Fak\u00fcltesi (Faculty of Brain Sciences), Psikoloji ve Dil Bilimleri B\u00f6l\u00fcm\u00fc (Division of Psychology and<span class=\"excerpt-hellip\"> [\u2026]<\/span><\/p>\n","protected":false},"featured_media":0,"template":"","meta":{"_monsterinsights_skip_tracking":false,"_monsterinsights_sitenote_active":false,"_monsterinsights_sitenote_note":"","_monsterinsights_sitenote_category":0},"product_brand":[],"product_cat":[20502,12357],"product_tag":[],"class_list":{"0":"post-784271","1":"product","2":"type-product","3":"status-publish","5":"product_cat-basvuru-kitaplari-psikoloji","6":"product_cat-psikoloji","7":"pa_cilt-ciltsiz","8":"pa_tur-kitap","9":"pa_yayinevi-okuyan-us-yayin","10":"pa_yazar-nihan-kaya","12":"first","13":"instock","14":"sale","15":"shipping-taxable","16":"purchasable","17":"product-type-simple"},"_links":{"self":[{"href":"https:\/\/roveyayinevi.com.tr\/index.php\/wp-json\/wp\/v2\/product\/784271","targetHints":{"allow":["GET"]}}],"collection":[{"href":"https:\/\/roveyayinevi.com.tr\/index.php\/wp-json\/wp\/v2\/product"}],"about":[{"href":"https:\/\/roveyayinevi.com.tr\/index.php\/wp-json\/wp\/v2\/types\/product"}],"wp:attachment":[{"href":"https:\/\/roveyayinevi.com.tr\/index.php\/wp-json\/wp\/v2\/media?parent=784271"}],"wp:term":[{"taxonomy":"product_brand","embeddable":true,"href":"https:\/\/roveyayinevi.com.tr\/index.php\/wp-json\/wp\/v2\/product_brand?post=784271"},{"taxonomy":"product_cat","embeddable":true,"href":"https:\/\/roveyayinevi.com.tr\/index.php\/wp-json\/wp\/v2\/product_cat?post=784271"},{"taxonomy":"product_tag","embeddable":true,"href":"https:\/\/roveyayinevi.com.tr\/index.php\/wp-json\/wp\/v2\/product_tag?post=784271"}],"curies":[{"name":"wp","href":"https:\/\/api.w.org\/{rel}","templated":true}]}}