{"id":784267,"date":"2026-03-05T04:16:13","date_gmt":"2026-03-05T01:16:13","guid":{"rendered":"https:\/\/roveyayinevi.com.tr\/index.php\/urun\/sinasi-ve-susmayan-zihin-makinesi\/"},"modified":"2026-04-15T03:47:40","modified_gmt":"2026-04-15T00:47:40","slug":"sinasi-ve-susmayan-zihin-makinesi","status":"publish","type":"product","link":"https:\/\/roveyayinevi.com.tr\/index.php\/urun\/sinasi-ve-susmayan-zihin-makinesi\/","title":{"rendered":"\u015einasi ve Susmayan Zihin Makinesi"},"content":{"rendered":"<p>\u015einasi\u2019nin zihni durmadan \u00e7al\u0131\u015fan bir makine gibi\u2026Hi\u00e7bir zaman da g\u00fczel \u015feyler s\u00f6ylemiyor: \u201cSak\u0131n e\u015fyalar\u0131n\u0131 evde unutma, \u00f6\u011fretmen k\u0131zar. \u00c7izdi\u011fin resim hi\u00e7 g\u00fczel olmad\u0131. Yine sa\u00e7ma konu\u015ftun, komik duruma d\u00fc\u015ft\u00fcn.\u201dBu zihin makinesi \u015einasi\u2019nin i\u00e7ini hep endi\u015feyle doldurup duruyor.\u00c7ocuk ve ergen psikiyatristi Do\u00e7. Dr. Hesna G\u00fcl\u2019\u00fcn mesleki uzmanl\u0131\u011f\u0131yla kendi kaleminden d\u00f6k\u00fclen bu hik\u00e2yede \u00e7ocuklara; zihnimizin d\u00fc\u015f\u00fcnce \u00fcreten bir makine gibi \u00e7al\u0131\u015ft\u0131\u011f\u0131, d\u00fc\u015f\u00fcncelerimizin hepsinin do\u011fru olmad\u0131\u011f\u0131 ve kendimizi sakinle\u015ftirebilece\u011fimiz \u00f6\u011fretiliyor.<\/p>\n","protected":false},"excerpt":{"rendered":"<p>\u015einasi\u2019nin zihni durmadan \u00e7al\u0131\u015fan bir makine gibi\u2026Hi\u00e7bir zaman da g\u00fczel \u015feyler s\u00f6ylemiyor: \u201cSak\u0131n e\u015fyalar\u0131n\u0131 evde unutma, \u00f6\u011fretmen k\u0131zar. \u00c7izdi\u011fin resim hi\u00e7 g\u00fczel olmad\u0131. Yine sa\u00e7ma konu\u015ftun,<span class=\"excerpt-hellip\"> [\u2026]<\/span><\/p>\n","protected":false},"featured_media":0,"template":"","meta":{"_monsterinsights_skip_tracking":false,"_monsterinsights_sitenote_active":false,"_monsterinsights_sitenote_note":"","_monsterinsights_sitenote_category":0},"product_brand":[],"product_cat":[12274,12284],"product_tag":[],"class_list":{"0":"post-784267","1":"product","2":"type-product","3":"status-publish","5":"product_cat-cocuk-ve-genclik-kitaplari","6":"product_cat-hikayeler","7":"pa_cilt-ciltsiz","8":"pa_tur-kitap","9":"pa_yayinevi-mandolin-yayinlari","10":"pa_yazar-hesna-gul","12":"first","13":"instock","14":"sale","15":"shipping-taxable","16":"purchasable","17":"product-type-simple"},"_links":{"self":[{"href":"https:\/\/roveyayinevi.com.tr\/index.php\/wp-json\/wp\/v2\/product\/784267","targetHints":{"allow":["GET"]}}],"collection":[{"href":"https:\/\/roveyayinevi.com.tr\/index.php\/wp-json\/wp\/v2\/product"}],"about":[{"href":"https:\/\/roveyayinevi.com.tr\/index.php\/wp-json\/wp\/v2\/types\/product"}],"wp:attachment":[{"href":"https:\/\/roveyayinevi.com.tr\/index.php\/wp-json\/wp\/v2\/media?parent=784267"}],"wp:term":[{"taxonomy":"product_brand","embeddable":true,"href":"https:\/\/roveyayinevi.com.tr\/index.php\/wp-json\/wp\/v2\/product_brand?post=784267"},{"taxonomy":"product_cat","embeddable":true,"href":"https:\/\/roveyayinevi.com.tr\/index.php\/wp-json\/wp\/v2\/product_cat?post=784267"},{"taxonomy":"product_tag","embeddable":true,"href":"https:\/\/roveyayinevi.com.tr\/index.php\/wp-json\/wp\/v2\/product_tag?post=784267"}],"curies":[{"name":"wp","href":"https:\/\/api.w.org\/{rel}","templated":true}]}}