{"id":784261,"date":"2026-03-05T04:16:03","date_gmt":"2026-03-05T01:16:03","guid":{"rendered":"https:\/\/roveyayinevi.com.tr\/index.php\/urun\/auschwitzte-acan-cicek\/"},"modified":"2026-04-15T03:47:40","modified_gmt":"2026-04-15T00:47:40","slug":"auschwitzte-acan-cicek","status":"publish","type":"product","link":"https:\/\/roveyayinevi.com.tr\/index.php\/urun\/auschwitzte-acan-cicek\/","title":{"rendered":"Auschwitz&#8217;te A\u00e7an \u00c7i\u00e7ek"},"content":{"rendered":"<p>Ya\u015fa ve sev. \u015eimdi bir kez daha, iki elle sar\u0131lmas\u0131 gereken bir g\u00f6revdi bu. Bir \u00e7ocu\u011fun ald\u0131\u011f\u0131 ilk nefes, insan\u0131 d\u00fcnyaya ba\u011flayan bir umut demekti. Auschwitz\u2019teki ebe bunu \u00e7ok iyi biliyordu. Ya\u015fatmakla \u00f6lmek aras\u0131nda gidip geliyordu bu hik\u00e2ye. Bir tarafta ya\u015fam\u0131n k\u0131ymetini bir ebenin hayat\u0131 \u00fczerinden anlarken, di\u011fer taraftan ad\u0131n\u0131 soyk\u0131r\u0131m ile tarihe yazd\u0131ran bir s\u00fcr\u00fcn\u00fcn ya\u015fatt\u0131\u011f\u0131 vah\u015fetin ac\u0131tan \u00f6yk\u00fcs\u00fc\u2026 Auschwitz\u2019te A\u00e7an \u00c7i\u00e7ek, her \u015feyin z\u0131dd\u0131 ile kaim oldu\u011fu bu d\u00fcnyada ya\u015fatman\u0131n mucizesini hayk\u0131r\u0131rken fa\u015fizmin ger\u00e7ek y\u00fcz\u00fcn\u00fc g\u00f6zler \u00f6n\u00fcne sermeyi de ihmal etmiyor.<\/p>\n","protected":false},"excerpt":{"rendered":"<p>Ya\u015fa ve sev. \u015eimdi bir kez daha, iki elle sar\u0131lmas\u0131 gereken bir g\u00f6revdi bu. Bir \u00e7ocu\u011fun ald\u0131\u011f\u0131 ilk nefes, insan\u0131 d\u00fcnyaya ba\u011flayan bir umut demekti. Auschwitz\u2019teki<span class=\"excerpt-hellip\"> [\u2026]<\/span><\/p>\n","protected":false},"featured_media":0,"template":"","meta":{"_monsterinsights_skip_tracking":false,"_monsterinsights_sitenote_active":false,"_monsterinsights_sitenote_note":"","_monsterinsights_sitenote_category":0},"product_brand":[],"product_cat":[141304],"product_tag":[],"class_list":{"0":"post-784261","1":"product","2":"type-product","3":"status-publish","5":"product_cat-yeni-cikanlar","6":"pa_cilt-ciltsiz","7":"pa_tur-kitap","8":"pa_yayinevi-gutenberg","9":"pa_yazar-anna-stuart","11":"first","12":"instock","13":"sale","14":"shipping-taxable","15":"purchasable","16":"product-type-simple"},"_links":{"self":[{"href":"https:\/\/roveyayinevi.com.tr\/index.php\/wp-json\/wp\/v2\/product\/784261","targetHints":{"allow":["GET"]}}],"collection":[{"href":"https:\/\/roveyayinevi.com.tr\/index.php\/wp-json\/wp\/v2\/product"}],"about":[{"href":"https:\/\/roveyayinevi.com.tr\/index.php\/wp-json\/wp\/v2\/types\/product"}],"wp:attachment":[{"href":"https:\/\/roveyayinevi.com.tr\/index.php\/wp-json\/wp\/v2\/media?parent=784261"}],"wp:term":[{"taxonomy":"product_brand","embeddable":true,"href":"https:\/\/roveyayinevi.com.tr\/index.php\/wp-json\/wp\/v2\/product_brand?post=784261"},{"taxonomy":"product_cat","embeddable":true,"href":"https:\/\/roveyayinevi.com.tr\/index.php\/wp-json\/wp\/v2\/product_cat?post=784261"},{"taxonomy":"product_tag","embeddable":true,"href":"https:\/\/roveyayinevi.com.tr\/index.php\/wp-json\/wp\/v2\/product_tag?post=784261"}],"curies":[{"name":"wp","href":"https:\/\/api.w.org\/{rel}","templated":true}]}}