{"id":784259,"date":"2026-03-05T04:15:59","date_gmt":"2026-03-05T01:15:59","guid":{"rendered":"https:\/\/roveyayinevi.com.tr\/index.php\/urun\/dunyayi-seven-cocuk\/"},"modified":"2026-04-15T03:47:38","modified_gmt":"2026-04-15T00:47:38","slug":"dunyayi-seven-cocuk","status":"publish","type":"product","link":"https:\/\/roveyayinevi.com.tr\/index.php\/urun\/dunyayi-seven-cocuk\/","title":{"rendered":"D\u00fcnyay\u0131 Seven \u00c7ocuk"},"content":{"rendered":"<p>Adem bir &#8220;olas\u0131 \u00e7ocuk&#8221;tur. Anne babas\u0131 eski bir Do\u011fu Avrupa \u015fehrinde kar\u015f\u0131la\u015ft\u0131klar\u0131nda bir k\u0131v\u0131lc\u0131m s\u0131\u00e7rar ve Adem canlan\u0131r. Say\u0131s\u0131z olas\u0131 \u00e7ocuk vard\u0131r ve \u00e7o\u011fu hi\u00e7bir zaman g\u00fcn \u0131\u015f\u0131\u011f\u0131n\u0131 g\u00f6remeyecektir. Ancak Adem&#8217;e dair \u00f6zel bir durum s\u00f6z konusudur: Anne babas\u0131, ilk tan\u0131\u015fmalar\u0131n\u0131n ard\u0131ndan birbirleriyle temaslar\u0131n\u0131 kaybetme tehlikesiyle kar\u015f\u0131la\u015ft\u0131klar\u0131nda, Adem hayat\u0131 i\u00e7in avans al\u0131r. Anne babas\u0131n\u0131 yeniden bir araya getirip kendi hayat\u0131n\u0131 g\u00fcvence alt\u0131na almak i\u00e7in \u00e7ok az zaman\u0131 vard\u0131r. T\u00fcm safl\u0131\u011f\u0131yla yola koyulur; emin oldu\u011fu bir \u015fey varsa o da Adem&#8217;in d\u00fcnyay\u0131 sevdi\u011fi ve ya\u015famak istedi\u011fidir.Tjibbe Veldkamp&#8217;\u0131n b\u00fcy\u00fcl\u00fc ger\u00e7ek\u00e7i hik\u00e2yesi D\u00fcnyay\u0131 Seven \u00c7ocuk yay\u0131mland\u0131\u011f\u0131 y\u0131l b\u00fcy\u00fck yank\u0131 uyand\u0131r\u0131p Nienke van Hichtum \u00d6d\u00fcl\u00fc, Zilveren Griffel \u00d6d\u00fcl\u00fc ve Woutertje Pieterse \u00d6d\u00fcl\u00fc&#8217;ne de\u011fer g\u00f6r\u00fcld\u00fc.<\/p>\n","protected":false},"excerpt":{"rendered":"<p>Adem bir &#8220;olas\u0131 \u00e7ocuk&#8221;tur. Anne babas\u0131 eski bir Do\u011fu Avrupa \u015fehrinde kar\u015f\u0131la\u015ft\u0131klar\u0131nda bir k\u0131v\u0131lc\u0131m s\u0131\u00e7rar ve Adem canlan\u0131r. Say\u0131s\u0131z olas\u0131 \u00e7ocuk vard\u0131r ve \u00e7o\u011fu hi\u00e7bir zaman<span class=\"excerpt-hellip\"> [\u2026]<\/span><\/p>\n","protected":false},"featured_media":0,"template":"","meta":{"_monsterinsights_skip_tracking":false,"_monsterinsights_sitenote_active":false,"_monsterinsights_sitenote_note":"","_monsterinsights_sitenote_category":0},"product_brand":[],"product_cat":[12274,12284],"product_tag":[],"class_list":{"0":"post-784259","1":"product","2":"type-product","3":"status-publish","5":"product_cat-cocuk-ve-genclik-kitaplari","6":"product_cat-hikayeler","7":"pa_cilt-ciltsiz","8":"pa_tur-kitap","9":"pa_yayinevi-can-cocuk-yayinlari","10":"pa_yazar-tjibbe-veldkamp","12":"first","13":"instock","14":"sale","15":"shipping-taxable","16":"purchasable","17":"product-type-simple"},"_links":{"self":[{"href":"https:\/\/roveyayinevi.com.tr\/index.php\/wp-json\/wp\/v2\/product\/784259","targetHints":{"allow":["GET"]}}],"collection":[{"href":"https:\/\/roveyayinevi.com.tr\/index.php\/wp-json\/wp\/v2\/product"}],"about":[{"href":"https:\/\/roveyayinevi.com.tr\/index.php\/wp-json\/wp\/v2\/types\/product"}],"wp:attachment":[{"href":"https:\/\/roveyayinevi.com.tr\/index.php\/wp-json\/wp\/v2\/media?parent=784259"}],"wp:term":[{"taxonomy":"product_brand","embeddable":true,"href":"https:\/\/roveyayinevi.com.tr\/index.php\/wp-json\/wp\/v2\/product_brand?post=784259"},{"taxonomy":"product_cat","embeddable":true,"href":"https:\/\/roveyayinevi.com.tr\/index.php\/wp-json\/wp\/v2\/product_cat?post=784259"},{"taxonomy":"product_tag","embeddable":true,"href":"https:\/\/roveyayinevi.com.tr\/index.php\/wp-json\/wp\/v2\/product_tag?post=784259"}],"curies":[{"name":"wp","href":"https:\/\/api.w.org\/{rel}","templated":true}]}}