{"id":784253,"date":"2026-03-05T04:15:49","date_gmt":"2026-03-05T01:15:49","guid":{"rendered":"https:\/\/roveyayinevi.com.tr\/index.php\/urun\/dale-carnegie-toplu-eserleri\/"},"modified":"2026-04-15T03:47:38","modified_gmt":"2026-04-15T00:47:38","slug":"dale-carnegie-toplu-eserleri","status":"publish","type":"product","link":"https:\/\/roveyayinevi.com.tr\/index.php\/urun\/dale-carnegie-toplu-eserleri\/","title":{"rendered":"Dale Carnegie Toplu Eserleri"},"content":{"rendered":"<p>Dale Carnegie\u2019nin milyonlara ilham olmu\u015f bu \u00fc\u00e7 klasi\u011fi, insanlarla sa\u011fl\u0131kl\u0131 ili\u015fkiler kurman\u0131n, i\u00e7sel huzuru yakalaman\u0131n ve hayatta kal\u0131c\u0131 ba\u015far\u0131 elde etmenin temel ta\u015flar\u0131n\u0131 bir araya getiriyor. \u0130nsanlar\u0131 etkilemenin zorlayarak de\u011fil, anlayarak m\u00fcmk\u00fcn oldu\u011funu, kayg\u0131dan ar\u0131nm\u0131\u015f bir zihnin ger\u00e7ek g\u00fcc\u00fcn\u00fc ve s\u00f6z\u00fcn do\u011fru kullan\u0131ld\u0131\u011f\u0131nda nas\u0131l kap\u0131lar a\u00e7t\u0131\u011f\u0131n\u0131 bu kitapl\u0131kta ke\u015ffedeceksiniz. Carnegie\u2019nin zamana meydan okuyan yakla\u015f\u0131m\u0131; i\u015f haya- t\u0131ndan \u00f6zel ya\u015fama, kalabal\u0131klar \u00f6n\u00fcnde konu\u015fmaktan insanlarla ba\u011f kurmaya kadar hayat\u0131n her alan\u0131na dokunuyor. De\u011fi\u015fen d\u00fcnyaya ra\u011fmen ge\u00e7erlili\u011fini koruyan bu ilkelerle, daha bilin\u00e7li, daha sakin ve daha etkili bir ya\u015fam\u0131n kap\u0131lar\u0131n\u0131 aralayacaks\u0131n\u0131z. Kendini geli\u015ftirmek isteyen herkes i\u00e7in vazge\u00e7ilmez olan bu \u00fc\u00e7 eser, daha g\u00fc\u00e7l\u00fc ili\u015fkiler, daha sakin bir zihin ve daha etkili bir ya\u015fam i\u00e7in \u015fimdi tek bir ciltte bulu\u015fuyor.<\/p>\n","protected":false},"excerpt":{"rendered":"<p>Dale Carnegie\u2019nin milyonlara ilham olmu\u015f bu \u00fc\u00e7 klasi\u011fi, insanlarla sa\u011fl\u0131kl\u0131 ili\u015fkiler kurman\u0131n, i\u00e7sel huzuru yakalaman\u0131n ve hayatta kal\u0131c\u0131 ba\u015far\u0131 elde etmenin temel ta\u015flar\u0131n\u0131 bir araya getiriyor.<span class=\"excerpt-hellip\"> [\u2026]<\/span><\/p>\n","protected":false},"featured_media":0,"template":"","meta":{"_monsterinsights_skip_tracking":false,"_monsterinsights_sitenote_active":false,"_monsterinsights_sitenote_note":"","_monsterinsights_sitenote_category":0},"product_brand":[],"product_cat":[141304],"product_tag":[],"class_list":{"0":"post-784253","1":"product","2":"type-product","3":"status-publish","5":"product_cat-yeni-cikanlar","6":"pa_cilt-ciltsiz","7":"pa_tur-kitap","8":"pa_yayinevi-epsilon-yayinlari","9":"pa_yazar-dale-carnegie","11":"first","12":"instock","13":"sale","14":"shipping-taxable","15":"purchasable","16":"product-type-simple"},"_links":{"self":[{"href":"https:\/\/roveyayinevi.com.tr\/index.php\/wp-json\/wp\/v2\/product\/784253","targetHints":{"allow":["GET"]}}],"collection":[{"href":"https:\/\/roveyayinevi.com.tr\/index.php\/wp-json\/wp\/v2\/product"}],"about":[{"href":"https:\/\/roveyayinevi.com.tr\/index.php\/wp-json\/wp\/v2\/types\/product"}],"wp:attachment":[{"href":"https:\/\/roveyayinevi.com.tr\/index.php\/wp-json\/wp\/v2\/media?parent=784253"}],"wp:term":[{"taxonomy":"product_brand","embeddable":true,"href":"https:\/\/roveyayinevi.com.tr\/index.php\/wp-json\/wp\/v2\/product_brand?post=784253"},{"taxonomy":"product_cat","embeddable":true,"href":"https:\/\/roveyayinevi.com.tr\/index.php\/wp-json\/wp\/v2\/product_cat?post=784253"},{"taxonomy":"product_tag","embeddable":true,"href":"https:\/\/roveyayinevi.com.tr\/index.php\/wp-json\/wp\/v2\/product_tag?post=784253"}],"curies":[{"name":"wp","href":"https:\/\/api.w.org\/{rel}","templated":true}]}}