{"id":784252,"date":"2026-03-05T04:15:47","date_gmt":"2026-03-05T01:15:47","guid":{"rendered":"https:\/\/roveyayinevi.com.tr\/index.php\/urun\/bir-isletmeyi-buyutmek\/"},"modified":"2026-04-15T03:47:37","modified_gmt":"2026-04-15T00:47:37","slug":"bir-isletmeyi-buyutmek","status":"publish","type":"product","link":"https:\/\/roveyayinevi.com.tr\/index.php\/urun\/bir-isletmeyi-buyutmek\/","title":{"rendered":"Bir \u0130\u015fletmeyi B\u00fcy\u00fctmek"},"content":{"rendered":"<p>\u0130\u015finizi b\u00fcy\u00fctmek, yaln\u0131zca daha b\u00fcy\u00fck rakamlara ula\u015fmak de\u011fildir; vizyonu, liderli\u011fi ve de\u011fi\u015fime uyum sa\u011flama becerisini gerektiren stratejik bir yolculuktur.Yeni kurulan bir giri\u015fimin esneklik ile yap\u0131 aras\u0131ndaki hassas dengeyi kurma s\u00fcrecinden, b\u00fcy\u00fck \u00f6l\u00e7ekli \u015firketlerin farkl\u0131 h\u0131zlarda geli\u015fen b\u00f6l\u00fcmlerini uyumlu h\u00e2le getirmesine; vizyoner bir kurucunun kontrol\u00fc devretme gereklili\u011fiyle y\u00fczle\u015fmesinden, b\u00fcy\u00fcmenin getirdi\u011fi k\u00fclt\u00fcrel ve finansal d\u00f6n\u00fc\u015f\u00fcmlere kadar i\u015f d\u00fcnyas\u0131ndaki kritik sorular bu kitapta ele al\u0131n\u0131yor.Geni\u015f ara\u015ft\u0131rmalara, g\u00fcvenilir modellere ve ger\u00e7ek hayattan g\u00fc\u00e7l\u00fc vaka incelemelerine dayanan bu kitap:\u2022 B\u00fcy\u00fcmenin t\u00fcrlerini ve a\u015famalar\u0131n\u0131 a\u00e7\u0131kl\u0131yor,\u2022 B\u00fcy\u00fcme s\u00fcrecinin do\u011furabilece\u011fi sorunlar\u0131 \u00f6ng\u00f6rmeyi \u00f6\u011fretiyor,\u2022 B\u00fcy\u00fcme tetikleyicilerini ve olas\u0131 engelleri analiz ediyor, \u2022 \u0130nsan y\u00f6netimi, organizasyonel k\u00fclt\u00fcr ve finansal yap\u0131 \u00fczerindeki etkileri net bir \u00e7er\u00e7eveyle ortaya koyuyor.Bir \u0130\u015fletmeyi B\u00fcy\u00fctmek, bu yolculukta kar\u015f\u0131la\u015f\u0131labilecek zorluklara \u0131\u015f\u0131k tutan, hem ilham veren hem de yol g\u00f6steren bir rehber niteli\u011fi ta\u015f\u0131maktad\u0131r. Kendi i\u015fletmesinin potansiyelini ke\u015ffetmek, s\u00fcrd\u00fcr\u00fclebilir b\u00fcy\u00fcme stratejileri geli\u015ftirmek ve de\u011fi\u015fimi g\u00fcvenle y\u00f6netmek isteyen t\u00fcm giri\u015fimci ve y\u00f6neticiler i\u00e7in vazge\u00e7ilmez bir ba\u015fvuru kayna\u011f\u0131.<\/p>\n","protected":false},"excerpt":{"rendered":"<p>\u0130\u015finizi b\u00fcy\u00fctmek, yaln\u0131zca daha b\u00fcy\u00fck rakamlara ula\u015fmak de\u011fildir; vizyonu, liderli\u011fi ve de\u011fi\u015fime uyum sa\u011flama becerisini gerektiren stratejik bir yolculuktur.Yeni kurulan bir giri\u015fimin esneklik ile yap\u0131 aras\u0131ndaki<span class=\"excerpt-hellip\"> [\u2026]<\/span><\/p>\n","protected":false},"featured_media":0,"template":"","meta":{"_monsterinsights_skip_tracking":false,"_monsterinsights_sitenote_active":false,"_monsterinsights_sitenote_note":"","_monsterinsights_sitenote_category":0},"product_brand":[],"product_cat":[13043,17647],"product_tag":[],"class_list":{"0":"post-784252","1":"product","2":"type-product","3":"status-publish","5":"product_cat-ekonomi","6":"product_cat-is-dunyasi","7":"pa_cilt-ciltsiz","8":"pa_tur-kitap","9":"pa_yayinevi-barometre","10":"pa_yazar-rupert-merson","12":"first","13":"instock","14":"sale","15":"shipping-taxable","16":"purchasable","17":"product-type-simple"},"_links":{"self":[{"href":"https:\/\/roveyayinevi.com.tr\/index.php\/wp-json\/wp\/v2\/product\/784252","targetHints":{"allow":["GET"]}}],"collection":[{"href":"https:\/\/roveyayinevi.com.tr\/index.php\/wp-json\/wp\/v2\/product"}],"about":[{"href":"https:\/\/roveyayinevi.com.tr\/index.php\/wp-json\/wp\/v2\/types\/product"}],"wp:attachment":[{"href":"https:\/\/roveyayinevi.com.tr\/index.php\/wp-json\/wp\/v2\/media?parent=784252"}],"wp:term":[{"taxonomy":"product_brand","embeddable":true,"href":"https:\/\/roveyayinevi.com.tr\/index.php\/wp-json\/wp\/v2\/product_brand?post=784252"},{"taxonomy":"product_cat","embeddable":true,"href":"https:\/\/roveyayinevi.com.tr\/index.php\/wp-json\/wp\/v2\/product_cat?post=784252"},{"taxonomy":"product_tag","embeddable":true,"href":"https:\/\/roveyayinevi.com.tr\/index.php\/wp-json\/wp\/v2\/product_tag?post=784252"}],"curies":[{"name":"wp","href":"https:\/\/api.w.org\/{rel}","templated":true}]}}