{"id":784250,"date":"2026-03-05T04:15:43","date_gmt":"2026-03-05T01:15:43","guid":{"rendered":"https:\/\/roveyayinevi.com.tr\/index.php\/urun\/sana\/"},"modified":"2026-04-15T03:47:37","modified_gmt":"2026-04-15T00:47:37","slug":"sana","status":"publish","type":"product","link":"https:\/\/roveyayinevi.com.tr\/index.php\/urun\/sana\/","title":{"rendered":"Sana"},"content":{"rendered":"<p>Bu Bir Teselli Kitab\u0131 De\u011fil Sana, okuru rahatlatmak i\u00e7in yaz\u0131lmad\u0131. \u0130yi hissettirmek, motive etmek ya da \u201cdo\u011fru yolu g\u00f6stermek\u201d gibi bir derdi yok. Bu kitap, Zen\u2019i bir ka\u00e7\u0131\u015f alan\u0131 h\u00e2line getiren b\u00fct\u00fcn yorumlara kar\u015f\u0131 yaz\u0131lm\u0131\u015f bir itiraz metni. K\u014dd\u014d Sawaki, okuru teselli etmek yerine onu do\u011frudan muhatap al\u0131yor ve \u015funu soruyor: \u201cHayat\u0131n\u0131 ger\u00e7ekten sen mi ya\u015f\u0131yorsun yoksa sadece anlat\u0131s\u0131n\u0131 m\u0131?\u201d Zen\u2019i S\u00fcslerinden Soyan Bir Ses 20. y\u00fczy\u0131l Zen d\u00fc\u015f\u00fcncesinin en ayk\u0131r\u0131 fig\u00fcrlerinden K\u014dd\u014d Sawaki, Zen\u2019i rit\u00fcellerden, unvanlardan ve \u201cayd\u0131nlanma\u201d romantizminden ar\u0131nd\u0131ran bir \u00f6\u011fretmen olarak biliniyor. Onun me\u015fhur c\u00fcmlesi bu kitab\u0131n da omurgas\u0131n\u0131 olu\u015fturuyor: \u201cZazen hi\u00e7bir \u015feye yaramaz.\u201d Sawaki\u2019ye g\u00f6re zazen bir ara\u00e7 de\u011fil, bir ama\u00e7; hayat da \u00f6yle. Bu y\u00fczden Sana kazan\u0131m vadetmiyor, ilerleme anlatm\u0131yor, hedef koymuyor. Okuru \u201cdaha iyi biri\u201d olmaya \u00e7a\u011f\u0131rm\u0131yor. Bunun yerine \u00e7ok daha zor bir \u015fey yap\u0131yor: Okuru kendi hayat\u0131yla ba\u015f ba\u015fa b\u0131rak\u0131yor. \u201cSen\u201d Diye Konu\u015fan Bir Kitap Sana Sawaki\u2019nin vaazlar\u0131ndan, konu\u015fmalar\u0131ndan ve notlar\u0131ndan derlenmi\u015f k\u0131sa ama yo\u011fun metinlerden olu\u015fuyor. Kitap boyunca yazar, okura do\u011frudan \u201csen\u201d diye hitap ediyor. Bu dil, samimi oldu\u011fu kadar rahats\u0131z edici \u00e7\u00fcnk\u00fc ka\u00e7acak yer b\u0131rakm\u0131yor.  Burada kavramlar, teoriler, uzun a\u00e7\u0131klamalar yok ama sorumluluk var. Ve o sorumluluk ba\u015fkas\u0131na devredilemez.  Ki\u015fisel Geli\u015fimin Kar\u015f\u0131s\u0131nda Dimdik Duran Bir Metin Sana, bug\u00fcn\u00fcn \u201cKendini ger\u00e7ekle\u015ftir\u201d, \u201cPotansiyelini a\u00e7\u0131\u011fa \u00e7\u0131kar\u201d, \u201cDaha iyi versiyonun ol\u201d s\u00f6ylemlerine mesafelidir. Sawaki\u2019ye g\u00f6re iyi niyet yetmiyor, do\u011fru d\u00fc\u015f\u00fcnmek kurtarm\u0131yor ve anlamak, ya\u015famaktan daha de\u011ferli de\u011fil. Bu kitap, okuru s\u00fcrekli \u015funa geri \u00e7a\u011f\u0131r\u0131yor: \u201c\u015eu an ne yap\u0131yorsun?\u201d Maneviyat\u0131n pazarland\u0131\u011f\u0131, fark\u0131ndal\u0131\u011f\u0131n bir \u00fcr\u00fcne d\u00f6n\u00fc\u015ft\u00fc\u011f\u00fc, \u201ciyi hissetme\u201dnin ahlaki bir hedef gibi sunuldu\u011fu g\u00fcn\u00fcm\u00fczde h\u00e2l\u00e2 g\u00fcncelli\u011fini koruyan bu kitap, bu \u00e7a\u011f\u0131n tam kar\u015f\u0131s\u0131nda duruyor. Daha mutlu olmay\u0131 de\u011fil, daha d\u00fcr\u00fcst olmay\u0131 \u00f6neriyor.<\/p>\n","protected":false},"excerpt":{"rendered":"<p>Bu Bir Teselli Kitab\u0131 De\u011fil Sana, okuru rahatlatmak i\u00e7in yaz\u0131lmad\u0131. \u0130yi hissettirmek, motive etmek ya da \u201cdo\u011fru yolu g\u00f6stermek\u201d gibi bir derdi yok. Bu kitap, Zen\u2019i<span class=\"excerpt-hellip\"> [\u2026]<\/span><\/p>\n","protected":false},"featured_media":0,"template":"","meta":{"_monsterinsights_skip_tracking":false,"_monsterinsights_sitenote_active":false,"_monsterinsights_sitenote_note":"","_monsterinsights_sitenote_category":0},"product_brand":[],"product_cat":[12364,12376],"product_tag":[],"class_list":{"0":"post-784250","1":"product","2":"type-product","3":"status-publish","5":"product_cat-genel-konular","6":"product_cat-kisisel-gelisim","7":"pa_cilt-ciltsiz","8":"pa_tur-kitap","9":"pa_yayinevi-okuyan-us-yayin","10":"pa_yazar-kodo-sawaki","12":"first","13":"instock","14":"sale","15":"shipping-taxable","16":"purchasable","17":"product-type-simple"},"_links":{"self":[{"href":"https:\/\/roveyayinevi.com.tr\/index.php\/wp-json\/wp\/v2\/product\/784250","targetHints":{"allow":["GET"]}}],"collection":[{"href":"https:\/\/roveyayinevi.com.tr\/index.php\/wp-json\/wp\/v2\/product"}],"about":[{"href":"https:\/\/roveyayinevi.com.tr\/index.php\/wp-json\/wp\/v2\/types\/product"}],"wp:attachment":[{"href":"https:\/\/roveyayinevi.com.tr\/index.php\/wp-json\/wp\/v2\/media?parent=784250"}],"wp:term":[{"taxonomy":"product_brand","embeddable":true,"href":"https:\/\/roveyayinevi.com.tr\/index.php\/wp-json\/wp\/v2\/product_brand?post=784250"},{"taxonomy":"product_cat","embeddable":true,"href":"https:\/\/roveyayinevi.com.tr\/index.php\/wp-json\/wp\/v2\/product_cat?post=784250"},{"taxonomy":"product_tag","embeddable":true,"href":"https:\/\/roveyayinevi.com.tr\/index.php\/wp-json\/wp\/v2\/product_tag?post=784250"}],"curies":[{"name":"wp","href":"https:\/\/api.w.org\/{rel}","templated":true}]}}