{"id":784246,"date":"2026-03-05T04:15:38","date_gmt":"2026-03-05T01:15:38","guid":{"rendered":"https:\/\/roveyayinevi.com.tr\/index.php\/urun\/dogadaki-saglik-2\/"},"modified":"2026-04-15T03:47:37","modified_gmt":"2026-04-15T00:47:37","slug":"dogadaki-saglik-2","status":"publish","type":"product","link":"https:\/\/roveyayinevi.com.tr\/index.php\/urun\/dogadaki-saglik-2\/","title":{"rendered":"Do\u011fadaki Sa\u011fl\u0131k 2"},"content":{"rendered":"<p>Do\u011fan\u0131n Re\u00e7etesi G\u00fcncellendi: \u015eifay\u0131 Evinizde BulunT\u0131bbi-Aromatik Bitki uzman\u0131 Ayhan Ercan, 40 y\u0131ll\u0131k mesleki birikimini Do\u011fadaki Sa\u011fl\u0131k ile evlerinize ta\u015f\u0131yor. Sizi ticari kayg\u0131larla \u00fcretilmi\u015f gereksiz \u00fcr\u00fcnlere y\u00f6nlendirmek yerine, \u015fifay\u0131 kendi mutfa\u011f\u0131n\u0131zda, en do\u011fal haliyle bulman\u0131z\u0131 ama\u00e7l\u0131yor.Geni\u015fletilmi\u015f ve g\u00fcncellenmi\u015f bu ikinci ciltte; yeni eklenen \u00f6nemli t\u0131bbi bitkiler ve fermantasyon s\u00fcre\u00e7leriyle (sirkeler) zenginle\u015ftirilen b\u00f6l\u00fcmler, sa\u011fl\u0131kl\u0131 al\u0131\u015fkanl\u0131klara giden yolu \u00e7ok daha detayl\u0131 bir \u015fekilde ayd\u0131nlat\u0131yor. Kitab\u0131n sayfalar\u0131n\u0131 \u00e7evirmeye ba\u015flad\u0131\u011f\u0131n\u0131zda; bitkilerin A\u2019dan Z\u2019ye do\u011fru kullan\u0131m \u015fekillerinden kritik dozaj ayarlar\u0131na, farkl\u0131 hastal\u0131klar i\u00e7in \u00f6zel olarak form\u00fcle edilmi\u015f \u00e7ay, macun ve merhem tariflerinden evde haz\u0131rlayabilece\u011finiz do\u011fal kozmetiklere kadar uzanan geni\u015f bir hazineyle kar\u015f\u0131la\u015facaks\u0131n\u0131z. Do\u011fru bitkiyi tan\u0131mak, onu en etkin y\u00f6ntemle kullanmak ve sa\u011fl\u0131\u011f\u0131n\u0131z\u0131 do\u011fal yollarla korumak i\u00e7in Do\u011fadaki Sa\u011fl\u0131k, \u015fifa yolculu\u011funuzda en g\u00fcvenilir k\u0131lavuzunuza d\u00f6n\u00fc\u015f\u00fcyor.<\/p>\n","protected":false},"excerpt":{"rendered":"<p>Do\u011fan\u0131n Re\u00e7etesi G\u00fcncellendi: \u015eifay\u0131 Evinizde BulunT\u0131bbi-Aromatik Bitki uzman\u0131 Ayhan Ercan, 40 y\u0131ll\u0131k mesleki birikimini Do\u011fadaki Sa\u011fl\u0131k ile evlerinize ta\u015f\u0131yor. Sizi ticari kayg\u0131larla \u00fcretilmi\u015f gereksiz \u00fcr\u00fcnlere y\u00f6nlendirmek<span class=\"excerpt-hellip\"> [\u2026]<\/span><\/p>\n","protected":false},"featured_media":0,"template":"","meta":{"_monsterinsights_skip_tracking":false,"_monsterinsights_sitenote_active":false,"_monsterinsights_sitenote_note":"","_monsterinsights_sitenote_category":0},"product_brand":[],"product_cat":[13397,13365],"product_tag":[],"class_list":{"0":"post-784246","1":"product","2":"type-product","3":"status-publish","5":"product_cat-alternatif-tip-sifali-bitkiler","6":"product_cat-saglik","7":"pa_cilt-ciltsiz","8":"pa_tur-kitap","9":"pa_yayinevi-nemesis-kitap","10":"pa_yazar-ayhan-ercan","12":"first","13":"instock","14":"sale","15":"shipping-taxable","16":"purchasable","17":"product-type-simple"},"_links":{"self":[{"href":"https:\/\/roveyayinevi.com.tr\/index.php\/wp-json\/wp\/v2\/product\/784246","targetHints":{"allow":["GET"]}}],"collection":[{"href":"https:\/\/roveyayinevi.com.tr\/index.php\/wp-json\/wp\/v2\/product"}],"about":[{"href":"https:\/\/roveyayinevi.com.tr\/index.php\/wp-json\/wp\/v2\/types\/product"}],"wp:attachment":[{"href":"https:\/\/roveyayinevi.com.tr\/index.php\/wp-json\/wp\/v2\/media?parent=784246"}],"wp:term":[{"taxonomy":"product_brand","embeddable":true,"href":"https:\/\/roveyayinevi.com.tr\/index.php\/wp-json\/wp\/v2\/product_brand?post=784246"},{"taxonomy":"product_cat","embeddable":true,"href":"https:\/\/roveyayinevi.com.tr\/index.php\/wp-json\/wp\/v2\/product_cat?post=784246"},{"taxonomy":"product_tag","embeddable":true,"href":"https:\/\/roveyayinevi.com.tr\/index.php\/wp-json\/wp\/v2\/product_tag?post=784246"}],"curies":[{"name":"wp","href":"https:\/\/api.w.org\/{rel}","templated":true}]}}