{"id":784239,"date":"2026-03-05T04:15:25","date_gmt":"2026-03-05T01:15:25","guid":{"rendered":"https:\/\/roveyayinevi.com.tr\/index.php\/urun\/dedemin-mandalina-agaci\/"},"modified":"2026-04-15T03:47:36","modified_gmt":"2026-04-15T00:47:36","slug":"dedemin-mandalina-agaci","status":"publish","type":"product","link":"https:\/\/roveyayinevi.com.tr\/index.php\/urun\/dedemin-mandalina-agaci\/","title":{"rendered":"Dedemin Mandalina A\u011fac\u0131"},"content":{"rendered":"<p>Sevgi yok olmaz. Sadece \u015fekil de\u011fi\u015ftirir&#8230;Judi, bah\u00e7esindeki \u00e7i\u00e7ekleri izlerken do\u011fan\u0131n d\u00f6ng\u00fcs\u00fcn\u00fcve hayat\u0131n d\u00f6n\u00fc\u015f\u00fcm\u00fcn\u00fc ke\u015ffeder:filizlenen tomurcuklar\u0131, topra\u011fa kar\u0131\u015fan yapraklar\u0131, yeni ba\u015flang\u0131\u00e7lar\u0131\u2026Peki, zaman\u0131 dolan \u015feylere ne olur?Kayb\u0131 do\u011fan\u0131n diliyle anlat\u0131rken umut a\u015f\u0131layan bu s\u0131cac\u0131k hik\u00e2ye, \u00e7ocuklara oldu\u011fu kadar i\u00e7indeki \u00e7ocu\u011fu iyile\u015ftirmek isteyen yeti\u015fkinlere de hitap ediyor.<\/p>\n","protected":false},"excerpt":{"rendered":"<p>Sevgi yok olmaz. Sadece \u015fekil de\u011fi\u015ftirir&#8230;Judi, bah\u00e7esindeki \u00e7i\u00e7ekleri izlerken do\u011fan\u0131n d\u00f6ng\u00fcs\u00fcn\u00fcve hayat\u0131n d\u00f6n\u00fc\u015f\u00fcm\u00fcn\u00fc ke\u015ffeder:filizlenen tomurcuklar\u0131, topra\u011fa kar\u0131\u015fan yapraklar\u0131, yeni ba\u015flang\u0131\u00e7lar\u0131\u2026Peki, zaman\u0131 dolan \u015feylere ne olur?Kayb\u0131 do\u011fan\u0131n<span class=\"excerpt-hellip\"> [\u2026]<\/span><\/p>\n","protected":false},"featured_media":0,"template":"","meta":{"_monsterinsights_skip_tracking":false,"_monsterinsights_sitenote_active":false,"_monsterinsights_sitenote_note":"","_monsterinsights_sitenote_category":0},"product_brand":[],"product_cat":[12274,12284],"product_tag":[],"class_list":{"0":"post-784239","1":"product","2":"type-product","3":"status-publish","5":"product_cat-cocuk-ve-genclik-kitaplari","6":"product_cat-hikayeler","7":"pa_cilt-ciltsiz","8":"pa_tur-kitap","9":"pa_yayinevi-masalperest","10":"pa_yazar-merve-gursoy","12":"first","13":"instock","14":"sale","15":"shipping-taxable","16":"purchasable","17":"product-type-simple"},"_links":{"self":[{"href":"https:\/\/roveyayinevi.com.tr\/index.php\/wp-json\/wp\/v2\/product\/784239","targetHints":{"allow":["GET"]}}],"collection":[{"href":"https:\/\/roveyayinevi.com.tr\/index.php\/wp-json\/wp\/v2\/product"}],"about":[{"href":"https:\/\/roveyayinevi.com.tr\/index.php\/wp-json\/wp\/v2\/types\/product"}],"wp:attachment":[{"href":"https:\/\/roveyayinevi.com.tr\/index.php\/wp-json\/wp\/v2\/media?parent=784239"}],"wp:term":[{"taxonomy":"product_brand","embeddable":true,"href":"https:\/\/roveyayinevi.com.tr\/index.php\/wp-json\/wp\/v2\/product_brand?post=784239"},{"taxonomy":"product_cat","embeddable":true,"href":"https:\/\/roveyayinevi.com.tr\/index.php\/wp-json\/wp\/v2\/product_cat?post=784239"},{"taxonomy":"product_tag","embeddable":true,"href":"https:\/\/roveyayinevi.com.tr\/index.php\/wp-json\/wp\/v2\/product_tag?post=784239"}],"curies":[{"name":"wp","href":"https:\/\/api.w.org\/{rel}","templated":true}]}}