{"id":784238,"date":"2026-03-05T04:15:23","date_gmt":"2026-03-05T01:15:23","guid":{"rendered":"https:\/\/roveyayinevi.com.tr\/index.php\/urun\/isigini-arayan-cocukdus-kapani-ulkesi\/"},"modified":"2026-04-08T03:44:32","modified_gmt":"2026-04-08T00:44:32","slug":"isigini-arayan-cocukdus-kapani-ulkesi","status":"publish","type":"product","link":"https:\/\/roveyayinevi.com.tr\/index.php\/urun\/isigini-arayan-cocukdus-kapani-ulkesi\/","title":{"rendered":"I\u015f\u0131\u011f\u0131n\u0131 Arayan \u00c7o\u00e7uk;D\u00fc\u015f Kapan\u0131 \u00dclkesi"},"content":{"rendered":"<p>Buras\u0131 D\u00fc\u015f Kapan\u0131 \u00dclkesi. Burada her \u015fey kurallarla ilerler. G\u00f6ky\u00fcz\u00fcne bakmak, yava\u015flamak ve farkl\u0131 olmak ho\u015f kar\u015f\u0131lanmaz. \u0130nsanlar al\u0131\u015ft\u0131klar\u0131 yollardan ayr\u0131lmaz, d\u00fc\u015f\u00fcnmeden y\u00fcr\u00fcr.Lori, bu d\u00fcnyada kendi yolunu aramaya ba\u015flar.  I\u015f\u0131\u011f\u0131n\u0131 bulmak i\u00e7in att\u0131\u011f\u0131 her ad\u0131mda onu durdurmaya \u00e7al\u0131\u015fan seslerle, korkularla ve d\u00fc\u015f\u00fcncelerle y\u00fczle\u015fir.  Bazen tek ba\u015f\u0131na, bazen ba\u015fkalar\u0131yla birlikte y\u00fcr\u00fcr;  d\u00fc\u015fer, durur, yeniden dener. Yol uzundur,  ama g\u00f6ky\u00fcz\u00fc h\u00e2l\u00e2 oradad\u0131r.Her \u00e7ocu\u011fun kendi i\u00e7indeki g\u00fcc\u00fc ke\u015ffetmesine e\u015flik eden, duygusal iyi olu\u015fu destekleyen bu hik\u00e2ye,  &#8220;D\u00fc\u015f Kapan\u0131 \u00dclkesi&#8221; serisinin ilk dura\u011f\u0131.\u201cBu kitap, farkl\u0131 geli\u015fen \u00e7ocuklar\u0131n d\u00fcnyas\u0131na i\u00e7eriden bakabilmemiz i\u00e7in a\u00e7\u0131lm\u0131\u015f bir pencere.\u201d\u2013 Do\u00e7. Dr. \u0130lker Sar\u0131kaya<\/p>\n","protected":false},"excerpt":{"rendered":"<p>Buras\u0131 D\u00fc\u015f Kapan\u0131 \u00dclkesi. Burada her \u015fey kurallarla ilerler. G\u00f6ky\u00fcz\u00fcne bakmak, yava\u015flamak ve farkl\u0131 olmak ho\u015f kar\u015f\u0131lanmaz. \u0130nsanlar al\u0131\u015ft\u0131klar\u0131 yollardan ayr\u0131lmaz, d\u00fc\u015f\u00fcnmeden y\u00fcr\u00fcr.Lori, bu d\u00fcnyada kendi<span class=\"excerpt-hellip\"> [\u2026]<\/span><\/p>\n","protected":false},"featured_media":0,"template":"","meta":{"_monsterinsights_skip_tracking":false,"_monsterinsights_sitenote_active":false,"_monsterinsights_sitenote_note":"","_monsterinsights_sitenote_category":0},"product_brand":[],"product_cat":[12364,12376],"product_tag":[],"class_list":{"0":"post-784238","1":"product","2":"type-product","3":"status-publish","5":"product_cat-genel-konular","6":"product_cat-kisisel-gelisim","7":"pa_cilt-ciltsiz","8":"pa_tur-kitap","9":"pa_yayinevi-masalperest","10":"pa_yazar-yasemin-meric-kazdal","12":"first","13":"instock","14":"sale","15":"shipping-taxable","16":"purchasable","17":"product-type-simple"},"_links":{"self":[{"href":"https:\/\/roveyayinevi.com.tr\/index.php\/wp-json\/wp\/v2\/product\/784238","targetHints":{"allow":["GET"]}}],"collection":[{"href":"https:\/\/roveyayinevi.com.tr\/index.php\/wp-json\/wp\/v2\/product"}],"about":[{"href":"https:\/\/roveyayinevi.com.tr\/index.php\/wp-json\/wp\/v2\/types\/product"}],"wp:attachment":[{"href":"https:\/\/roveyayinevi.com.tr\/index.php\/wp-json\/wp\/v2\/media?parent=784238"}],"wp:term":[{"taxonomy":"product_brand","embeddable":true,"href":"https:\/\/roveyayinevi.com.tr\/index.php\/wp-json\/wp\/v2\/product_brand?post=784238"},{"taxonomy":"product_cat","embeddable":true,"href":"https:\/\/roveyayinevi.com.tr\/index.php\/wp-json\/wp\/v2\/product_cat?post=784238"},{"taxonomy":"product_tag","embeddable":true,"href":"https:\/\/roveyayinevi.com.tr\/index.php\/wp-json\/wp\/v2\/product_tag?post=784238"}],"curies":[{"name":"wp","href":"https:\/\/api.w.org\/{rel}","templated":true}]}}