{"id":784237,"date":"2026-03-05T04:15:22","date_gmt":"2026-03-05T01:15:22","guid":{"rendered":"https:\/\/roveyayinevi.com.tr\/index.php\/urun\/sirket-analiz-rehberiyatirimcilar-icin-potansiyeli-anlamanin-temel-yollari\/"},"modified":"2026-04-15T03:47:36","modified_gmt":"2026-04-15T00:47:36","slug":"sirket-analiz-rehberiyatirimcilar-icin-potansiyeli-anlamanin-temel-yollari","status":"publish","type":"product","link":"https:\/\/roveyayinevi.com.tr\/index.php\/urun\/sirket-analiz-rehberiyatirimcilar-icin-potansiyeli-anlamanin-temel-yollari\/","title":{"rendered":"\u015eirket Analiz Rehberi;Yat\u0131r\u0131mc\u0131lar \u0130\u00e7in Potansiyeli Anlaman\u0131n Temel Yollar\u0131"},"content":{"rendered":"<p>Tan\u0131nm\u0131\u015f akademisyen ve dan\u0131\u015fman Bob Vause, bu kitapla y\u00f6neticilerin, yat\u0131r\u0131mc\u0131lar\u0131n, analistlerin ve \u00f6\u011frencilerin bir i\u015fletmenin ger\u00e7ek de\u011ferini ve performans\u0131n\u0131 anlamalar\u0131na ve ortaya \u00e7\u0131karmalar\u0131na yard\u0131mc\u0131 oluyor.\u2022 Y\u0131ll\u0131k rapor nas\u0131l haz\u0131rlan\u0131r? \u2022 Gelir ve nakit ak\u0131\u015f tablosu nas\u0131l olmal\u0131d\u0131r? \u2022 K\u00e2rl\u0131l\u0131k ve verimlilik nas\u0131l \u00f6l\u00e7\u00fcl\u00fcr?T\u00fcm bu sorular\u0131n ve daha fazlas\u0131n\u0131n ger\u00e7ek rakamlarla, y\u00fczdelerle ve tablolarla cevaplar\u0131n\u0131n a\u00e7\u0131kland\u0131\u011f\u0131 \u015eirket Analiz Rehberi, bir \u015firketin performans\u0131n\u0131 nas\u0131l analiz edip de\u011ferlendirece\u011finizi anlaman\u0131z\u0131 sa\u011fl\u0131yor.<\/p>\n","protected":false},"excerpt":{"rendered":"<p>Tan\u0131nm\u0131\u015f akademisyen ve dan\u0131\u015fman Bob Vause, bu kitapla y\u00f6neticilerin, yat\u0131r\u0131mc\u0131lar\u0131n, analistlerin ve \u00f6\u011frencilerin bir i\u015fletmenin ger\u00e7ek de\u011ferini ve performans\u0131n\u0131 anlamalar\u0131na ve ortaya \u00e7\u0131karmalar\u0131na yard\u0131mc\u0131 oluyor.\u2022 Y\u0131ll\u0131k<span class=\"excerpt-hellip\"> [\u2026]<\/span><\/p>\n","protected":false},"featured_media":0,"template":"","meta":{"_monsterinsights_skip_tracking":false,"_monsterinsights_sitenote_active":false,"_monsterinsights_sitenote_note":"","_monsterinsights_sitenote_category":0},"product_brand":[],"product_cat":[13043,14381],"product_tag":[],"class_list":{"0":"post-784237","1":"product","2":"type-product","3":"status-publish","5":"product_cat-ekonomi","6":"product_cat-isletme-muhasebe-maliye","7":"pa_cilt-ciltsiz","8":"pa_tur-kitap","9":"pa_yayinevi-barometre","10":"pa_yazar-bob-vause","12":"first","13":"instock","14":"sale","15":"shipping-taxable","16":"purchasable","17":"product-type-simple"},"_links":{"self":[{"href":"https:\/\/roveyayinevi.com.tr\/index.php\/wp-json\/wp\/v2\/product\/784237","targetHints":{"allow":["GET"]}}],"collection":[{"href":"https:\/\/roveyayinevi.com.tr\/index.php\/wp-json\/wp\/v2\/product"}],"about":[{"href":"https:\/\/roveyayinevi.com.tr\/index.php\/wp-json\/wp\/v2\/types\/product"}],"wp:attachment":[{"href":"https:\/\/roveyayinevi.com.tr\/index.php\/wp-json\/wp\/v2\/media?parent=784237"}],"wp:term":[{"taxonomy":"product_brand","embeddable":true,"href":"https:\/\/roveyayinevi.com.tr\/index.php\/wp-json\/wp\/v2\/product_brand?post=784237"},{"taxonomy":"product_cat","embeddable":true,"href":"https:\/\/roveyayinevi.com.tr\/index.php\/wp-json\/wp\/v2\/product_cat?post=784237"},{"taxonomy":"product_tag","embeddable":true,"href":"https:\/\/roveyayinevi.com.tr\/index.php\/wp-json\/wp\/v2\/product_tag?post=784237"}],"curies":[{"name":"wp","href":"https:\/\/api.w.org\/{rel}","templated":true}]}}