{"id":784236,"date":"2026-03-05T04:15:20","date_gmt":"2026-03-05T01:15:20","guid":{"rendered":"https:\/\/roveyayinevi.com.tr\/index.php\/urun\/teknofeodalizm-kapitalizmi-olduren-neydi\/"},"modified":"2026-04-13T03:43:49","modified_gmt":"2026-04-13T00:43:49","slug":"teknofeodalizm-kapitalizmi-olduren-neydi","status":"publish","type":"product","link":"https:\/\/roveyayinevi.com.tr\/index.php\/urun\/teknofeodalizm-kapitalizmi-olduren-neydi\/","title":{"rendered":"Teknofeodalizm; Kapitalizmi \u00d6ld\u00fcren Neydi?"},"content":{"rendered":"<p>KAPITALIZM GER\u00c7EKTEN \u00d6LD\u00dc M\u00dc? YOKSA DAHA KARANLIK BIR \u015eEYE MI D\u00d6N\u00dc\u015eT\u00dc?Yunanistan\u2019\u0131n eski maliye bakan\u0131 Yanis Varoufakis, \u00e7a\u011f\u0131m\u0131z\u0131n egemen d\u00fczenini al\u0131\u015f\u0131ld\u0131k kavramlarla a\u00e7\u0131klaman\u0131n art\u0131k m\u00fcmk\u00fcn olmad\u0131\u011f\u0131n\u0131 iddia ediyor. K\u00e2r\u0131n yerini rant\u0131n, piyasan\u0131n yerini platformlar\u0131n, vatanda\u015flar\u0131n yerini ise dijital tebaalar\u0131n ald\u0131\u011f\u0131 yeni bir rejimle kar\u015f\u0131 kar\u015f\u0131yay\u0131z: Teknofeodalizm.\u2022 Amazon, Google ve Meta gibi teknoloji devleri sadece \u015firket mi, yoksa \u00e7a\u011f\u0131m\u0131z\u0131n yeni derebeyleri mi? \u2022 2008 finans krizi teknofeodalizmin \u00f6n\u00fcn\u00fc nas\u0131l a\u00e7t\u0131? \u2022 Dikkatimizi, davran\u0131\u015flar\u0131m\u0131z\u0131 ve arzular\u0131m\u0131z\u0131 kim \u2013ya da ne\u2013 y\u00f6netiyor? \u2022 Emek neden giderek g\u00f6r\u00fcnmez h\u00e2le geliyor; kullan\u0131c\u0131lar nas\u0131l dijital serflere d\u00f6n\u00fc\u015f\u00fcyor? \u2022 Bulut sermayesi, demokrasiyi ve \u00f6zg\u00fcrl\u00fc\u011f\u00fc nas\u0131l etkiliyor?Varoufakis, k\u00fcresel tedarik zincirlerinden kripto paralar\u0131n \u00e7\u00f6k\u00fc\u015f\u00fcne, \u00c7in-ABD rekabetinden yapay zek\u00e2n\u0131n emek \u00fczerindeki tahakk\u00fcm\u00fcne uzanan geni\u015f bir \u00e7er\u00e7evede, \u015fu sorunun pe\u015fine d\u00fc\u015f\u00fcyor: Bu d\u00fczen ka\u00e7\u0131n\u0131lmaz m\u0131, yoksa h\u00e2l\u00e2 ba\u015fka bir yol m\u00fcmk\u00fcn m\u00fc? Teknofeodalizm: Kapitalizmi \u00d6ld\u00fcren Neydi?, ki\u015fisel anlat\u0131larla desteklenen g\u00fc\u00e7l\u00fc iktisadi \u00e7\u00f6z\u00fcmlemeleriyle g\u00fcn\u00fcm\u00fcz ekonomi politikas\u0131na ele\u015ftirel bir bak\u0131\u015f sunan e\u015fsiz bir kaynak.<\/p>\n","protected":false},"excerpt":{"rendered":"<p>KAPITALIZM GER\u00c7EKTEN \u00d6LD\u00dc M\u00dc? YOKSA DAHA KARANLIK BIR \u015eEYE MI D\u00d6N\u00dc\u015eT\u00dc?Yunanistan\u2019\u0131n eski maliye bakan\u0131 Yanis Varoufakis, \u00e7a\u011f\u0131m\u0131z\u0131n egemen d\u00fczenini al\u0131\u015f\u0131ld\u0131k kavramlarla a\u00e7\u0131klaman\u0131n art\u0131k m\u00fcmk\u00fcn olmad\u0131\u011f\u0131n\u0131 iddia<span class=\"excerpt-hellip\"> [\u2026]<\/span><\/p>\n","protected":false},"featured_media":0,"template":"","meta":{"_monsterinsights_skip_tracking":false,"_monsterinsights_sitenote_active":false,"_monsterinsights_sitenote_note":"","_monsterinsights_sitenote_category":0},"product_brand":[],"product_cat":[14841,13043],"product_tag":[],"class_list":{"0":"post-784236","1":"product","2":"type-product","3":"status-publish","5":"product_cat-arastirma-inceleme-kuram","6":"product_cat-ekonomi","7":"pa_cilt-ciltsiz","8":"pa_tur-kitap","9":"pa_yayinevi-diplomat","10":"pa_yazar-yanis-varoufakis","12":"first","13":"instock","14":"sale","15":"shipping-taxable","16":"purchasable","17":"product-type-simple"},"_links":{"self":[{"href":"https:\/\/roveyayinevi.com.tr\/index.php\/wp-json\/wp\/v2\/product\/784236","targetHints":{"allow":["GET"]}}],"collection":[{"href":"https:\/\/roveyayinevi.com.tr\/index.php\/wp-json\/wp\/v2\/product"}],"about":[{"href":"https:\/\/roveyayinevi.com.tr\/index.php\/wp-json\/wp\/v2\/types\/product"}],"wp:attachment":[{"href":"https:\/\/roveyayinevi.com.tr\/index.php\/wp-json\/wp\/v2\/media?parent=784236"}],"wp:term":[{"taxonomy":"product_brand","embeddable":true,"href":"https:\/\/roveyayinevi.com.tr\/index.php\/wp-json\/wp\/v2\/product_brand?post=784236"},{"taxonomy":"product_cat","embeddable":true,"href":"https:\/\/roveyayinevi.com.tr\/index.php\/wp-json\/wp\/v2\/product_cat?post=784236"},{"taxonomy":"product_tag","embeddable":true,"href":"https:\/\/roveyayinevi.com.tr\/index.php\/wp-json\/wp\/v2\/product_tag?post=784236"}],"curies":[{"name":"wp","href":"https:\/\/api.w.org\/{rel}","templated":true}]}}