{"id":784235,"date":"2026-03-05T04:15:19","date_gmt":"2026-03-05T01:15:19","guid":{"rendered":"https:\/\/roveyayinevi.com.tr\/index.php\/urun\/iliskiler-uzerine-diyaloglar\/"},"modified":"2026-04-08T03:44:32","modified_gmt":"2026-04-08T00:44:32","slug":"iliskiler-uzerine-diyaloglar","status":"publish","type":"product","link":"https:\/\/roveyayinevi.com.tr\/index.php\/urun\/iliskiler-uzerine-diyaloglar\/","title":{"rendered":"\u0130li\u015fkiler \u00dczerine Diyaloglar"},"content":{"rendered":"<p>Hepimizin hik\u00e2yesi farkl\u0131. Her birimiz do\u011fdu\u011fumuz andan itibaren hik\u00e2yemizi yazmaya ba\u015flar\u0131z. Do\u011fdu\u011fumuz ev, ebeveynlerimiz veya bak\u0131m verenlerimizle ili\u015fkilerimiz, okul ya\u015fam\u0131m\u0131z, yeti\u015fkinlik, i\u015f ya\u015fam\u0131m\u0131z, romantik ili\u015fkilerimiz\u2026 Her biri ana hik\u00e2yemize yeni ve irili ufakl\u0131 yan hik\u00e2yeler ekler. Her hik\u00e2ye de duygu d\u00fcnyam\u0131zda bir iz b\u0131rak\u0131r; ama iyi ama k\u00f6t\u00fc\u2026  Bu kitapta, onlarca farkl\u0131 insan, yani y\u00fczlerce farkl\u0131 hik\u00e2ye var. Bir felsefi dan\u0131\u015fman\u0131n dan\u0131\u015fanlar\u0131yla yapt\u0131\u011f\u0131 sohbetlerde dile gelenler, kimbilir, bir noktada sizin ili\u015fki a\u00e7mazlar\u0131n\u0131za da \u0131\u015f\u0131k tutabilir.  Mehmet Altu\u011f Ersoy\u2019un kaleme ald\u0131\u011f\u0131 \u0130li\u015fkiler \u00dczerine Diyaloglar\u2019da kendi duygu d\u00fcnyan\u0131za da bir kap\u0131 aralayacak, baz\u0131 hik\u00e2yelerde kendinizi bulacak, tan\u0131yacak; baz\u0131 hik\u00e2yelere de belki \u015fa\u015fk\u0131nl\u0131kla, belki de hayranl\u0131kla bakacaks\u0131n\u0131z.<\/p>\n","protected":false},"excerpt":{"rendered":"<p>Hepimizin hik\u00e2yesi farkl\u0131. Her birimiz do\u011fdu\u011fumuz andan itibaren hik\u00e2yemizi yazmaya ba\u015flar\u0131z. Do\u011fdu\u011fumuz ev, ebeveynlerimiz veya bak\u0131m verenlerimizle ili\u015fkilerimiz, okul ya\u015fam\u0131m\u0131z, yeti\u015fkinlik, i\u015f ya\u015fam\u0131m\u0131z, romantik ili\u015fkilerimiz\u2026 Her<span class=\"excerpt-hellip\"> [\u2026]<\/span><\/p>\n","protected":false},"featured_media":0,"template":"","meta":{"_monsterinsights_skip_tracking":false,"_monsterinsights_sitenote_active":false,"_monsterinsights_sitenote_note":"","_monsterinsights_sitenote_category":0},"product_brand":[],"product_cat":[12364,12376],"product_tag":[],"class_list":{"0":"post-784235","1":"product","2":"type-product","3":"status-publish","5":"product_cat-genel-konular","6":"product_cat-kisisel-gelisim","7":"pa_cilt-ciltsiz","8":"pa_tur-kitap","9":"pa_yayinevi-epsilon-yayinlari","10":"pa_yazar-mehmet-altug-ersoy","12":"first","13":"instock","14":"sale","15":"shipping-taxable","16":"purchasable","17":"product-type-simple"},"_links":{"self":[{"href":"https:\/\/roveyayinevi.com.tr\/index.php\/wp-json\/wp\/v2\/product\/784235","targetHints":{"allow":["GET"]}}],"collection":[{"href":"https:\/\/roveyayinevi.com.tr\/index.php\/wp-json\/wp\/v2\/product"}],"about":[{"href":"https:\/\/roveyayinevi.com.tr\/index.php\/wp-json\/wp\/v2\/types\/product"}],"wp:attachment":[{"href":"https:\/\/roveyayinevi.com.tr\/index.php\/wp-json\/wp\/v2\/media?parent=784235"}],"wp:term":[{"taxonomy":"product_brand","embeddable":true,"href":"https:\/\/roveyayinevi.com.tr\/index.php\/wp-json\/wp\/v2\/product_brand?post=784235"},{"taxonomy":"product_cat","embeddable":true,"href":"https:\/\/roveyayinevi.com.tr\/index.php\/wp-json\/wp\/v2\/product_cat?post=784235"},{"taxonomy":"product_tag","embeddable":true,"href":"https:\/\/roveyayinevi.com.tr\/index.php\/wp-json\/wp\/v2\/product_tag?post=784235"}],"curies":[{"name":"wp","href":"https:\/\/api.w.org\/{rel}","templated":true}]}}