{"id":784233,"date":"2026-03-05T04:14:42","date_gmt":"2026-03-05T01:14:42","guid":{"rendered":"https:\/\/roveyayinevi.com.tr\/index.php\/urun\/liderlik-dizisi-kutulu-takim\/"},"modified":"2026-04-15T03:47:34","modified_gmt":"2026-04-15T00:47:34","slug":"liderlik-dizisi-kutulu-takim","status":"publish","type":"product","link":"https:\/\/roveyayinevi.com.tr\/index.php\/urun\/liderlik-dizisi-kutulu-takim\/","title":{"rendered":"Liderlik Dizisi (Kutulu Tak\u0131m)"},"content":{"rendered":"<p>Cem Kozlu\u2019dan Liderlik Kitaplar\u0131&#8230;L\u0130DER\u0130N TAKIM \u00c7ANTASI: Cem Kozlu, y\u00f6neticilik hayat\u0131 boyunca ona yard\u0131mc\u0131 olan sistem ve s\u00fcre\u00e7leri, davran\u0131\u015f ve yakla\u015f\u0131mlar\u0131, de\u011fer ve ilkeleri gen\u00e7 y\u00f6neticilerle payla\u015f\u0131yor.L\u0130DER\u0130N K\u0130TAPLI\u011eI: Cem Kozlu, liderin kendisini donatmas\u0131 gereken temel kavram ve konular\u0131 belirliyor ve onlarla ilgili kaynaklar\u0131 i\u015faret ediyor.<\/p>\n","protected":false},"excerpt":{"rendered":"<p>Cem Kozlu\u2019dan Liderlik Kitaplar\u0131&#8230;L\u0130DER\u0130N TAKIM \u00c7ANTASI: Cem Kozlu, y\u00f6neticilik hayat\u0131 boyunca ona yard\u0131mc\u0131 olan sistem ve s\u00fcre\u00e7leri, davran\u0131\u015f ve yakla\u015f\u0131mlar\u0131, de\u011fer ve ilkeleri gen\u00e7 y\u00f6neticilerle payla\u015f\u0131yor.L\u0130DER\u0130N<span class=\"excerpt-hellip\"> [\u2026]<\/span><\/p>\n","protected":false},"featured_media":0,"template":"","meta":{"_monsterinsights_skip_tracking":false,"_monsterinsights_sitenote_active":false,"_monsterinsights_sitenote_note":"","_monsterinsights_sitenote_category":0},"product_brand":[],"product_cat":[13043,17647],"product_tag":[],"class_list":{"0":"post-784233","1":"product","2":"type-product","3":"status-publish","5":"product_cat-ekonomi","6":"product_cat-is-dunyasi","7":"pa_cilt-ciltsiz","8":"pa_tur-kitap","9":"pa_yayinevi-remzi-kitabevi","10":"pa_yazar-cem-kozlu","12":"first","13":"instock","14":"sale","15":"shipping-taxable","16":"purchasable","17":"product-type-simple"},"_links":{"self":[{"href":"https:\/\/roveyayinevi.com.tr\/index.php\/wp-json\/wp\/v2\/product\/784233","targetHints":{"allow":["GET"]}}],"collection":[{"href":"https:\/\/roveyayinevi.com.tr\/index.php\/wp-json\/wp\/v2\/product"}],"about":[{"href":"https:\/\/roveyayinevi.com.tr\/index.php\/wp-json\/wp\/v2\/types\/product"}],"wp:attachment":[{"href":"https:\/\/roveyayinevi.com.tr\/index.php\/wp-json\/wp\/v2\/media?parent=784233"}],"wp:term":[{"taxonomy":"product_brand","embeddable":true,"href":"https:\/\/roveyayinevi.com.tr\/index.php\/wp-json\/wp\/v2\/product_brand?post=784233"},{"taxonomy":"product_cat","embeddable":true,"href":"https:\/\/roveyayinevi.com.tr\/index.php\/wp-json\/wp\/v2\/product_cat?post=784233"},{"taxonomy":"product_tag","embeddable":true,"href":"https:\/\/roveyayinevi.com.tr\/index.php\/wp-json\/wp\/v2\/product_tag?post=784233"}],"curies":[{"name":"wp","href":"https:\/\/api.w.org\/{rel}","templated":true}]}}