{"id":784231,"date":"2026-03-05T04:14:36","date_gmt":"2026-03-05T01:14:36","guid":{"rendered":"https:\/\/roveyayinevi.com.tr\/index.php\/urun\/ben-jane-ciltli-2\/"},"modified":"2026-04-15T03:47:32","modified_gmt":"2026-04-15T00:47:32","slug":"ben-jane-ciltli-2","status":"publish","type":"product","link":"https:\/\/roveyayinevi.com.tr\/index.php\/urun\/ben-jane-ciltli-2\/","title":{"rendered":"Ben\u2026 Jane Ciltli"},"content":{"rendered":"<p>Hayvanlara yard\u0131m etti\u011fi bir hayat\u0131 du\u0308\u015fleyen ve bu\u0308yu\u0308du\u0308\u011fu\u0308nde du\u0308nyay\u0131 de\u011fi\u015ftiren Jane adl\u0131 ku\u0308c\u0327u\u0308k bir k\u0131z\u0131n hik\u00e2yesi&#8230; D\u00fcnyada \u00e7\u0131\u011f\u0131r a\u00e7an, ya\u015fayan en \u00f6nemli bilim insanlar\u0131ndan biri olmas\u0131n\u0131n yan\u0131 s\u0131ra, bir ilham kayna\u011f\u0131 olarak da \u0131\u015f\u0131ldayan Dr. Jane Goodall&#8217;\u0131 tan\u0131maya \u00e7ocuklu\u011fundan ba\u015flamak gerek. Ben&#8230; Jane, onun hen\u00fcz k\u00fc\u00e7\u00fcc\u00fck bir \u00e7ocukken kurdu\u011fu hayallere ve bu hayalleri ger\u00e7ekle\u015ftirmek i\u00e7in nas\u0131l azim ve heyecanla \u00e7al\u0131\u015ft\u0131\u011f\u0131na dair, b\u00fcy\u00fcleyici bir \u00f6yk\u00fc. Goodall&#8217;\u0131n herkese ama en \u00e7ok da \u00e7ocuklara ilham vermesini diliyor, \u00f6d\u00fcll\u00fc yazar ve \u00e7izer Patrick McDonnell imzal\u0131 bu resimli kitab\u0131n T\u00fcrk\u00e7e \u00e7evirisini okurlar\u0131m\u0131zla bulu\u015fturmaktan mutluluk duyuyoruz. 2011 &#8211; The New York Times En I\u0307yi Resimli C\u0327ocuk Kitab\u0131 2012 &#8211; Caldecott Onur O\u0308du\u0308lu\u0308<\/p>\n","protected":false},"excerpt":{"rendered":"<p>Hayvanlara yard\u0131m etti\u011fi bir hayat\u0131 du\u0308\u015fleyen ve bu\u0308yu\u0308du\u0308\u011fu\u0308nde du\u0308nyay\u0131 de\u011fi\u015ftiren Jane adl\u0131 ku\u0308c\u0327u\u0308k bir k\u0131z\u0131n hik\u00e2yesi&#8230; D\u00fcnyada \u00e7\u0131\u011f\u0131r a\u00e7an, ya\u015fayan en \u00f6nemli bilim insanlar\u0131ndan biri olmas\u0131n\u0131n<span class=\"excerpt-hellip\"> [\u2026]<\/span><\/p>\n","protected":false},"featured_media":0,"template":"","meta":{"_monsterinsights_skip_tracking":false,"_monsterinsights_sitenote_active":false,"_monsterinsights_sitenote_note":"","_monsterinsights_sitenote_category":0},"product_brand":[],"product_cat":[12274,12284],"product_tag":[],"class_list":{"0":"post-784231","1":"product","2":"type-product","3":"status-publish","5":"product_cat-cocuk-ve-genclik-kitaplari","6":"product_cat-hikayeler","7":"pa_cilt-ciltli","8":"pa_tur-kitap","9":"pa_yayinevi-mea-kitap","10":"pa_yazar-patrick-mcdonnell","12":"first","13":"instock","14":"sale","15":"shipping-taxable","16":"purchasable","17":"product-type-simple"},"_links":{"self":[{"href":"https:\/\/roveyayinevi.com.tr\/index.php\/wp-json\/wp\/v2\/product\/784231","targetHints":{"allow":["GET"]}}],"collection":[{"href":"https:\/\/roveyayinevi.com.tr\/index.php\/wp-json\/wp\/v2\/product"}],"about":[{"href":"https:\/\/roveyayinevi.com.tr\/index.php\/wp-json\/wp\/v2\/types\/product"}],"wp:attachment":[{"href":"https:\/\/roveyayinevi.com.tr\/index.php\/wp-json\/wp\/v2\/media?parent=784231"}],"wp:term":[{"taxonomy":"product_brand","embeddable":true,"href":"https:\/\/roveyayinevi.com.tr\/index.php\/wp-json\/wp\/v2\/product_brand?post=784231"},{"taxonomy":"product_cat","embeddable":true,"href":"https:\/\/roveyayinevi.com.tr\/index.php\/wp-json\/wp\/v2\/product_cat?post=784231"},{"taxonomy":"product_tag","embeddable":true,"href":"https:\/\/roveyayinevi.com.tr\/index.php\/wp-json\/wp\/v2\/product_tag?post=784231"}],"curies":[{"name":"wp","href":"https:\/\/api.w.org\/{rel}","templated":true}]}}