{"id":784225,"date":"2026-03-05T04:14:21","date_gmt":"2026-03-05T01:14:21","guid":{"rendered":"https:\/\/roveyayinevi.com.tr\/index.php\/urun\/paladinin-aski-celigin-azizi-serisi-1\/"},"modified":"2026-04-15T03:46:54","modified_gmt":"2026-04-15T00:46:54","slug":"paladinin-aski-celigin-azizi-serisi-1","status":"publish","type":"product","link":"https:\/\/roveyayinevi.com.tr\/index.php\/urun\/paladinin-aski-celigin-azizi-serisi-1\/","title":{"rendered":"Paladin\u2019in A\u015fk\u0131 \u00c7eli\u011fin Azizi Serisi 1"},"content":{"rendered":"<p>Stephen\u2019\u0131n tanr\u0131s\u0131 y\u0131l\u0131n en uzun g\u00fcn\u00fcnde \u00f6l\u00fcr&#8230; Tanr\u0131s\u0131yla birlikte inanc\u0131n\u0131, var olma amac\u0131n\u0131 ve ya\u015fama iste\u011fini de yitirir. Aradan \u00fc\u00e7 y\u0131l ge\u00e7mi\u015f, bir zamanlar\u0131n bu kutsal sava\u015f\u00e7\u0131s\u0131, art\u0131k sadece faydal\u0131 olabilmek i\u00e7in ya\u015fayan, \u00e7o\u011funlukla da \u00f6l\u00fcm\u00fc bekleyen bo\u015f bir kabu\u011fa d\u00f6n\u00fc\u015f\u00fcr. Ancak bir gece, karanl\u0131k bir sokakta, Grace ad\u0131nda ka\u00e7ak bir kad\u0131nla kar\u015f\u0131la\u015f\u0131nca her \u015fey de\u011fi\u015fir. \u00c7ok ge\u00e7meden Stephen, kendini tehlikeli s\u0131rlar saklayan bu esrarengiz kad\u0131n\u0131n r\u00fczg\u00e2r\u0131na kap\u0131lm\u0131\u015f halde bulur.  Zehir ustalar\u0131, casuslar ve krall\u0131\u011f\u0131n en tehlikeli suikast\u00e7\u0131lar\u0131 da pe\u015flerindedir. G\u00f6lgelerin aras\u0131nda, ad\u0131n\u0131 bile bilmedikleri bir katil taraf\u0131ndan her ad\u0131mlar\u0131 izlenir. Art\u0131k ikili, \u00e7evrelerini ku\u015fatan bu ihanet a\u011f\u0131nda yollar\u0131n\u0131 bulmak zorundad\u0131r. Hugo, Nebula ve Locus \u00f6d\u00fcll\u00fc yazar T. Kingfisher\u2019dan, kaybolmu\u015f ruhlar\u0131n, \u00f6l\u00fcmc\u00fcl s\u0131rlar\u0131n ve ikinci \u015fanslar\u0131n b\u00fcy\u00fcleyici \u00f6yk\u00fcs\u00fc&#8230;  T. Kingfisher, North Carolina do\u011fumlu yazar Ursula Vernon\u2019un kulland\u0131\u011f\u0131, biraz abs\u00fcrt ka\u00e7an m\u00fcstear ad\u0131d\u0131r. Yazar, \u201cba\u015fka bir hayat\u0131nda\u201d \u00e7ocuk kitaplar\u0131 ve tuhaf \u00e7izgi romanlar kaleme almaktad\u0131r. World Fantasy ve Eisner \u00f6d\u00fcllerine aday g\u00f6sterilmi\u015f; Hugo, Sequoyah, Nebula, Locus, Alfie, WSFA, Coyotl ve Ursa Major gibi pek \u00e7ok \u00f6d\u00fcl\u00fcn yan\u0131 s\u0131ra yar\u0131m d\u00fczine Junior Library Guild se\u00e7kisinin de sahibi olmu\u015ftur. Bu ismi (T. Kingfisher), yeti\u015fkinler i\u00e7in yazd\u0131\u011f\u0131 eserlerde kullanmaktad\u0131r. Eserleri aras\u0131nda korku, epik fantezi, masal uyarlamalar\u0131 ile elf ve goblinler \u00fczerine kurgulad\u0131\u011f\u0131 ilgin\u00e7 k\u0131sa \u00f6yk\u00fcler yer al\u0131r. Yaz\u0131 yazmad\u0131\u011f\u0131 zamanlarda ise muhtemelen bah\u00e7esindedir ve kelebeklerle g\u00f6z g\u00f6ze gelmeye \u00e7al\u0131\u015f\u0131yordur.<\/p>\n","protected":false},"excerpt":{"rendered":"<p>Stephen\u2019\u0131n tanr\u0131s\u0131 y\u0131l\u0131n en uzun g\u00fcn\u00fcnde \u00f6l\u00fcr&#8230; Tanr\u0131s\u0131yla birlikte inanc\u0131n\u0131, var olma amac\u0131n\u0131 ve ya\u015fama iste\u011fini de yitirir. Aradan \u00fc\u00e7 y\u0131l ge\u00e7mi\u015f, bir zamanlar\u0131n bu kutsal<span class=\"excerpt-hellip\"> [\u2026]<\/span><\/p>\n","protected":false},"featured_media":0,"template":"","meta":{"_monsterinsights_skip_tracking":false,"_monsterinsights_sitenote_active":false,"_monsterinsights_sitenote_note":"","_monsterinsights_sitenote_category":0},"product_brand":[],"product_cat":[12291,14777],"product_tag":[],"class_list":{"0":"post-784225","1":"product","2":"type-product","3":"status-publish","5":"product_cat-edebiyat","6":"product_cat-fantastik","7":"pa_cilt-ciltsiz","8":"pa_tur-kitap","9":"pa_yayinevi-eksik-parca-yayinlari","10":"pa_yazar-t-kingfisher","12":"first","13":"instock","14":"sale","15":"shipping-taxable","16":"purchasable","17":"product-type-simple"},"_links":{"self":[{"href":"https:\/\/roveyayinevi.com.tr\/index.php\/wp-json\/wp\/v2\/product\/784225","targetHints":{"allow":["GET"]}}],"collection":[{"href":"https:\/\/roveyayinevi.com.tr\/index.php\/wp-json\/wp\/v2\/product"}],"about":[{"href":"https:\/\/roveyayinevi.com.tr\/index.php\/wp-json\/wp\/v2\/types\/product"}],"wp:attachment":[{"href":"https:\/\/roveyayinevi.com.tr\/index.php\/wp-json\/wp\/v2\/media?parent=784225"}],"wp:term":[{"taxonomy":"product_brand","embeddable":true,"href":"https:\/\/roveyayinevi.com.tr\/index.php\/wp-json\/wp\/v2\/product_brand?post=784225"},{"taxonomy":"product_cat","embeddable":true,"href":"https:\/\/roveyayinevi.com.tr\/index.php\/wp-json\/wp\/v2\/product_cat?post=784225"},{"taxonomy":"product_tag","embeddable":true,"href":"https:\/\/roveyayinevi.com.tr\/index.php\/wp-json\/wp\/v2\/product_tag?post=784225"}],"curies":[{"name":"wp","href":"https:\/\/api.w.org\/{rel}","templated":true}]}}