{"id":784219,"date":"2026-03-05T04:11:22","date_gmt":"2026-03-05T01:11:22","guid":{"rendered":"https:\/\/roveyayinevi.com.tr\/index.php\/urun\/viski-tutkununun-el-kitabi\/"},"modified":"2026-04-15T03:44:49","modified_gmt":"2026-04-15T00:44:49","slug":"viski-tutkununun-el-kitabi","status":"publish","type":"product","link":"https:\/\/roveyayinevi.com.tr\/index.php\/urun\/viski-tutkununun-el-kitabi\/","title":{"rendered":"Viski Tutkununun El Kitab\u0131"},"content":{"rendered":"<p>Viski, yaln\u0131zca bir i\u00e7ki de\u011fil; y\u00fczy\u0131llar\u0131n birikimiyle \u015fekillenmi\u015f bir k\u00fclt\u00fcr, sab\u0131rla i\u015flenmi\u015f bir zanaat. Dr. Burkay Adal\u0131\u011f, derin viski bilgisini dam\u0131tarak uzun y\u0131llara yay\u0131lan deneyimiyle bu kitapta ustal\u0131kla harmanl\u0131yor. Viskiyi anlaman\u0131n, se\u00e7menin ve tad\u0131na varman\u0131n inceliklerini sade bir dille, pratik bilgiler e\u015fli\u011finde okura aktar\u0131yor.\u2022 Viski nas\u0131l \u00fcretilir?\u2022F\u0131\u00e7\u0131 ve olgunla\u015fma s\u00fcreci viskinin   tad\u0131n\u0131 nas\u0131l etkiler?\u2022 Viski tad\u0131m\u0131 nas\u0131l yap\u0131l\u0131r, hangi e\u015flik\u00e7ilerle zenginle\u015fir?\u2022 Viski koleksiyonerli\u011fi ve yat\u0131r\u0131mc\u0131l\u0131\u011f\u0131\u2022 Viskinin do\u011fru saklama y\u00f6ntemleriDam\u0131t\u0131mevlerinden f\u0131\u00e7\u0131 t\u00fcrlerine, \u00fcretim tekniklerinden duyusal de\u011ferlendirmeye uzanan bu kapsaml\u0131 rehber; hem viski ile yeni tan\u0131\u015fanlar hem de deneyimli viski tutkunlar\u0131 i\u00e7in vazge\u00e7ilmez bir yol arkada\u015f\u0131 olacak.<\/p>\n","protected":false},"excerpt":{"rendered":"<p>Viski, yaln\u0131zca bir i\u00e7ki de\u011fil; y\u00fczy\u0131llar\u0131n birikimiyle \u015fekillenmi\u015f bir k\u00fclt\u00fcr, sab\u0131rla i\u015flenmi\u015f bir zanaat. Dr. Burkay Adal\u0131\u011f, derin viski bilgisini dam\u0131tarak uzun y\u0131llara yay\u0131lan deneyimiyle bu<span class=\"excerpt-hellip\"> [\u2026]<\/span><\/p>\n","protected":false},"featured_media":0,"template":"","meta":{"_monsterinsights_skip_tracking":false,"_monsterinsights_sitenote_active":false,"_monsterinsights_sitenote_note":"","_monsterinsights_sitenote_category":0},"product_brand":[],"product_cat":[77985,12457],"product_tag":[],"class_list":{"0":"post-784219","1":"product","2":"type-product","3":"status-publish","5":"product_cat-kokteyl-ve-icki-kitaplari","6":"product_cat-yemek-kitaplari","7":"pa_cilt-ciltsiz","8":"pa_tur-kitap","9":"pa_yayinevi-epsilon-yayinlari","10":"pa_yazar-burkay-adalig","12":"first","13":"instock","14":"sale","15":"shipping-taxable","16":"purchasable","17":"product-type-simple"},"_links":{"self":[{"href":"https:\/\/roveyayinevi.com.tr\/index.php\/wp-json\/wp\/v2\/product\/784219","targetHints":{"allow":["GET"]}}],"collection":[{"href":"https:\/\/roveyayinevi.com.tr\/index.php\/wp-json\/wp\/v2\/product"}],"about":[{"href":"https:\/\/roveyayinevi.com.tr\/index.php\/wp-json\/wp\/v2\/types\/product"}],"wp:attachment":[{"href":"https:\/\/roveyayinevi.com.tr\/index.php\/wp-json\/wp\/v2\/media?parent=784219"}],"wp:term":[{"taxonomy":"product_brand","embeddable":true,"href":"https:\/\/roveyayinevi.com.tr\/index.php\/wp-json\/wp\/v2\/product_brand?post=784219"},{"taxonomy":"product_cat","embeddable":true,"href":"https:\/\/roveyayinevi.com.tr\/index.php\/wp-json\/wp\/v2\/product_cat?post=784219"},{"taxonomy":"product_tag","embeddable":true,"href":"https:\/\/roveyayinevi.com.tr\/index.php\/wp-json\/wp\/v2\/product_tag?post=784219"}],"curies":[{"name":"wp","href":"https:\/\/api.w.org\/{rel}","templated":true}]}}