{"id":784218,"date":"2026-03-05T03:54:20","date_gmt":"2026-03-05T00:54:20","guid":{"rendered":"https:\/\/roveyayinevi.com.tr\/index.php\/urun\/hayat-boyu-iyilesme\/"},"modified":"2026-04-15T03:30:55","modified_gmt":"2026-04-15T00:30:55","slug":"hayat-boyu-iyilesme","status":"publish","type":"product","link":"https:\/\/roveyayinevi.com.tr\/index.php\/urun\/hayat-boyu-iyilesme\/","title":{"rendered":"Hayat Boyu \u0130yile\u015fme"},"content":{"rendered":"<p>Ve bir tomurcukta S\u0131ms\u0131k\u0131 kalma riskinin \u00c7i\u00e7ek a\u00e7ma riskinden \u00c7ok daha fazla Ac\u0131 verdi\u011fi g\u00fcn geldi. -Anais Nin   Ya\u015fanan k\u00f6t\u00fc deneyimlerin ard\u0131ndan en \u00e7ok kar\u015f\u0131la\u015f\u0131lan psikiyatrik vaka olan Travma Sonras\u0131 Stres Bozuklu\u011fu (TSSB) hakk\u0131nda bir rehber niteli\u011finde olan bu kitapta yazar: \u2022 Travma belirtileri (ge\u00e7mi\u015fe d\u00f6n\u00fc\u015fler, sosyal anksiyete vb.) ve ortaya \u00e7\u0131karan etkenleri, \u2022 Ge\u00e7mi\u015fe d\u00f6n\u00fc\u015fler kar\u015f\u0131s\u0131nda meydana gelen tepki \u00e7e\u015fitlerini ve bunlarla ba\u015fa \u00e7\u0131kman\u0131n yollar\u0131n\u0131, \u2022 \u00d6fke, depresyon, k\u0131skan\u00e7l\u0131k, \u00fcz\u00fcnt\u00fc, korku, g\u00fcvensizlik gibi insani duygular\u0131 kabullenebilmeyi, \u2022 Travmalar\u0131n \u00fcstesinden gelmek i\u00e7in gerekli ad\u0131mlar\u0131 atabilmeyi (terapist se\u00e7imi, bili\u015fsel ve duygusal \u015fifa, bibliyoterapi), \u2022 Travma sonras\u0131nda kurman\u0131n zor oldu\u011fu ba\u011flar\u0131 ve ili\u015fkileri iyile\u015ftirme yollar\u0131n\u0131 anlat\u0131yor. Ya\u015fanm\u0131\u015f hik\u00e2yeleriyle, yol haritalar\u0131yla, kitap \u00f6nerileriyle, kaynaklarla bezenmi\u015f bu kitapta Pete Walker travmalara dair ele al\u0131nm\u0131\u015f hi\u00e7bir noktay\u0131 atlam\u0131yor. Travmalar\u0131yla ba\u015fa \u00e7\u0131kmak isteyen ve zihin berrakl\u0131\u011f\u0131 \u00f6zlemi i\u00e7indeki herkes i\u00e7in bir ba\u015fucu kitab\u0131.<\/p>\n","protected":false},"excerpt":{"rendered":"<p>Ve bir tomurcukta S\u0131ms\u0131k\u0131 kalma riskinin \u00c7i\u00e7ek a\u00e7ma riskinden \u00c7ok daha fazla Ac\u0131 verdi\u011fi g\u00fcn geldi. -Anais Nin Ya\u015fanan k\u00f6t\u00fc deneyimlerin ard\u0131ndan en \u00e7ok kar\u015f\u0131la\u015f\u0131lan psikiyatrik<span class=\"excerpt-hellip\"> [\u2026]<\/span><\/p>\n","protected":false},"featured_media":0,"template":"","meta":{"_monsterinsights_skip_tracking":false,"_monsterinsights_sitenote_active":false,"_monsterinsights_sitenote_note":"","_monsterinsights_sitenote_category":0},"product_brand":[],"product_cat":[12358,12357],"product_tag":[],"class_list":{"0":"post-784218","1":"product","2":"type-product","3":"status-publish","5":"product_cat-genel-psikoloji","6":"product_cat-psikoloji","7":"pa_cilt-ciltsiz","8":"pa_tur-kitap","9":"pa_yayinevi-serenad-yayinevi","10":"pa_yazar-pete-walker","12":"first","13":"instock","14":"sale","15":"shipping-taxable","16":"purchasable","17":"product-type-simple"},"_links":{"self":[{"href":"https:\/\/roveyayinevi.com.tr\/index.php\/wp-json\/wp\/v2\/product\/784218","targetHints":{"allow":["GET"]}}],"collection":[{"href":"https:\/\/roveyayinevi.com.tr\/index.php\/wp-json\/wp\/v2\/product"}],"about":[{"href":"https:\/\/roveyayinevi.com.tr\/index.php\/wp-json\/wp\/v2\/types\/product"}],"wp:attachment":[{"href":"https:\/\/roveyayinevi.com.tr\/index.php\/wp-json\/wp\/v2\/media?parent=784218"}],"wp:term":[{"taxonomy":"product_brand","embeddable":true,"href":"https:\/\/roveyayinevi.com.tr\/index.php\/wp-json\/wp\/v2\/product_brand?post=784218"},{"taxonomy":"product_cat","embeddable":true,"href":"https:\/\/roveyayinevi.com.tr\/index.php\/wp-json\/wp\/v2\/product_cat?post=784218"},{"taxonomy":"product_tag","embeddable":true,"href":"https:\/\/roveyayinevi.com.tr\/index.php\/wp-json\/wp\/v2\/product_tag?post=784218"}],"curies":[{"name":"wp","href":"https:\/\/api.w.org\/{rel}","templated":true}]}}