{"id":784217,"date":"2026-03-05T03:47:19","date_gmt":"2026-03-05T00:47:19","guid":{"rendered":"https:\/\/roveyayinevi.com.tr\/index.php\/urun\/dizboyu-papatyalar\/"},"modified":"2026-04-13T03:21:34","modified_gmt":"2026-04-13T00:21:34","slug":"dizboyu-papatyalar","status":"publish","type":"product","link":"https:\/\/roveyayinevi.com.tr\/index.php\/urun\/dizboyu-papatyalar\/","title":{"rendered":"Dizboyu Papatyalar"},"content":{"rendered":"<p>Evet, iyi bildin. Hep kapal\u0131 yere veririm s\u0131rt\u0131m\u0131 otururken. Tezg\u00e2ha, varsa. \u00c7\u00fcnk\u00fc \u00e7ok tatt\u0131k arkadan gelen serseri kur\u015funlar\u0131, \u00e7ok g\u00f6rd\u00fck sarho\u015fluk numaras\u0131na vurup b\u0131\u00e7a\u011f\u0131 ge\u00e7iriverenleri insan\u0131n ci\u011ferine. Al\u0131\u015f\u0131nca kolayd\u0131r inan. Zorlu y\u0131llardan kalma bir al\u0131\u015fkanl\u0131kt\u0131r, gelir kendili\u011finden yerle\u015fir y\u00fcre\u011fine. Herifler hakl\u0131 \u00e7\u00fcnk\u00fc. Adam vurmaktan on y\u0131l yatana kim i\u015f verir \u00e7\u0131k\u0131nca? Ama biz de hakl\u0131y\u0131z. Yani ya\u015fayaca\u011f\u0131z.     \u0130lk olarak 1973\u2019te bas\u0131lan Dizboyu Papatyalar\u2019da yer alan \u00f6yk\u00fclerde Tomris Uyar, hangi s\u0131n\u0131ftan gelirlerse gelsinler, ya\u015fad\u0131klar\u0131 bask\u0131lara boyun e\u011fmeyen bireylerle onlar\u0131n uyumlu s\u0131n\u0131fta\u015flar\u0131n\u0131n ki\u015filik ve de\u011fer \u00e7at\u0131\u015fmalar\u0131na yer veriyor. Tomris Uyar\u2019\u0131n her zamanki yal\u0131n, s\u00fcss\u00fcz anlat\u0131m\u0131 i\u00e7inde kendine \u00f6zg\u00fc kurgu ustal\u0131\u011f\u0131yla yaratt\u0131\u011f\u0131 bu \u00f6yk\u00fcler, edebiyat\u0131m\u0131z\u0131n kal\u0131c\u0131 yap\u0131tlar\u0131 aras\u0131nda yerini al\u0131r. <\/p>\n","protected":false},"excerpt":{"rendered":"<p>Evet, iyi bildin. Hep kapal\u0131 yere veririm s\u0131rt\u0131m\u0131 otururken. Tezg\u00e2ha, varsa. \u00c7\u00fcnk\u00fc \u00e7ok tatt\u0131k arkadan gelen serseri kur\u015funlar\u0131, \u00e7ok g\u00f6rd\u00fck sarho\u015fluk numaras\u0131na vurup b\u0131\u00e7a\u011f\u0131 ge\u00e7iriverenleri insan\u0131n<span class=\"excerpt-hellip\"> [\u2026]<\/span><\/p>\n","protected":false},"featured_media":0,"template":"","meta":{"_monsterinsights_skip_tracking":false,"_monsterinsights_sitenote_active":false,"_monsterinsights_sitenote_note":"","_monsterinsights_sitenote_category":0},"product_brand":[],"product_cat":[12291,18202],"product_tag":[],"class_list":{"0":"post-784217","1":"product","2":"type-product","3":"status-publish","5":"product_cat-edebiyat","6":"product_cat-hikaye","7":"pa_cilt-ciltsiz","8":"pa_tur-kitap","9":"pa_yayinevi-can-yayinlari","10":"pa_yazar-tomris-uyar","12":"first","13":"instock","14":"sale","15":"shipping-taxable","16":"purchasable","17":"product-type-simple"},"_links":{"self":[{"href":"https:\/\/roveyayinevi.com.tr\/index.php\/wp-json\/wp\/v2\/product\/784217","targetHints":{"allow":["GET"]}}],"collection":[{"href":"https:\/\/roveyayinevi.com.tr\/index.php\/wp-json\/wp\/v2\/product"}],"about":[{"href":"https:\/\/roveyayinevi.com.tr\/index.php\/wp-json\/wp\/v2\/types\/product"}],"wp:attachment":[{"href":"https:\/\/roveyayinevi.com.tr\/index.php\/wp-json\/wp\/v2\/media?parent=784217"}],"wp:term":[{"taxonomy":"product_brand","embeddable":true,"href":"https:\/\/roveyayinevi.com.tr\/index.php\/wp-json\/wp\/v2\/product_brand?post=784217"},{"taxonomy":"product_cat","embeddable":true,"href":"https:\/\/roveyayinevi.com.tr\/index.php\/wp-json\/wp\/v2\/product_cat?post=784217"},{"taxonomy":"product_tag","embeddable":true,"href":"https:\/\/roveyayinevi.com.tr\/index.php\/wp-json\/wp\/v2\/product_tag?post=784217"}],"curies":[{"name":"wp","href":"https:\/\/api.w.org\/{rel}","templated":true}]}}