{"id":784214,"date":"2026-03-05T02:05:27","date_gmt":"2026-03-04T23:05:27","guid":{"rendered":"https:\/\/roveyayinevi.com.tr\/index.php\/urun\/proust-yasaminizi-nasil-degistirebilir-2\/"},"modified":"2026-04-16T02:02:41","modified_gmt":"2026-04-15T23:02:41","slug":"proust-yasaminizi-nasil-degistirebilir-2","status":"publish","type":"product","link":"https:\/\/roveyayinevi.com.tr\/index.php\/urun\/proust-yasaminizi-nasil-degistirebilir-2\/","title":{"rendered":"Proust Ya\u015fam\u0131n\u0131z\u0131 Nas\u0131l De\u011fi\u015ftirebilir"},"content":{"rendered":"<p>Zevkle okunan \u00f6zg\u00fcn bir yap\u0131t&#8230; Bir ele\u015ftiri, bir biyografi, bir edebiyat tarihi \u00e7al\u0131\u015fmas\u0131 ve Proust\u2019un ba\u015fyap\u0131t\u0131 \u00fczerine bir k\u0131lavu kitap olmas\u0131n\u0131n yan\u0131s\u0131ra, okuyucular i\u00e7in bir el kitab\u0131, hem de s\u00f6zc\u00fc\u011f\u00fcn tam anlam\u0131yla. \ufffcTan\u0131t\u0131m Metni<\/p>\n","protected":false},"excerpt":{"rendered":"<p>Zevkle okunan \u00f6zg\u00fcn bir yap\u0131t&#8230; Bir ele\u015ftiri, bir biyografi, bir edebiyat tarihi \u00e7al\u0131\u015fmas\u0131 ve Proust\u2019un ba\u015fyap\u0131t\u0131 \u00fczerine bir k\u0131lavu kitap olmas\u0131n\u0131n yan\u0131s\u0131ra, okuyucular i\u00e7in bir el<span class=\"excerpt-hellip\"> [\u2026]<\/span><\/p>\n","protected":false},"featured_media":0,"template":"","meta":{"_monsterinsights_skip_tracking":false,"_monsterinsights_sitenote_active":false,"_monsterinsights_sitenote_note":"","_monsterinsights_sitenote_category":0},"product_brand":[],"product_cat":[14009,12291],"product_tag":[],"class_list":{"0":"post-784214","1":"product","2":"type-product","3":"status-publish","5":"product_cat-biyografi-otobiyografi-edebiyat","6":"product_cat-edebiyat","7":"pa_tur-kitap","8":"pa_yayinevi-sel-yayincilik","9":"pa_yazar-alain-de-botton","11":"first","12":"instock","13":"sale","14":"shipping-taxable","15":"purchasable","16":"product-type-simple"},"_links":{"self":[{"href":"https:\/\/roveyayinevi.com.tr\/index.php\/wp-json\/wp\/v2\/product\/784214","targetHints":{"allow":["GET"]}}],"collection":[{"href":"https:\/\/roveyayinevi.com.tr\/index.php\/wp-json\/wp\/v2\/product"}],"about":[{"href":"https:\/\/roveyayinevi.com.tr\/index.php\/wp-json\/wp\/v2\/types\/product"}],"wp:attachment":[{"href":"https:\/\/roveyayinevi.com.tr\/index.php\/wp-json\/wp\/v2\/media?parent=784214"}],"wp:term":[{"taxonomy":"product_brand","embeddable":true,"href":"https:\/\/roveyayinevi.com.tr\/index.php\/wp-json\/wp\/v2\/product_brand?post=784214"},{"taxonomy":"product_cat","embeddable":true,"href":"https:\/\/roveyayinevi.com.tr\/index.php\/wp-json\/wp\/v2\/product_cat?post=784214"},{"taxonomy":"product_tag","embeddable":true,"href":"https:\/\/roveyayinevi.com.tr\/index.php\/wp-json\/wp\/v2\/product_tag?post=784214"}],"curies":[{"name":"wp","href":"https:\/\/api.w.org\/{rel}","templated":true}]}}