{"id":784208,"date":"2026-03-04T04:14:53","date_gmt":"2026-03-04T01:14:53","guid":{"rendered":"https:\/\/roveyayinevi.com.tr\/index.php\/urun\/abazalar-koken-tarih-ve-etnisite-uzerine-yazili-kaynaklar\/"},"modified":"2026-04-15T03:47:42","modified_gmt":"2026-04-15T00:47:42","slug":"abazalar-koken-tarih-ve-etnisite-uzerine-yazili-kaynaklar","status":"publish","type":"product","link":"https:\/\/roveyayinevi.com.tr\/index.php\/urun\/abazalar-koken-tarih-ve-etnisite-uzerine-yazili-kaynaklar\/","title":{"rendered":"Abazalar\u00a0: K\u00f6ken, Tarih ve Etnisite \u00dczerine Yaz\u0131l\u0131 Kaynaklar"},"content":{"rendered":"<p>Kafkasya\u2019n\u0131n kadim halklar\u0131ndan Abazalar kimdir? Kuzeybat\u0131 Kafkasya\u2019n\u0131n sosyok\u00fclt\u00fcrel co\u011frafyas\u0131nda nas\u0131l bir tarihsel rol oynam\u0131\u015f, Abhaz\u2013\u00c7erkes d\u00fcnyas\u0131 i\u00e7inde nas\u0131l bir yer edinmi\u015flerdir?Abazalar: K\u00f6ken, Tarih ve Etnisite \u00dczerine Yaz\u0131l\u0131 Kaynaklar, bu sorulara yaz\u0131l\u0131 tan\u0131kl\u0131klar\u0131n izinden giderek cevap arayan kapsaml\u0131 bir \u00e7al\u0131\u015fmad\u0131r. Kitapta 14. y\u00fczy\u0131ldan 19. y\u00fczy\u0131la uzanan ar\u015fiv belgeleri, seyahatnameler ve askeri raporlar arac\u0131l\u0131\u011f\u0131yla Abaza tarihinin izi s\u00fcr\u00fclmekte; k\u00f6ken anlat\u0131lar\u0131, siyasal yap\u0131lanmalar ve etnik kimli\u011fe ili\u015fkin tart\u0131\u015fmalar, d\u00f6nemin kay\u0131tlar\u0131yla birlikte ele al\u0131nmaktad\u0131r.Samir Hotko\u2019nun Giri\u015f b\u00f6l\u00fcm\u00fcndeki geni\u015f de\u011ferlendirmesi, yaln\u0131zca tarihsel yorum sunmakla kalm\u0131yor; farkl\u0131 d\u00f6nemlere ait anlat\u0131 ve belgeleri bir araya getirerek okuyucuya birincil kaynaklara dayal\u0131 g\u00fc\u00e7l\u00fc bir ba\u015fvuru kayna\u011f\u0131 sa\u011fl\u0131yor. Abazalar\u0131n tarih sahnesindeki g\u00f6r\u00fcn\u00fcrl\u00fc\u011f\u00fc, yerle\u015fik kabullerin ve mitlerin \u00f6tesine ta\u015f\u0131narak belgeler \u0131\u015f\u0131\u011f\u0131nda yeniden de\u011ferlendiriliyor.<\/p>\n","protected":false},"excerpt":{"rendered":"<p>Kafkasya\u2019n\u0131n kadim halklar\u0131ndan Abazalar kimdir? Kuzeybat\u0131 Kafkasya\u2019n\u0131n sosyok\u00fclt\u00fcrel co\u011frafyas\u0131nda nas\u0131l bir tarihsel rol oynam\u0131\u015f, Abhaz\u2013\u00c7erkes d\u00fcnyas\u0131 i\u00e7inde nas\u0131l bir yer edinmi\u015flerdir?Abazalar: K\u00f6ken, Tarih ve Etnisite \u00dczerine<span class=\"excerpt-hellip\"> [\u2026]<\/span><\/p>\n","protected":false},"featured_media":0,"template":"","meta":{"_monsterinsights_skip_tracking":false,"_monsterinsights_sitenote_active":false,"_monsterinsights_sitenote_note":"","_monsterinsights_sitenote_category":0},"product_brand":[],"product_cat":[141304],"product_tag":[],"class_list":{"0":"post-784208","1":"product","2":"type-product","3":"status-publish","5":"product_cat-yeni-cikanlar","6":"pa_cilt-ciltsiz","7":"pa_tur-kitap","8":"pa_yayinevi-koyusiyah-kitap","9":"pa_yazar-samir-hotko","11":"first","12":"instock","13":"sale","14":"shipping-taxable","15":"purchasable","16":"product-type-simple"},"_links":{"self":[{"href":"https:\/\/roveyayinevi.com.tr\/index.php\/wp-json\/wp\/v2\/product\/784208","targetHints":{"allow":["GET"]}}],"collection":[{"href":"https:\/\/roveyayinevi.com.tr\/index.php\/wp-json\/wp\/v2\/product"}],"about":[{"href":"https:\/\/roveyayinevi.com.tr\/index.php\/wp-json\/wp\/v2\/types\/product"}],"wp:attachment":[{"href":"https:\/\/roveyayinevi.com.tr\/index.php\/wp-json\/wp\/v2\/media?parent=784208"}],"wp:term":[{"taxonomy":"product_brand","embeddable":true,"href":"https:\/\/roveyayinevi.com.tr\/index.php\/wp-json\/wp\/v2\/product_brand?post=784208"},{"taxonomy":"product_cat","embeddable":true,"href":"https:\/\/roveyayinevi.com.tr\/index.php\/wp-json\/wp\/v2\/product_cat?post=784208"},{"taxonomy":"product_tag","embeddable":true,"href":"https:\/\/roveyayinevi.com.tr\/index.php\/wp-json\/wp\/v2\/product_tag?post=784208"}],"curies":[{"name":"wp","href":"https:\/\/api.w.org\/{rel}","templated":true}]}}