{"id":784205,"date":"2026-03-04T04:14:47","date_gmt":"2026-03-04T01:14:47","guid":{"rendered":"https:\/\/roveyayinevi.com.tr\/index.php\/urun\/her-seyin-basi-otantiklik\/"},"modified":"2026-04-15T03:47:41","modified_gmt":"2026-04-15T00:47:41","slug":"her-seyin-basi-otantiklik","status":"publish","type":"product","link":"https:\/\/roveyayinevi.com.tr\/index.php\/urun\/her-seyin-basi-otantiklik\/","title":{"rendered":"Her \u015eeyin Ba\u015f\u0131 Otantiklik"},"content":{"rendered":"<p>Bir k\u00fclt\u00fcr varl\u0131\u011f\u0131 korunurken, ger\u00e7ekte ne korunur?  Malzeme mi, bi\u00e7im mi, yoksa anlam m\u0131?  Her \u015eeyin Ba\u015f\u0131: Otantiklik, k\u00fclt\u00fcrel miras ve sanat alan\u0131nda en \u00e7ok ba\u015fvurulan fakat en az sorgulanan kavramlardan biri olan otantiklik \u00fczerine kapsaml\u0131 bir d\u00fc\u015f\u00fcnme \u00e7a\u011fr\u0131s\u0131d\u0131r. Bu \u00e7al\u0131\u015fma, otantikli\u011fin yaln\u0131zca teknik bir kriter de\u011fil; etik, tarihsel ve ba\u011flamsal bir karar alan\u0131 oldu\u011funu ortaya koyar.  Akademik kuram ile uygulama prati\u011fi aras\u0131ndaki mesafeyi g\u00f6r\u00fcn\u00fcr k\u0131lan kitap, restorasyon ve konservasyon s\u00fcre\u00e7lerinde al\u0131nan kararlar\u0131n arka plan\u0131n\u0131 sorgular. Otantikli\u011fin nas\u0131l tan\u0131mland\u0131\u011f\u0131n\u0131, hangi durumlarda d\u00f6n\u00fc\u015ft\u00fc\u011f\u00fcn\u00fc ve kimi zaman nas\u0131l bir me\u015frula\u015ft\u0131rma arac\u0131na d\u00f6n\u00fc\u015ft\u00fc\u011f\u00fcn\u00fc ele al\u0131r. Uluslararas\u0131 yakla\u015f\u0131mlar, yerel uygulamalar ve mesleki deneyimler \u0131\u015f\u0131\u011f\u0131nda, k\u00fclt\u00fcrel miras\u0131n korunmas\u0131nda &#8220;do\u011fru&#8221; kavram\u0131n\u0131n ne kadar \u00e7ok katmanl\u0131 oldu\u011funu g\u00f6sterir.  Bu kitap, re\u00e7ete sunmaz; soru sorar. Kesin cevaplar vermekten \u00e7ok, bilin\u00e7li kararlar alman\u0131n gereklili\u011fini hat\u0131rlat\u0131r.  Arkeologlar, restorat\u00f6rler, konservat\u00f6rler, sanat tarih\u00e7ileri, mimarlar, m\u00fcze profesyonelleri ve k\u00fclt\u00fcrel miras alan\u0131na ilgi duyan herkes i\u00e7in otantikli\u011fe yeniden bakmay\u0131 \u00f6neren bu \u00e7al\u0131\u015fma, k\u00fclt\u00fcr varl\u0131klar\u0131yla kurdu\u011fumuz ili\u015fkinin asl\u0131nda kendimizle kurdu\u011fumuz ili\u015fki oldu\u011funu d\u00fc\u015f\u00fcnd\u00fcr\u00fcr.  \u00c7\u00fcnk\u00fc her karar bir tercihtir.  Ve her tercih, otantiklikle s\u0131nan\u0131r.<\/p>\n","protected":false},"excerpt":{"rendered":"<p>Bir k\u00fclt\u00fcr varl\u0131\u011f\u0131 korunurken, ger\u00e7ekte ne korunur? Malzeme mi, bi\u00e7im mi, yoksa anlam m\u0131? Her \u015eeyin Ba\u015f\u0131: Otantiklik, k\u00fclt\u00fcrel miras ve sanat alan\u0131nda en \u00e7ok ba\u015fvurulan<span class=\"excerpt-hellip\"> [\u2026]<\/span><\/p>\n","protected":false},"featured_media":0,"template":"","meta":{"_monsterinsights_skip_tracking":false,"_monsterinsights_sitenote_active":false,"_monsterinsights_sitenote_note":"","_monsterinsights_sitenote_category":0},"product_brand":[],"product_cat":[12573,12566],"product_tag":[],"class_list":{"0":"post-784205","1":"product","2":"type-product","3":"status-publish","5":"product_cat-akademik-kitaplar","6":"product_cat-egitim","7":"pa_cilt-ciltsiz","8":"pa_tur-kitap","9":"pa_yayinevi-soncag-akademik-kitaplar","10":"pa_yazar-ugur-genc","12":"first","13":"instock","14":"sale","15":"shipping-taxable","16":"purchasable","17":"product-type-simple"},"_links":{"self":[{"href":"https:\/\/roveyayinevi.com.tr\/index.php\/wp-json\/wp\/v2\/product\/784205","targetHints":{"allow":["GET"]}}],"collection":[{"href":"https:\/\/roveyayinevi.com.tr\/index.php\/wp-json\/wp\/v2\/product"}],"about":[{"href":"https:\/\/roveyayinevi.com.tr\/index.php\/wp-json\/wp\/v2\/types\/product"}],"wp:attachment":[{"href":"https:\/\/roveyayinevi.com.tr\/index.php\/wp-json\/wp\/v2\/media?parent=784205"}],"wp:term":[{"taxonomy":"product_brand","embeddable":true,"href":"https:\/\/roveyayinevi.com.tr\/index.php\/wp-json\/wp\/v2\/product_brand?post=784205"},{"taxonomy":"product_cat","embeddable":true,"href":"https:\/\/roveyayinevi.com.tr\/index.php\/wp-json\/wp\/v2\/product_cat?post=784205"},{"taxonomy":"product_tag","embeddable":true,"href":"https:\/\/roveyayinevi.com.tr\/index.php\/wp-json\/wp\/v2\/product_tag?post=784205"}],"curies":[{"name":"wp","href":"https:\/\/api.w.org\/{rel}","templated":true}]}}