{"id":784203,"date":"2026-03-04T04:14:41","date_gmt":"2026-03-04T01:14:41","guid":{"rendered":"https:\/\/roveyayinevi.com.tr\/index.php\/urun\/once-cumhuriyet\/"},"modified":"2026-04-15T03:47:40","modified_gmt":"2026-04-15T00:47:40","slug":"once-cumhuriyet","status":"publish","type":"product","link":"https:\/\/roveyayinevi.com.tr\/index.php\/urun\/once-cumhuriyet\/","title":{"rendered":"\u00d6nce Cumhuriyet"},"content":{"rendered":"<p>Cumhuriyet gazetesi kuruldu\u011fu ilk g\u00fcnden bu yana patronsuz, ba\u011f\u0131ms\u0131z ve tarafs\u0131z yay\u0131nc\u0131l\u0131\u011f\u0131 etik ve ilkesel olarak \u00f6z\u00fcmsemi\u015f, T\u00fcrkiye\u2019nin demokratikle\u015fmesi ve ayd\u0131nlanmas\u0131 yolunda de\u011feri tart\u0131\u015f\u0131lmaz yaz\u0131l\u0131 bir medya organ\u0131 olmu\u015ftur. Bu nedenle her d\u00f6nem hedefe konulmu\u015ftur. Darbelerden sans\u00fcre, bask\u0131lardan suikastlara kadar pek \u00e7ok zorlu\u011fu g\u00f6\u011f\u00fcsleyen gazete, bu \u00f6zelli\u011fiyle hem T\u00fcrkiye hem de d\u00fcnya bas\u0131n tarihine damgas\u0131n\u0131 vurmu\u015f ve vurmaya devam etmektedir. \u00d6nce Cumhuriyet kitab\u0131, Ankara Cumhuriyet Okurlar\u0131\u2019n\u0131n g\u00f6n\u00fcll\u00fcl\u00fc\u011f\u00fcyle ve kitaplar\u0131yla gazetecili\u011finden tan\u0131d\u0131\u011f\u0131m\u0131z; ba\u015fta Yunus Nadi Roman \u00d6d\u00fcl\u00fc olmak \u00fczere hem edebiyatta hem de gazetecilikte say\u0131s\u0131z \u00f6d\u00fcl\u00fcn sahibi gazeteci-yazar Adnan Gerger\u2019in eme\u011fiyle yay\u0131mland\u0131. Gerger, aylarca s\u00fcren yo\u011fun bir \u00e7al\u0131\u015fmadan sonra bu kitab\u0131 olu\u015fturdu.D\u00fcnyada bir benzerinin olmad\u0131\u011f\u0131 b\u00f6ylesine okurlar\u0131n belle\u011fini, sesini ve sorumlulu\u011funu belgeleyen bu eser, Cumhuriyet okuru olman\u0131n ayr\u0131cal\u0131\u011f\u0131n\u0131, okurlar\u0131n bireysel \u00e7aba ve \u00f6zverileriyle gazeteye nas\u0131l sahip \u00e7\u0131kt\u0131klar\u0131n\u0131 tarihe not d\u00fc\u015f\u00fcyor. Evet, U\u011fur Mumcu\u2019nun s\u00f6z\u00fcyle: \u201cHer g\u00fcn bir ekmek, bir Cumhuriyet.\u201dSonsuza kadar\u2026<\/p>\n","protected":false},"excerpt":{"rendered":"<p>Cumhuriyet gazetesi kuruldu\u011fu ilk g\u00fcnden bu yana patronsuz, ba\u011f\u0131ms\u0131z ve tarafs\u0131z yay\u0131nc\u0131l\u0131\u011f\u0131 etik ve ilkesel olarak \u00f6z\u00fcmsemi\u015f, T\u00fcrkiye\u2019nin demokratikle\u015fmesi ve ayd\u0131nlanmas\u0131 yolunda de\u011feri tart\u0131\u015f\u0131lmaz yaz\u0131l\u0131 bir<span class=\"excerpt-hellip\"> [\u2026]<\/span><\/p>\n","protected":false},"featured_media":0,"template":"","meta":{"_monsterinsights_skip_tracking":false,"_monsterinsights_sitenote_active":false,"_monsterinsights_sitenote_note":"","_monsterinsights_sitenote_category":0},"product_brand":[],"product_cat":[52477],"product_tag":[],"class_list":{"0":"post-784203","1":"product","2":"type-product","3":"status-publish","5":"product_cat-arastirma","6":"pa_cilt-ciltsiz","7":"pa_tur-kitap","8":"pa_yayinevi-cumhuriyet-kitaplari","9":"pa_yazar-adnan-gerger","11":"first","12":"instock","13":"sale","14":"shipping-taxable","15":"purchasable","16":"product-type-simple"},"_links":{"self":[{"href":"https:\/\/roveyayinevi.com.tr\/index.php\/wp-json\/wp\/v2\/product\/784203","targetHints":{"allow":["GET"]}}],"collection":[{"href":"https:\/\/roveyayinevi.com.tr\/index.php\/wp-json\/wp\/v2\/product"}],"about":[{"href":"https:\/\/roveyayinevi.com.tr\/index.php\/wp-json\/wp\/v2\/types\/product"}],"wp:attachment":[{"href":"https:\/\/roveyayinevi.com.tr\/index.php\/wp-json\/wp\/v2\/media?parent=784203"}],"wp:term":[{"taxonomy":"product_brand","embeddable":true,"href":"https:\/\/roveyayinevi.com.tr\/index.php\/wp-json\/wp\/v2\/product_brand?post=784203"},{"taxonomy":"product_cat","embeddable":true,"href":"https:\/\/roveyayinevi.com.tr\/index.php\/wp-json\/wp\/v2\/product_cat?post=784203"},{"taxonomy":"product_tag","embeddable":true,"href":"https:\/\/roveyayinevi.com.tr\/index.php\/wp-json\/wp\/v2\/product_tag?post=784203"}],"curies":[{"name":"wp","href":"https:\/\/api.w.org\/{rel}","templated":true}]}}