{"id":784201,"date":"2026-03-04T04:14:34","date_gmt":"2026-03-04T01:14:34","guid":{"rendered":"https:\/\/roveyayinevi.com.tr\/index.php\/urun\/dibin-ucu\/"},"modified":"2026-04-08T03:44:35","modified_gmt":"2026-04-08T00:44:35","slug":"dibin-ucu","status":"publish","type":"product","link":"https:\/\/roveyayinevi.com.tr\/index.php\/urun\/dibin-ucu\/","title":{"rendered":"Dibin Ucu"},"content":{"rendered":"<p>\u201c\u2026\u00d6yk\u00fcler, dikkat \u00e7ekici soyutlay\u0131m, d\u00f6n\u00fc\u015ft\u00fcr\u00fcm \u00f6r\u00fcnt\u00fcs\u00fcne dayal\u0131 bir anlat\u0131 d\u00fczeyi getiriyor.      Yer yer 1990 Ku\u015fa\u011f\u0131 \u00f6yk\u00fcc\u00fcl\u00fc\u011f\u00fcnden izler kar\u015f\u0131l\u0131yor bizi, O\u011fuz Atay metin yap\u0131s\u0131ndan an\u0131\u015ft\u0131rmalar da buluyoruz hatta, ba\u015fka bir dinginlikte.      Ciddi dil i\u015f\u00e7ili\u011fi sergilendi\u011fini eklemeliyim bunlar\u0131n yan\u0131na. \u00c2deta \u015fiirle kar\u0131l\u0131 bir dil, \u015fairanelik benzeri acemilik yok, dile d\u00f6n\u00fck \u00f6ylesine yo\u011fun emekle \u00e7al\u0131\u015f\u0131lm\u0131\u015f, \u00f6yk\u00fcler de k\u00fclt yap\u0131lar halinde sayfalara oturmu\u015f.      B\u00fcy\u00fck g\u00fc\u00e7l\u00fckler i\u00e7inde bunlar\u0131 verimledi\u011fini \u00f6\u011frendi\u011fimiz Metin, geli\u015fkin soyutlay\u0131mlar, parlak \u00f6yk\u00fclemler e\u015fli\u011finde yo\u011furdu\u011fu anlat\u0131 d\u00fczeniyle, \u00f6yk\u00fclerine d\u00f6n\u00fck dikkatimizi alabildi\u011fine yo\u011funla\u015ft\u0131r\u0131yor\u2026\u201d  (M. Sad\u0131k Aslankara, Cumhuriyet Kitap, Temmuz 2025)        \u201c\u2026Metin Turan, \u2018i\u00e7eri\u2019den yazan biri ama yine de t\u00fcm \u00f6yk\u00fclerini \u2018d\u0131\u015far\u0131da\u2019 farkl\u0131 bi\u00e7imde k\u0131st\u0131r\u0131lm\u0131\u015f ve istemedikleri hayatlar\u0131 ya\u015famak zorunda b\u0131rak\u0131lm\u0131\u015f umutlu, direngen ve ya\u015famlar\u0131na bildikleri, \u00f6\u011frendikleri bi\u00e7imde devam etmek isteyenlerin d\u00fcnyalar\u0131ndan kotarm\u0131\u015f\u2026\u201d (Tacim \u00c7i\u00e7ek, Evrensel, Haziran 2024)        Nitelikli \u00f6yk\u00fc kitaplar\u0131na bir yenisini daha ekleyen Metin Turan, Kimse\u2019ye ithaf etti\u011fi bu eserinde de bizi ger\u00e7ek bir edebiyatla \u00f6yk\u00fclerinin i\u00e7ine kat\u0131yor. Sadece okumayaca\u011f\u0131n\u0131z; ayn\u0131 \u00e2nda g\u00f6r\u00fcp duyaca\u011f\u0131n\u0131z, duyumsayaca\u011f\u0131n\u0131z \u00f6yk\u00fclerle bizi hakikatlerimizle y\u00fczle\u015ftiriyor. \u201cDibin Ucu\u201d, hassas yerlerimize dokunan, tam da bu nedenle sars\u0131c\u0131, bizi yeni anlam aray\u0131\u015flar\u0131na y\u00f6nelten bir kitap.<\/p>\n","protected":false},"excerpt":{"rendered":"<p>\u201c\u2026\u00d6yk\u00fcler, dikkat \u00e7ekici soyutlay\u0131m, d\u00f6n\u00fc\u015ft\u00fcr\u00fcm \u00f6r\u00fcnt\u00fcs\u00fcne dayal\u0131 bir anlat\u0131 d\u00fczeyi getiriyor. Yer yer 1990 Ku\u015fa\u011f\u0131 \u00f6yk\u00fcc\u00fcl\u00fc\u011f\u00fcnden izler kar\u015f\u0131l\u0131yor bizi, O\u011fuz Atay metin yap\u0131s\u0131ndan an\u0131\u015ft\u0131rmalar da buluyoruz<span class=\"excerpt-hellip\"> [\u2026]<\/span><\/p>\n","protected":false},"featured_media":0,"template":"","meta":{"_monsterinsights_skip_tracking":false,"_monsterinsights_sitenote_active":false,"_monsterinsights_sitenote_note":"","_monsterinsights_sitenote_category":0},"product_brand":[],"product_cat":[12291,12711],"product_tag":[],"class_list":{"0":"post-784201","1":"product","2":"type-product","3":"status-publish","5":"product_cat-edebiyat","6":"product_cat-roman-oyku","7":"pa_cilt-ciltsiz","8":"pa_tur-kitap","9":"pa_yayinevi-favori-yayinlari","10":"pa_yazar-metin-turan","12":"first","13":"instock","14":"sale","15":"shipping-taxable","16":"purchasable","17":"product-type-simple"},"_links":{"self":[{"href":"https:\/\/roveyayinevi.com.tr\/index.php\/wp-json\/wp\/v2\/product\/784201","targetHints":{"allow":["GET"]}}],"collection":[{"href":"https:\/\/roveyayinevi.com.tr\/index.php\/wp-json\/wp\/v2\/product"}],"about":[{"href":"https:\/\/roveyayinevi.com.tr\/index.php\/wp-json\/wp\/v2\/types\/product"}],"wp:attachment":[{"href":"https:\/\/roveyayinevi.com.tr\/index.php\/wp-json\/wp\/v2\/media?parent=784201"}],"wp:term":[{"taxonomy":"product_brand","embeddable":true,"href":"https:\/\/roveyayinevi.com.tr\/index.php\/wp-json\/wp\/v2\/product_brand?post=784201"},{"taxonomy":"product_cat","embeddable":true,"href":"https:\/\/roveyayinevi.com.tr\/index.php\/wp-json\/wp\/v2\/product_cat?post=784201"},{"taxonomy":"product_tag","embeddable":true,"href":"https:\/\/roveyayinevi.com.tr\/index.php\/wp-json\/wp\/v2\/product_tag?post=784201"}],"curies":[{"name":"wp","href":"https:\/\/api.w.org\/{rel}","templated":true}]}}